{"id":723,"date":"2015-09-10T00:28:21","date_gmt":"2015-09-10T00:28:21","guid":{"rendered":"http:\/\/192.168.0.55\/gbsjsc\/?post_type=product&#038;p=723"},"modified":"2015-09-10T00:28:36","modified_gmt":"2015-09-10T00:28:36","slug":"thiet-bi-do-suc-cang-cap-khong-tiep-xuc-model-gm12-0rl","status":"publish","type":"product","link":"https:\/\/gbs-jsc.com\/en\/san-pham\/thiet-bi-do-suc-cang-cap-khong-tiep-xuc-model-gm12-0rl\/","title":{"rendered":"Thi\u1ebft b\u1ecb \u0111o s\u1ee9c c\u0103ng c\u00e1p KH\u00d4NG TI\u1ebeP X\u00daC Model GM12-0RL"},"content":{"rendered":"<p>Ph\u01b0\u01a1ng ph\u00e1p \u0111o: Nh\u1eadn bi\u1ebft t\u1ea7n s\u1ed1 rung c\u1ee7a c\u00e1p th\u00f4ng qua ph\u01b0\u01a1ng tr\u00ecnh chu\u1ed7i dao \u0111\u1ed9ng \u0111\u1ec3 t\u00ednh s\u1ee9c c\u0103ng d\u00e2y.<br \/>\n\u0110\u1ed9 ch\u00ednh x\u00e1c c\u1ee7a ph\u00e9p \u0111o kh\u00f4ng ph\u1ee5 thu\u1ed9c v\u00e0o t\u1ea3i.<br \/>\nL\u00e0 ph\u01b0\u01a1ng ph\u00e1p \u0111o \u0111\u00e1ng tin c\u1eady \u0111\u1ec3 d\u1ef1 \u0111o\u00e1n tu\u1ed5i th\u1ecd c\u00f2n l\u1ea1i c\u1ee7a d\u00e2y c\u00e1p.<br \/>\nKh\u00f4ng c\u1ea7n c\u00e0i \u0111\u1eb7t in-line.<br \/>\n\u0110o theo ph\u01b0\u01a1ng ph\u00e1p kh\u00f4ng ti\u1ebfp x\u00fac v\u1eadt l\u00fd, kh\u00f4ng c\u00f3 s\u1ef1 m\u00e0i m\u00f2n c\u1ee7a c\u1ea3m bi\u1ebfn hay c\u00e1p<br \/>\nKh\u00f4ng c\u1ea7n hi\u1ec7u ch\u1ec9nh l\u1ea1i, \u0111\u1ed9 l\u1eb7p l\u1ea1i cao.<br \/>\nKh\u00f4ng c\u00f3 hi\u1ec7n t\u01b0\u1ee3ng tr\u00f4i \u0111i\u1ec3m kh\u00f4ng do nhi\u1ec7t \u0111\u1ed9 ho\u1eb7c th\u1eddi gian.<br \/>\n<a href=\"https:\/\/gbs-jsc.com\/images\/File\/GM12-0RL%20model.pdf\">&gt; Download Catalog<\/a><\/p>\n","protected":false},"excerpt":{"rendered":"<p>Ph\u01b0\u01a1ng ph\u00e1p \u0111o: Nh\u1eadn bi\u1ebft t\u1ea7n s\u1ed1 rung c\u1ee7a c\u00e1p th\u00f4ng qua ph\u01b0\u01a1ng tr\u00ecnh chu\u1ed7i dao \u0111\u1ed9ng \u0111\u1ec3 t\u00ednh s\u1ee9c c\u0103ng d\u00e2y. \u0110\u1ed9 ch\u00ednh x\u00e1c c\u1ee7a ph\u00e9p \u0111o kh\u00f4ng ph\u1ee5 thu\u1ed9c v\u00e0o t\u1ea3i. L\u00e0 ph\u01b0\u01a1ng ph\u00e1p \u0111o \u0111\u00e1ng tin c\u1eady \u0111\u1ec3 d\u1ef1 \u0111o\u00e1n tu\u1ed5i th\u1ecd c\u00f2n l\u1ea1i c\u1ee7a d\u00e2y c\u00e1p. Kh\u00f4ng c\u1ea7n c\u00e0i \u0111\u1eb7t in-line. [&hellip;]<\/p>\n","protected":false},"featured_media":724,"comment_status":"open","ping_status":"closed","template":"","meta":[],"product_brand":[],"product_cat":[398],"product_tag":[],"class_list":{"0":"post-723","1":"product","2":"type-product","3":"status-publish","4":"has-post-thumbnail","6":"product_cat-chua-phan-loai","8":"first","9":"instock","10":"shipping-taxable","11":"product-type-simple"},"_links":{"self":[{"href":"https:\/\/gbs-jsc.com\/en\/wp-json\/wp\/v2\/product\/723","targetHints":{"allow":["GET"]}}],"collection":[{"href":"https:\/\/gbs-jsc.com\/en\/wp-json\/wp\/v2\/product"}],"about":[{"href":"https:\/\/gbs-jsc.com\/en\/wp-json\/wp\/v2\/types\/product"}],"replies":[{"embeddable":true,"href":"https:\/\/gbs-jsc.com\/en\/wp-json\/wp\/v2\/comments?post=723"}],"wp:featuredmedia":[{"embeddable":true,"href":"https:\/\/gbs-jsc.com\/en\/wp-json\/wp\/v2\/media\/724"}],"wp:attachment":[{"href":"https:\/\/gbs-jsc.com\/en\/wp-json\/wp\/v2\/media?parent=723"}],"wp:term":[{"taxonomy":"product_brand","embeddable":true,"href":"https:\/\/gbs-jsc.com\/en\/wp-json\/wp\/v2\/product_brand?post=723"},{"taxonomy":"product_cat","embeddable":true,"href":"https:\/\/gbs-jsc.com\/en\/wp-json\/wp\/v2\/product_cat?post=723"},{"taxonomy":"product_tag","embeddable":true,"href":"https:\/\/gbs-jsc.com\/en\/wp-json\/wp\/v2\/product_tag?post=723"}],"curies":[{"name":"wp","href":"https:\/\/api.w.org\/{rel}","templated":true}]}}