{"id":721,"date":"2015-09-10T00:26:52","date_gmt":"2015-09-10T00:26:52","guid":{"rendered":"http:\/\/192.168.0.55\/gbsjsc\/?post_type=product&#038;p=721"},"modified":"2015-09-10T00:27:11","modified_gmt":"2015-09-10T00:27:11","slug":"thiet-bi-do-suc-cang-cap-khong-tiep-xuc-model-gm12-0c","status":"publish","type":"product","link":"https:\/\/gbs-jsc.com\/en\/san-pham\/thiet-bi-do-suc-cang-cap-khong-tiep-xuc-model-gm12-0c\/","title":{"rendered":"Thi\u1ebft b\u1ecb \u0111o s\u1ee9c c\u0103ng c\u00e1p KH\u00d4NG TI\u1ebeP X\u00daC Model GM12-0C"},"content":{"rendered":"<p><strong>S\u1ef1 kh\u00e1c\u00a0bi\u1ec7t v\u1edbi c\u00e1c ph\u01b0\u01a1ng ph\u00e1p kh\u00e1c:<\/strong><\/p>\n<ul>\n<li>C\u00f4ng ngh\u1ec7 \u0111\u1ed9c \u0111\u00e1o d\u1ef1a v\u00e0o vi\u1ec7c c\u1ea3m nh\u1eadn \u0111\u1ed9 rung c\u1ee7a c\u00e1p, \u0111\u1ed3ng th\u1eddi lo\u1ea1i b\u1ecf s\u1ef1 dao \u0111\u1ed9ng c\u01a1 kh\u00ed t\u1eeb b\u00ean ngo\u00e0i.<\/li>\n<li>S\u1ee9c c\u0103ng d\u00e2y c\u00e1p c\u1ee7a tr\u1ee5c c\u1ea9u t\u1ea3i s\u1ebd \u0111\u01b0\u1ee3c t\u00ednh to\u00e1n b\u1eb1ng c\u00e1ch \u00e1p d\u1ee5ng \u201cph\u01b0\u01a1ng tr\u00ecnh chu\u1ed7i dao \u0111\u1ed9ng\u201d.<\/li>\n<li>K\u1ebft qu\u1ea3 kh\u00f4ng b\u1ecb tr\u1ec5 hay tr\u00f4i \u0111i\u1ec3m kh\u00f4ng.<\/li>\n<li>S\u1eed d\u1ee5ng c\u1ea3m bi\u1ebfn nh\u01b0ng l\u00e0 lo\u1ea1i kh\u00f4ng ti\u1ebfp x\u00fac n\u00ean kh\u00f4ng g\u00e2y l\u1ed7i ph\u00e9p \u0111o.<br \/>\n<a href=\"https:\/\/gbs-jsc.com\/images\/File\/GM12-0C%20model.pdf\">&gt;Download Catalog<\/a><\/li>\n<\/ul>\n","protected":false},"excerpt":{"rendered":"<p>S\u1ef1 kh\u00e1c\u00a0bi\u1ec7t v\u1edbi c\u00e1c ph\u01b0\u01a1ng ph\u00e1p kh\u00e1c: C\u00f4ng ngh\u1ec7 \u0111\u1ed9c \u0111\u00e1o d\u1ef1a v\u00e0o vi\u1ec7c c\u1ea3m nh\u1eadn \u0111\u1ed9 rung c\u1ee7a c\u00e1p, \u0111\u1ed3ng th\u1eddi lo\u1ea1i b\u1ecf s\u1ef1 dao \u0111\u1ed9ng c\u01a1 kh\u00ed t\u1eeb b\u00ean ngo\u00e0i. S\u1ee9c c\u0103ng d\u00e2y c\u00e1p c\u1ee7a tr\u1ee5c c\u1ea9u t\u1ea3i s\u1ebd \u0111\u01b0\u1ee3c t\u00ednh to\u00e1n b\u1eb1ng c\u00e1ch \u00e1p d\u1ee5ng \u201cph\u01b0\u01a1ng tr\u00ecnh chu\u1ed7i dao \u0111\u1ed9ng\u201d. K\u1ebft qu\u1ea3 [&hellip;]<\/p>\n","protected":false},"featured_media":0,"comment_status":"open","ping_status":"closed","template":"","meta":[],"product_brand":[],"product_cat":[398],"product_tag":[],"class_list":{"0":"post-721","1":"product","2":"type-product","3":"status-publish","5":"product_cat-chua-phan-loai","7":"first","8":"instock","9":"shipping-taxable","10":"product-type-simple"},"_links":{"self":[{"href":"https:\/\/gbs-jsc.com\/en\/wp-json\/wp\/v2\/product\/721","targetHints":{"allow":["GET"]}}],"collection":[{"href":"https:\/\/gbs-jsc.com\/en\/wp-json\/wp\/v2\/product"}],"about":[{"href":"https:\/\/gbs-jsc.com\/en\/wp-json\/wp\/v2\/types\/product"}],"replies":[{"embeddable":true,"href":"https:\/\/gbs-jsc.com\/en\/wp-json\/wp\/v2\/comments?post=721"}],"wp:attachment":[{"href":"https:\/\/gbs-jsc.com\/en\/wp-json\/wp\/v2\/media?parent=721"}],"wp:term":[{"taxonomy":"product_brand","embeddable":true,"href":"https:\/\/gbs-jsc.com\/en\/wp-json\/wp\/v2\/product_brand?post=721"},{"taxonomy":"product_cat","embeddable":true,"href":"https:\/\/gbs-jsc.com\/en\/wp-json\/wp\/v2\/product_cat?post=721"},{"taxonomy":"product_tag","embeddable":true,"href":"https:\/\/gbs-jsc.com\/en\/wp-json\/wp\/v2\/product_tag?post=721"}],"curies":[{"name":"wp","href":"https:\/\/api.w.org\/{rel}","templated":true}]}}