{"id":718,"date":"2015-09-10T00:23:47","date_gmt":"2015-09-10T00:23:47","guid":{"rendered":"http:\/\/192.168.0.55\/gbsjsc\/?post_type=product&#038;p=718"},"modified":"2015-09-10T00:23:47","modified_gmt":"2015-09-10T00:23:47","slug":"thiet-bi-do-suc-cang-cap-khong-tiep-xuc-model-gms12-0m","status":"publish","type":"product","link":"https:\/\/gbs-jsc.com\/en\/san-pham\/thiet-bi-do-suc-cang-cap-khong-tiep-xuc-model-gms12-0m\/","title":{"rendered":"Thi\u1ebft b\u1ecb \u0111o s\u1ee9c c\u0103ng c\u00e1p KH\u00d4NG TI\u1ebeP X\u00daC Model GMS12-0M"},"content":{"rendered":"<p>GMS12-0M: \u0110o s\u1ee9c c\u0103ng theo ph\u01b0\u01a1ng ph\u00e1p kh\u00f4ng ti\u1ebfp x\u00fac<br \/>\nB\u1ed9 c\u1ea3m bi\u1ebfn k\u00edch th\u00edch \u0111i\u1ec7n t\u1eeb s\u1ebd t\u1ea1o ra v\u00e0 duy tr\u00ec \u0111\u1ed9 rung c\u1ee7a c\u00e1p, t\u1ea7n s\u1ed1 rung c\u1ee7a d\u00e2y c\u00e1p \u0111\u01b0\u1ee3c \u0111o, t\u00ednh to\u00e1n \u00a0theo ph\u01b0\u01a1ng tr\u00ecnh chu\u1ed7i rung v\u00e0 \u0111\u01b0a ra gi\u00e1 tr\u1ecb s\u1ee9c c\u0103ng \u1edf \u0111\u1ea7u ra d\u01b0\u1edbi d\u1ea1ng t\u01b0\u01a1ng t\u1ef1 ho\u1eb7c s\u1ed1.<br \/>\n<a href=\"https:\/\/gbs-jsc.com\/images\/File\/GMS12-0M%20model.pdf\">&gt;Download Catalog<\/a><\/p>\n","protected":false},"excerpt":{"rendered":"<p>GMS12-0M: \u0110o s\u1ee9c c\u0103ng theo ph\u01b0\u01a1ng ph\u00e1p kh\u00f4ng ti\u1ebfp x\u00fac B\u1ed9 c\u1ea3m bi\u1ebfn k\u00edch th\u00edch \u0111i\u1ec7n t\u1eeb s\u1ebd t\u1ea1o ra v\u00e0 duy tr\u00ec \u0111\u1ed9 rung c\u1ee7a c\u00e1p, t\u1ea7n s\u1ed1 rung c\u1ee7a d\u00e2y c\u00e1p \u0111\u01b0\u1ee3c \u0111o, t\u00ednh to\u00e1n \u00a0theo ph\u01b0\u01a1ng tr\u00ecnh chu\u1ed7i rung v\u00e0 \u0111\u01b0a ra gi\u00e1 tr\u1ecb s\u1ee9c c\u0103ng \u1edf \u0111\u1ea7u ra d\u01b0\u1edbi d\u1ea1ng t\u01b0\u01a1ng [&hellip;]<\/p>\n","protected":false},"featured_media":0,"comment_status":"open","ping_status":"closed","template":"","meta":[],"product_brand":[],"product_cat":[398],"product_tag":[],"class_list":{"0":"post-718","1":"product","2":"type-product","3":"status-publish","5":"product_cat-chua-phan-loai","7":"first","8":"instock","9":"shipping-taxable","10":"product-type-simple"},"_links":{"self":[{"href":"https:\/\/gbs-jsc.com\/en\/wp-json\/wp\/v2\/product\/718","targetHints":{"allow":["GET"]}}],"collection":[{"href":"https:\/\/gbs-jsc.com\/en\/wp-json\/wp\/v2\/product"}],"about":[{"href":"https:\/\/gbs-jsc.com\/en\/wp-json\/wp\/v2\/types\/product"}],"replies":[{"embeddable":true,"href":"https:\/\/gbs-jsc.com\/en\/wp-json\/wp\/v2\/comments?post=718"}],"wp:attachment":[{"href":"https:\/\/gbs-jsc.com\/en\/wp-json\/wp\/v2\/media?parent=718"}],"wp:term":[{"taxonomy":"product_brand","embeddable":true,"href":"https:\/\/gbs-jsc.com\/en\/wp-json\/wp\/v2\/product_brand?post=718"},{"taxonomy":"product_cat","embeddable":true,"href":"https:\/\/gbs-jsc.com\/en\/wp-json\/wp\/v2\/product_cat?post=718"},{"taxonomy":"product_tag","embeddable":true,"href":"https:\/\/gbs-jsc.com\/en\/wp-json\/wp\/v2\/product_tag?post=718"}],"curies":[{"name":"wp","href":"https:\/\/api.w.org\/{rel}","templated":true}]}}