{"id":5258,"date":"2026-05-08T11:51:14","date_gmt":"2026-05-08T04:51:14","guid":{"rendered":"https:\/\/gbs-jsc.com\/?post_type=product&#038;p=5258"},"modified":"2026-05-08T11:56:23","modified_gmt":"2026-05-08T04:56:23","slug":"dong-ho-nuoc-thong-minh","status":"publish","type":"product","link":"https:\/\/gbs-jsc.com\/en\/product\/dong-ho-nuoc-thong-minh","title":{"rendered":"\u0110\u1ed3ng h\u1ed3 n\u01b0\u1edbc th\u00f4ng minh"},"content":{"rendered":"<p><span class=\"fontstyle0\">Thi\u1ebft b\u1ecb ghi ch\u1ec9 s\u1ed1 \u0111\u1ed3ng h\u1ed3 n\u01b0\u1edbc (<\/span><span class=\"fontstyle2\">GSWM) <\/span><span class=\"fontstyle0\">l\u00e0 s\u1ea3n ph\u1ea9m ti\u00eau th\u1ee5 \u00edt n\u0103ng l\u01b0\u1ee3ng, \u0111\u01b0\u1ee3c thi\u1ebft k\u1ebf d\u1ef1a tr\u00ean<br \/>\nc\u00f4ng ngh\u1ec7 <\/span><span class=\"fontstyle2\">4G (LTE)\/ NB-IoT <\/span><span class=\"fontstyle0\">v\u1edbi nhi\u1ec7m v\u1ee5 \u0111o l\u01b0\u1eddng, gi\u1ea3i m\u00e3 c\u00e1c th\u00f4ng tin t\u1eeb c\u00e1c \u0111\u1ed3ng h\u1ed3 n\u01b0\u1edbc v\u00e0<br \/>\ntruy\u1ec1n t\u1ea3i l\u00ean h\u1ec7 th\u1ed1ng qu\u1ea3n l\u00fd, gi\u00fap cho vi\u1ec7c theo d\u00f5i l\u01b0\u1ee3ng n\u01b0\u1edbc ti\u00eau th\u1ee5 \u0111\u01b0\u1ee3c c\u1eadp nh\u1eadt ch\u00ednh<br \/>\nx\u00e1c, k\u1ecbp th\u1eddi.<\/span><\/p>\n<p><span class=\"fontstyle0\">Thi\u1ebft b\u1ecb \u0111\u01b0\u1ee3c t\u00edch h\u1ee3p t\u1eeb c\u00e1c c\u00e1c th\u00e0nh ph\u1ea7n ch\u00ednh nh\u01b0: Module c\u1ea3m bi\u1ebfn v\u00e0 x\u1eed l\u00fd s\u1ed1 li\u1ec7u, module<br \/>\nthu ph\u00e1t s\u00f3ng k\u1ebft n\u1ed1i v\u1edbi h\u1ec7 th\u1ed1ng qu\u1ea3n l\u00fd thi\u1ebft b\u1ecb qua giao th\u1ee9c <\/span><span class=\"fontstyle2\">4G (LTE)\/ NB-IoT<\/span><span class=\"fontstyle0\">, module c\u01a1 kh\u00ed<br \/>\nph\u1ed1i gh\u00e9p v\u1edbi \u0111\u1ed3ng h\u1ed3 n\u01b0\u1edbc v\u00e0 ph\u1ea7n m\u1ec1m nh\u00fang.<br \/>\nH\u1ec7 th\u1ed1ng ph\u1ea7n m\u1ec1m qu\u1ea3n l\u00fd thi\u1ebft b\u1ecb <\/span><span class=\"fontstyle2\">GSWM <\/span><span class=\"fontstyle0\">trao \u0111\u1ed5i d\u1eef li\u1ec7u v\u1edbi h\u1ec7 th\u1ed1ng qu\u1ea3n l\u00fd kh\u00e1ch h\u00e0ng v\u00e0<br \/>\nt\u00ednh c\u01b0\u1edbc c\u1ee7a c\u00f4ng ty c\u1ea5p n\u01b0\u1edbc qua API.<br \/>\nChi ti\u1ebft v\u1ec1 h\u1ec7 th\u1ed1ng ph\u1ea7n m\u1ec1m <\/span><span class=\"fontstyle2\">GSWM <\/span><span class=\"fontstyle0\">m\u00f4 t\u1ea3 trong t\u00e0i li\u1ec7u \u0111\u00ednh k\u00e8m.<\/span><\/p>","protected":false},"excerpt":{"rendered":"<p>Thi\u1ebft b\u1ecb ghi ch\u1ec9 s\u1ed1 \u0111\u1ed3ng h\u1ed3 n\u01b0\u1edbc (GSWM) l\u00e0 s\u1ea3n ph\u1ea9m ti\u00eau th\u1ee5 \u00edt n\u0103ng l\u01b0\u1ee3ng, \u0111\u01b0\u1ee3c thi\u1ebft k\u1ebf [&hellip;]<\/p>\n","protected":false},"featured_media":5259,"comment_status":"open","ping_status":"closed","template":"","meta":{"_acf_changed":false,"_uag_custom_page_level_css":"","site-sidebar-layout":"default","site-content-layout":"","ast-site-content-layout":"default","site-content-style":"default","site-sidebar-style":"default","ast-global-header-display":"","ast-banner-title-visibility":"","ast-main-header-display":"","ast-hfb-above-header-display":"","ast-hfb-below-header-display":"","ast-hfb-mobile-header-display":"","site-post-title":"","ast-breadcrumbs-content":"","ast-featured-img":"","footer-sml-layout":"","ast-disable-related-posts":"","theme-transparent-header-meta":"","adv-header-id-meta":"","stick-header-meta":"","header-above-stick-meta":"","header-main-stick-meta":"","header-below-stick-meta":"","astra-migrate-meta-layouts":"default","ast-page-background-enabled":"default","ast-page-background-meta":{"desktop":{"background-color":"var(--ast-global-color-4)","background-image":"","background-repeat":"repeat","background-position":"center center","background-size":"auto","background-attachment":"scroll","background-type":"","background-media":"","overlay-type":"","overlay-color":"","overlay-opacity":"","overlay-gradient":""},"tablet":{"background-color":"","background-image":"","background-repeat":"repeat","background-position":"center center","background-size":"auto","background-attachment":"scroll","background-type":"","background-media":"","overlay-type":"","overlay-color":"","overlay-opacity":"","overlay-gradient":""},"mobile":{"background-color":"","background-image":"","background-repeat":"repeat","background-position":"center center","background-size":"auto","background-attachment":"scroll","background-type":"","background-media":"","overlay-type":"","overlay-color":"","overlay-opacity":"","overlay-gradient":""}},"ast-content-background-meta":{"desktop":{"background-color":"var(--ast-global-color-5)","background-image":"","background-repeat":"repeat","background-position":"center center","background-size":"auto","background-attachment":"scroll","background-type":"","background-media":"","overlay-type":"","overlay-color":"","overlay-opacity":"","overlay-gradient":""},"tablet":{"background-color":"var(--ast-global-color-5)","background-image":"","background-repeat":"repeat","background-position":"center center","background-size":"auto","background-attachment":"scroll","background-type":"","background-media":"","overlay-type":"","overlay-color":"","overlay-opacity":"","overlay-gradient":""},"mobile":{"background-color":"var(--ast-global-color-5)","background-image":"","background-repeat":"repeat","background-position":"center center","background-size":"auto","background-attachment":"scroll","background-type":"","background-media":"","overlay-type":"","overlay-color":"","overlay-opacity":"","overlay-gradient":""}}},"product_brand":[],"product_cat":[107],"product_tag":[],"class_list":{"0":"post-5258","1":"product","2":"type-product","3":"status-publish","4":"has-post-thumbnail","6":"product_cat-water-meter-cntt-vien-thong","7":"desktop-align-left","8":"tablet-align-left","9":"mobile-align-left","11":"first","12":"instock","13":"featured","14":"shipping-taxable","15":"product-type-simple"},"acf":[],"uagb_featured_image_src":{"full":["https:\/\/gbs-jsc.com\/wp-content\/uploads\/2026\/05\/DH-nuoc-1.jpg",1053,591,false],"thumbnail":["https:\/\/gbs-jsc.com\/wp-content\/uploads\/2026\/05\/DH-nuoc-1-150x150.jpg",150,150,true],"medium":["https:\/\/gbs-jsc.com\/wp-content\/uploads\/2026\/05\/DH-nuoc-1-300x168.jpg",300,168,true],"medium_large":["https:\/\/gbs-jsc.com\/wp-content\/uploads\/2026\/05\/DH-nuoc-1-768x431.jpg",768,431,true],"large":["https:\/\/gbs-jsc.com\/wp-content\/uploads\/2026\/05\/DH-nuoc-1-1024x575.jpg",1024,575,true],"1536x1536":["https:\/\/gbs-jsc.com\/wp-content\/uploads\/2026\/05\/DH-nuoc-1.jpg",1053,591,false],"2048x2048":["https:\/\/gbs-jsc.com\/wp-content\/uploads\/2026\/05\/DH-nuoc-1.jpg",1053,591,false],"trp-custom-language-flag":["https:\/\/gbs-jsc.com\/wp-content\/uploads\/2026\/05\/DH-nuoc-1-18x10.jpg",18,10,true],"woocommerce_thumbnail":["https:\/\/gbs-jsc.com\/wp-content\/uploads\/2026\/05\/DH-nuoc-1-300x300.jpg",300,300,true],"woocommerce_single":["https:\/\/gbs-jsc.com\/wp-content\/uploads\/2026\/05\/DH-nuoc-1-600x337.jpg",600,337,true],"woocommerce_gallery_thumbnail":["https:\/\/gbs-jsc.com\/wp-content\/uploads\/2026\/05\/DH-nuoc-1-100x100.jpg",100,100,true]},"uagb_author_info":{"display_name":"admin","author_link":"https:\/\/gbs-jsc.com\/en\/author"},"uagb_comment_info":0,"uagb_excerpt":"Thi\u1ebft b\u1ecb ghi ch\u1ec9 s\u1ed1 \u0111\u1ed3ng h\u1ed3 n\u01b0\u1edbc (GSWM) l\u00e0 s\u1ea3n ph\u1ea9m ti\u00eau th\u1ee5 \u00edt n\u0103ng l\u01b0\u1ee3ng, \u0111\u01b0\u1ee3c thi\u1ebft k\u1ebf [&hellip;]","_links":{"self":[{"href":"https:\/\/gbs-jsc.com\/en\/wp-json\/wp\/v2\/product\/5258","targetHints":{"allow":["GET"]}}],"collection":[{"href":"https:\/\/gbs-jsc.com\/en\/wp-json\/wp\/v2\/product"}],"about":[{"href":"https:\/\/gbs-jsc.com\/en\/wp-json\/wp\/v2\/types\/product"}],"replies":[{"embeddable":true,"href":"https:\/\/gbs-jsc.com\/en\/wp-json\/wp\/v2\/comments?post=5258"}],"wp:featuredmedia":[{"embeddable":true,"href":"https:\/\/gbs-jsc.com\/en\/wp-json\/wp\/v2\/media\/5259"}],"wp:attachment":[{"href":"https:\/\/gbs-jsc.com\/en\/wp-json\/wp\/v2\/media?parent=5258"}],"wp:term":[{"taxonomy":"product_brand","embeddable":true,"href":"https:\/\/gbs-jsc.com\/en\/wp-json\/wp\/v2\/product_brand?post=5258"},{"taxonomy":"product_cat","embeddable":true,"href":"https:\/\/gbs-jsc.com\/en\/wp-json\/wp\/v2\/product_cat?post=5258"},{"taxonomy":"product_tag","embeddable":true,"href":"https:\/\/gbs-jsc.com\/en\/wp-json\/wp\/v2\/product_tag?post=5258"}],"curies":[{"name":"wp","href":"https:\/\/api.w.org\/{rel}","templated":true}]}}