{"id":1500,"date":"2026-03-30T13:41:45","date_gmt":"2026-03-30T06:41:45","guid":{"rendered":"http:\/\/dev.gbs-jsc.com\/?post_type=product&#038;p=1500"},"modified":"2026-03-30T13:42:35","modified_gmt":"2026-03-30T06:42:35","slug":"viman-hinh-ghep-um46n-eenum46n-e","status":"publish","type":"product","link":"https:\/\/gbs-jsc.com\/en\/product\/viman-hinh-ghep-um46n-eenum46n-e","title":{"rendered":"M\u00e0n h\u00ecnh gh\u00e9p (UM46N-E)"},"content":{"rendered":"<section class=\"g-box summary-product renewal-summary-product\">\n<div class=\"inbox renewal-summary-product-inbox\">\n<div class=\"g-summary renewal-g-summary\">\n<div class=\"g-title renewal-g-title\">\n<h1 class=\"\"><span class=\"g-title-inner\">UM46N-E<\/span><\/h1>\n<p class=\"copy\">Advanced video wall displays featuring deeper visual impact and thinner bezel width of 1.7mm<\/p>\n<\/div>\n<div class=\"renewal-pro-explain-wrap\">\n<ul class=\"pro-explain renewal-pro-explain\">\n<li>Extremely narrow bezel (1.7mm) for a virtually seamless, life-like viewing experience<\/li>\n<li>Superb color accuracy and brightness uniformity thanks to precise calibration and panel technology<\/li>\n<li>Daisy Chain through use of DisplayPort (DP) 1.2 or HDMI port, eliminating the need for graphic cards<\/li>\n<li>Highly reliable displays designed for 24\/7 operation, with simple, easy-to-use special wall mount<\/li>\n<\/ul>\n<\/div>\n<div class=\"renewal-link-page\">\n<div class=\"link-page link-led-config\"><a href=\"https:\/\/displaysolutions.samsung.com\/support\/tools\/videowall-configurator?seq=1397\"><span class=\"pc\">VIDEOWALL CONFIGURATOR<\/span><\/a><\/div>\n<\/div>\n<div class=\"btnarea renewal-btnarea\">\n<div class=\"buy-btn-area\">\n<div class=\"renewal-pic-wrap\"><a class=\"newBtn white whiteBg\">INQUIRY TO BUY<\/a><\/div>\n<\/div>\n<div class=\"save-btn-area\"><a id=\"_save_btn\" class=\"btnSave\" href=\"https:\/\/displaysolutions.samsung.com\/digital-signage\/detail\/1397\/UM46N-E#\">SAVE TO MYPAGE<\/a><\/div>\n<\/div>\n<div class=\"share-btnarea\"><em>Share<\/em><\/div>\n<\/div>\n<\/div>\n<\/section>\n<div class=\"nav-scrollspy grayType prodNavi scrollspy-typeC \" data-sticky=\"true\" data-type=\"tab\">\n<div id=\"scrollspy\" class=\"in-scrollspy scrollspy-tab show-inquery-btn\">\n<div class=\"inbox\">\n<div class=\"scrollspy-title\">\n<h3 data-realname=\"UM46N-E\">UM46N-E<\/h3>\n<\/div>\n<nav class=\"menu\">\n<ul>\n<li class=\"\"><a href=\"https:\/\/displaysolutions.samsung.com\/digital-signage\/detail\/1397\/UM46N-E#features\"><strong>FEATURES<\/strong><\/a><\/li>\n<li class=\"is-active\"><a href=\"https:\/\/displaysolutions.samsung.com\/digital-signage\/detail\/1397\/UM46N-E#specs\"><strong>SPECS<\/strong><\/a><\/li>\n<li class=\"\"><a href=\"https:\/\/displaysolutions.samsung.com\/digital-signage\/detail\/1397\/UM46N-E#resources\"><strong>RESOURCES<\/strong><\/a><\/li>\n<li><a href=\"https:\/\/displaysolutions.samsung.com\/digital-signage\/detail\/1397\/UM46N-E#accessories\"><strong>ACCESSORIES<\/strong><\/a><\/li>\n<\/ul>\n<div class=\"scrollspy-active is-active\"><\/div>\n<\/nav>\n<div class=\"add-opt\">\n<div class=\"add-opt-inner\"><a class=\"g-btn-l-inquiry\">INQUIRY TO BUY<\/a><\/div>\n<\/div>\n<div class=\"add-share\"><\/div>\n<\/div>\n<\/div>\n<\/div>\n<div class=\"configuBn renewal-prod-option\">\n<div class=\"inbox\">\n<div class=\"configuBnBox\">\n<p>Discover our Videowall Configurator.<\/p>\n<p>Samsung Configurator is a simulation tool that enables you to virtually install Samsung\u2019s Videowall display and precisely determine your needs and desired result in advance.<\/p>\n<div><a href=\"https:\/\/displaysolutions.samsung.com\/support\/tools\/videowall-configurator?seq=1397\">GET STARTED<\/a><\/div>\n<\/div>\n<\/div>\n<\/div>\n<section id=\"features\" class=\"g-box products-feature\" data-productnm=\"UM46N-E\" data-tooluseyn=\"Y\">\n<div class=\"inbox feature-white\">\n<div class=\"g-h-box\">\n<h2 class=\"h-page\">Features<\/h2>\n<\/div>\n<div class=\"featureWrap\">\n<section class=\"featureCon wide new-feature-font type02\">\n<h3 class=\"tit\">Deliver deeper visual impact<\/h3>\n<div class=\"content\">\n<div class=\"txt\">Samsung\u2019s narrow bezel video wall features bezel\u2013to-bezel width of 1.7mm that minimizes the visual distraction of video walls to elicit impacting imagery of products. The display produces a near-seamless picture across multiple screens without interruption, captivating and impressing customers.<\/div>\n<div class=\"img\"><img decoding=\"async\" src=\"https:\/\/displaysolutions.samsung.com\/static\/images\/feature\/ss\/UHN-E_UMN-E_01.jpg\" alt=\"\" \/><\/div>\n<\/div>\n<\/section>\n<section class=\"featureCon wide new-feature-font type02\">\n<h3 class=\"tit\">Amplify image clarity in any environment<\/h3>\n<div class=\"content\">\n<div class=\"txt\">Combined with a non-glare panel, the extreme narrow bezel video wall display is designed to help businesses create memorable content presentation even under ambient light. This panel evenly distributes light throughout the screen, eliminating glare while maintaining content vibrancy and accuracy.<\/div>\n<div class=\"img\"><img decoding=\"async\" src=\"https:\/\/displaysolutions.samsung.com\/static\/images\/feature\/ss\/UHN-E_UMN-E_02.jpg\" alt=\"\" \/><\/div>\n<\/div>\n<\/section>\n<section class=\"featureCon wide new-feature-font type02\">\n<h3 class=\"tit\">Extend content presentation capabilities<\/h3>\n<div class=\"content\">\n<div class=\"txt\">Samsung&#8217;s video wall offers a powerful UHD viewing experience with minimal effort or additional equipment. As the first in the industry to have up to 5&#215;5 wall configuration based on the use of DisplayPort 1.2 and HDMI ports, the display can project UHD content across multiple screens simultaneously.<\/div>\n<div class=\"img\"><img decoding=\"async\" src=\"https:\/\/displaysolutions.samsung.com\/static\/images\/feature\/ss\/UHN-E_UMN-E_03.jpg\" alt=\"\" \/><\/div>\n<\/div>\n<\/section>\n<section class=\"featureCon wide new-feature-font type02\">\n<h3 class=\"tit\">Share accurate and uniform content<\/h3>\n<div class=\"content\">\n<div class=\"txt\">Samsung\u2019s multi-step factory calibration process tunes video walls to uniform brightness and color throughout multiple displays. In addition to rigorous factory calibration, users can also manage brightness and color uniformity with Samsung&#8217;s Color Expert Pro, a powerful free software program.<\/div>\n<div class=\"img\"><img decoding=\"async\" src=\"https:\/\/displaysolutions.samsung.com\/static\/images\/feature\/ss\/UHN-E_UMN-E_04.jpg\" alt=\"\" \/><\/div>\n<\/div>\n<\/section>\n<section class=\"featureCon wide new-feature-font type02\">\n<h3 class=\"tit\">Cost saving mobile calibration with ease<\/h3>\n<div class=\"content\">\n<div class=\"txt\">Samsung\u2019s Color Expert Pro Mobile solution provides a quick and easy video wall calibration through a mobile camera. With the solution\u2019s intuitive UI, even non-expert users can adjust up to 5&#215;5 video wall\u2019s white balance simultaneously without the need for additional equipment.<\/div>\n<div class=\"img\"><img decoding=\"async\" src=\"https:\/\/displaysolutions.samsung.com\/static\/images\/feature\/ss\/UHN-E_UMN-E_05.jpg\" alt=\"\" \/><\/div>\n<div class=\"txt\">\n<p>* Some of the models may require the use of additional PC and Color Expert Pro software to calibrate the screens.<\/p>\n<\/div>\n<\/div>\n<\/section>\n<section class=\"featureCon wide new-feature-font type02\">\n<h3 class=\"tit\">Enjoy continuous, long-term performance<\/h3>\n<div class=\"content\">\n<div class=\"txt\">Samsung\u2019s extreme narrow bezel video walls are engineered for long-term performance, eliminating maintenance expenses for users. The display features durable panels that offset backlight discrepancies while simultaneously protecting the display against heat and dust exposure.<\/div>\n<div class=\"img\"><img decoding=\"async\" src=\"https:\/\/displaysolutions.samsung.com\/static\/images\/feature\/ss\/UHN-E_UMN-E_06.jpg\" alt=\"\" \/><\/div>\n<\/div>\n<\/section>\n<section class=\"featureCon wide new-feature-font type02\">\n<h3 class=\"tit\">Reliable content delivery for business<\/h3>\n<div class=\"content\">\n<div class=\"txt\">Designed to maintain performance in various indoor environment conditions, Samsung&#8217;s video wall produces an engaging viewing experience with the elevated contrast ratios and brightness. With continuous 24\/7 operations, the display enables vivid and reliable content delivery for every business need.<\/div>\n<div class=\"img\"><img decoding=\"async\" src=\"https:\/\/displaysolutions.samsung.com\/static\/images\/feature\/ss\/UHN-E_UMN-E_07.jpg\" alt=\"\" \/><\/div>\n<\/div>\n<\/section>\n<section class=\"featureCon wide new-feature-font type02\">\n<h3 class=\"tit\">All-in-one box with versatile usability<\/h3>\n<div class=\"content\">\n<div class=\"txt\">Backed by a Quad Core CPU, Signage Player Box allows for multi-source switching and a media player to coexist in a single box. Leveraging the embedded Samsung SMART Signage Platform, the box transforms video walls for faster information processing and easy content management with MagicINFO solution.<\/div>\n<div class=\"img\"><img decoding=\"async\" src=\"https:\/\/displaysolutions.samsung.com\/static\/images\/feature\/ss\/UHN-E_UMN-E_08.jpg\" alt=\"\" \/><\/div>\n<\/div>\n<\/section>\n<section class=\"featureCon wide new-feature-font type02\">\n<h3 class=\"tit\">Highly configurable wall mounts<\/h3>\n<div class=\"content\">\n<div class=\"txt\">The user-friendly special wall mounts ensure easy installation of video walls through minimal steps. Sized to the dimensions of the video wall, the wall mount allows users to install the mount first and fit into the video wall, eliminating tedious efforts to measure and adjust the wall mount size.<\/div>\n<div class=\"img\"><img decoding=\"async\" src=\"https:\/\/displaysolutions.samsung.com\/static\/images\/feature\/ss\/UHN-E_UMN-E_09.jpg\" alt=\"\" \/><\/div>\n<\/div>\n<\/section>\n<\/div>\n<\/div>\n<\/section>\n<section id=\"specs\" class=\"g-box products-specs\" data-nm=\"\">\n<div class=\"inbox\">\n<div class=\"g-h-box\">\n<h2 class=\"h-page\">Specs<\/h2>\n<div class=\"btnarea\"><a class=\"g-btn-down1 _mobileDownBlock\" href=\"https:\/\/displaysolutions.samsung.com\/digital-signage\/excel\/1397\/UM46N-E\">Excel Download<\/a><\/div>\n<\/div>\n<div class=\"g-spec-panel\">\n<h4>Panel<\/h4>\n<div class=\"box-spec\">\n<ul class=\"g-list-spec\">\n<li>Diagonal Size:\u00a0<i>46&#8243;<\/i><\/li>\n<li>Type:\u00a0<i>D-LED DID<\/i><\/li>\n<li>Resolution:\u00a0<i>1920*1080 (Full HD)<\/i><\/li>\n<li>Pixel Pitch(mm):\u00a0<i>0.53025mm(H) * 0.53025mm(V)<\/i><\/li>\n<li>Active Display Area(mm):\u00a0<i>1018.08mm * 572.67mm<\/i><\/li>\n<li>Brightness(Typ.):\u00a0<i>500 nit<\/i><\/li>\n<li>Contrast Ratio:\u00a0<i>4000:1<\/i><\/li>\n<li>Viewing Angle(H\/V):\u00a0<i>178\/178<\/i><\/li>\n<li>Response Time(G-to-G):\u00a0<i>8ms<\/i><\/li>\n<li>Display Colors:\u00a0<i>8 bit &#8211; 16.7M<\/i><\/li>\n<li>Color Gamut:\u00a0<i>72%<\/i><\/li>\n<li>Operation Hour:\u00a0<i>24\/7<\/i><\/li>\n<li>Haze:\u00a0<i>25% (Outer Haze 23%)<\/i><\/li>\n<\/ul>\n<\/div>\n<\/div>\n<div class=\"g-spec-display _hidden_spec\">\n<h4>Display<\/h4>\n<div class=\"box-spec\">\n<ul class=\"g-list-spec\">\n<li>Dynamic C\/R:\u00a0<i>MEGA DCR<\/i><\/li>\n<li>H-Scanning Frequency:\u00a0<i>30kHz ~ 81kHz<\/i><\/li>\n<li>V-Scanning Frequency:\u00a0<i>48Hz ~ 75Hz<\/i><\/li>\n<li>Maximum Pixel Frequency:\u00a0<i>148.5MHz<\/i><\/li>\n<\/ul>\n<\/div>\n<\/div>\n<div class=\"g-spec-sound _hidden_spec\">\n<h4>Sound<\/h4>\n<div class=\"box-spec\">\n<ul class=\"g-list-spec\">\n<li>Speaker Type:\u00a0<i>N\/A<\/i><\/li>\n<\/ul>\n<\/div>\n<\/div>\n<div class=\"g-spec-connectivity _hidden_spec\">\n<h4>Connectivity<\/h4>\n<div class=\"box-spec\">\n<h5>Input<\/h5>\n<ul class=\"g-list-spec\">\n<li>RGB:\u00a0<i>Analog D-SUB, DVI-D, Display Port 1.2<\/i><\/li>\n<li>Video:\u00a0<i>HDMI 2.0 (2)<\/i><\/li>\n<li>HDCP:\u00a0<i>HDCP 2.2<\/i><\/li>\n<li>Audio:\u00a0<i>Stereo mini Jack<\/i><\/li>\n<li>USB:\u00a0<i>Only F\/W upgrade<\/i><\/li>\n<\/ul>\n<h5>Output<\/h5>\n<ul class=\"g-list-spec\">\n<li>RGB:\u00a0<i>DP1.2(Loop-out)<\/i><\/li>\n<li>Audio:\u00a0<i>Stereo mini Jack<\/i><\/li>\n<\/ul>\n<ul class=\"g-list-spec\">\n<li>External Control:\u00a0<i>RS232C(in\/out), RJ45<\/i><\/li>\n<li>External Sensor:\u00a0<i>Detachable type(IR, Ambient)<\/i><\/li>\n<\/ul>\n<\/div>\n<\/div>\n<div class=\"g-spec-power _hidden_spec\">\n<h4>Power<\/h4>\n<div class=\"box-spec\">\n<ul class=\"g-list-spec\">\n<li>Type:\u00a0<i>Internal<\/i><\/li>\n<li>Power Supply:\u00a0<i>AC 100 &#8211; 240 V~ (+\/- 10 %), 50\/60 Hz<\/i><\/li>\n<\/ul>\n<h5>Power Consumption<\/h5>\n<ul class=\"g-list-spec\">\n<li>Max[W\/h]:\u00a0<i>143<\/i><\/li>\n<li>Typical[W\/h]:\u00a0<i>79<\/i><\/li>\n<li>BTU(Max):\u00a0<i>488<\/i><\/li>\n<li>Sleep mode:\u00a0<i>less than 0.5W<\/i><\/li>\n<li>Off mode:\u00a0<i>less than 0.5W<\/i><\/li>\n<\/ul>\n<\/div>\n<\/div>\n<div class=\"g-spec-mechanical _hidden_spec\">\n<h4>Mechanical Specification<\/h4>\n<div class=\"box-spec\">\n<h5>Dimension (mm)<\/h5>\n<ul class=\"g-list-spec\">\n<li>Set:\u00a0<i>1020.0 x 574.6 x 96.3<\/i><\/li>\n<li>Package:\u00a0<i>1153 x 719 x 295<\/i><\/li>\n<\/ul>\n<h5>Weight (kg)<\/h5>\n<ul class=\"g-list-spec\">\n<li>Set:\u00a0<i>15.7kg<\/i><\/li>\n<li>Package:\u00a0<i>21.6kg<\/i><\/li>\n<\/ul>\n<ul class=\"g-list-spec\">\n<li>VESA Mount (mm):\u00a0<i>600 * 400 (mm)<\/i><\/li>\n<li>Protection Glass:\u00a0<i>N\/A<\/i><\/li>\n<li>Stand Type:\u00a0<i>N\/A<\/i><\/li>\n<li>Media Player Option Type:\u00a0<i>N\/A<\/i><\/li>\n<li>Bezel Width (mm):\u00a0<i>1.15mm(U\/L), 0.55mm(R\/B)<\/i><\/li>\n<\/ul>\n<\/div>\n<\/div>\n<div class=\"g-spec-operation _hidden_spec\">\n<h4>Operation<\/h4>\n<div class=\"box-spec\">\n<ul class=\"g-list-spec\">\n<li>Operating Temperature:\u00a0<i>0 \u00a0\u2103\u00a0\u00a0~\u00a0\u00a0 40 \u00a0\u00a0\u2103<\/i><\/li>\n<li>Humidity:\u00a0<i>10 \u00a0%\u00a0\u00a0~\u00a0\u00a0 80 \u00a0\u00a0%<\/i><\/li>\n<\/ul>\n<\/div>\n<div class=\"g-spec-feature _hidden_spec\">\n<h4>Feature<\/h4>\n<div class=\"box-spec\">\n<ul class=\"g-list-spec\">\n<li class=\"wide\">Key Features:\u00a0<i>Extreme Narrow Bezel<\/i><\/li>\n<\/ul>\n<ul class=\"g-list-spec\">\n<li class=\"wide\">Special Features:\u00a0<i>ACM Support(Advanced Color Management), Auto Source Switching &amp; Recovery, Haze 25%, Temperature Sensor, RS232C\/RJ45 MDC,Plug and Play (DDC2B), Video Wall(15&#215;15(OSD)), Video Wall Daisy Chain(10&#215;10), Pivot Display, Image Rotation, Button Lock, DP 1.2 Digital Daisy Chain(Supporting UHD Resolution, HDCP support), Smart F\/W update, Clock Battery(80hrs Clock Keeping)<\/i><\/li>\n<\/ul>\n<h5>Internal Player<\/h5>\n<ul class=\"g-list-spec noline\">\n<li>Processor:\u00a0<i>N\/A<\/i><\/li>\n<li>On-Chip Cache Memory:\u00a0<i>N\/A<\/i><\/li>\n<li>Clock Speed:\u00a0<i>N\/A<\/i><\/li>\n<li>Main Memory Interface:\u00a0<i>N\/A<\/i><\/li>\n<\/ul>\n<ul class=\"g-list-spec\">\n<li>Graphics:\u00a0<i>N\/A<\/i><\/li>\n<li>Storage (FDM):<i>N\/A<\/i><\/li>\n<li>Multimedia:<i>N\/A<\/i><\/li>\n<li>IO Ports:\u00a0<i>N\/A<\/i><\/li>\n<\/ul>\n<ul class=\"g-list-spec\">\n<li>Operating System:\u00a0<i>N\/A<\/i><\/li>\n<\/ul>\n<\/div>\n<\/div>\n<div class=\"g-spec-certification _hidden_spec\">\n<h4>Certification<\/h4>\n<div class=\"box-spec\">\n<ul class=\"g-list-spec\">\n<li class=\"wide\">Safety:\u00a0<i>UL (USA) : UL 60950-1 CSA (Canada) : CSA C22.2 No. 60950-1 TUV (Germany) : EN60950-1 NEMKO (Norway) : EN60950-1 KC (Korea) : K60950-1 CCC (China) : GB4943.1-2011 PSB (Singapore) : IEC60950-1 GOST (Russia) : IEC60950-1, EN55022 SIQ (Slovenia) : IEC60950-1, EN55022 PCBC (Poland) : IEC60590-1, EN55022 NOM (Mexico) : NOM-019-SCFI-1993 IRAM (Argentina) :IEC60950-1 SASO (Saudi Arabia) : IEC60950-1<\/i><\/li>\n<li class=\"wide\">EMC:\u00a0<i>FCC (USA) FCC Part 15, Subpart B class A CE (Europe) EN55022, EN55024 VCCI (Japan) V-3 (CISPR22) KCC (Korea) :KN22, KN24 BSMI (Taiwan) : CNS13438 (CISPR22) C-Tick (Australia) : AS\/NZS3548 (CISPR22) CCC(China) :GB9254-2008, GB17625.1-2012<\/i><\/li>\n<\/ul>\n<\/div>\n<\/div>\n<div class=\"g-spec-certification _hidden_spec\">\n<h4>Accessory<\/h4>\n<div class=\"box-spec\">\n<ul class=\"g-list-spec\">\n<li class=\"wide\">Included:\u00a0<i>Quick Setup Guide, Warranty Card, DP cable, stereo to DB9 cable, Power Cord, Remote Controller, Batteries<\/i><\/li>\n<\/ul>\n<h5>Optional<\/h5>\n<ul class=\"g-list-spec\">\n<li>Stand:\u00a0<i>N\/A<\/i><\/li>\n<li>Mount:\u00a0<i>WMN-46VD<\/i><\/li>\n<li>Specialty:\u00a0<i>N\/A<\/i><\/li>\n<\/ul>\n<\/div>\n<\/div>\n<div class=\"g-spec-certification _hidden_spec\">\n<h4>Media Player<\/h4>\n<div class=\"box-spec\">\n<h5>Media Player<\/h5>\n<ul class=\"g-list-spec\">\n<li>Media Player:\u00a0<i>SBB(Slide In), Signage player box<\/i><\/li>\n<\/ul>\n<\/div>\n<\/div>\n<\/div>\n<\/div>\n<\/section>\n","protected":false},"excerpt":{"rendered":"<p>UM46N-E Advanced video wall displays featuring deeper visual impact and thinner bezel width of 1.7mm Extremely narrow bezel (1.7mm) for [&hellip;]<\/p>\n","protected":false},"featured_media":0,"comment_status":"open","ping_status":"closed","template":"","meta":{"_acf_changed":false,"_uag_custom_page_level_css":"","site-sidebar-layout":"default","site-content-layout":"","ast-site-content-layout":"default","site-content-style":"default","site-sidebar-style":"default","ast-global-header-display":"","ast-banner-title-visibility":"","ast-main-header-display":"","ast-hfb-above-header-display":"","ast-hfb-below-header-display":"","ast-hfb-mobile-header-display":"","site-post-title":"","ast-breadcrumbs-content":"","ast-featured-img":"","footer-sml-layout":"","ast-disable-related-posts":"","theme-transparent-header-meta":"","adv-header-id-meta":"","stick-header-meta":"","header-above-stick-meta":"","header-main-stick-meta":"","header-below-stick-meta":"","astra-migrate-meta-layouts":"default","ast-page-background-enabled":"default","ast-page-background-meta":{"desktop":{"background-color":"var(--ast-global-color-4)","background-image":"","background-repeat":"repeat","background-position":"center center","background-size":"auto","background-attachment":"scroll","background-type":"","background-media":"","overlay-type":"","overlay-color":"","overlay-opacity":"","overlay-gradient":""},"tablet":{"background-color":"","background-image":"","background-repeat":"repeat","background-position":"center center","background-size":"auto","background-attachment":"scroll","background-type":"","background-media":"","overlay-type":"","overlay-color":"","overlay-opacity":"","overlay-gradient":""},"mobile":{"background-color":"","background-image":"","background-repeat":"repeat","background-position":"center center","background-size":"auto","background-attachment":"scroll","background-type":"","background-media":"","overlay-type":"","overlay-color":"","overlay-opacity":"","overlay-gradient":""}},"ast-content-background-meta":{"desktop":{"background-color":"var(--ast-global-color-5)","background-image":"","background-repeat":"repeat","background-position":"center center","background-size":"auto","background-attachment":"scroll","background-type":"","background-media":"","overlay-type":"","overlay-color":"","overlay-opacity":"","overlay-gradient":""},"tablet":{"background-color":"var(--ast-global-color-5)","background-image":"","background-repeat":"repeat","background-position":"center center","background-size":"auto","background-attachment":"scroll","background-type":"","background-media":"","overlay-type":"","overlay-color":"","overlay-opacity":"","overlay-gradient":""},"mobile":{"background-color":"var(--ast-global-color-5)","background-image":"","background-repeat":"repeat","background-position":"center center","background-size":"auto","background-attachment":"scroll","background-type":"","background-media":"","overlay-type":"","overlay-color":"","overlay-opacity":"","overlay-gradient":""}}},"product_brand":[],"product_cat":[78],"product_tag":[],"class_list":{"0":"post-1500","1":"product","2":"type-product","3":"status-publish","5":"product_cat-man-hinh-ghep-samsung","6":"desktop-align-left","7":"tablet-align-left","8":"mobile-align-left","10":"first","11":"instock","12":"shipping-taxable","13":"product-type-simple"},"acf":[],"uagb_featured_image_src":{"full":false,"thumbnail":false,"medium":false,"medium_large":false,"large":false,"1536x1536":false,"2048x2048":false,"trp-custom-language-flag":false,"woocommerce_thumbnail":false,"woocommerce_single":false,"woocommerce_gallery_thumbnail":false},"uagb_author_info":{"display_name":"admin","author_link":"https:\/\/gbs-jsc.com\/en\/author"},"uagb_comment_info":0,"uagb_excerpt":"UM46N-E Advanced video wall displays featuring deeper visual impact and thinner bezel width of 1.7mm Extremely narrow bezel (1.7mm) for [&hellip;]","_links":{"self":[{"href":"https:\/\/gbs-jsc.com\/en\/wp-json\/wp\/v2\/product\/1500","targetHints":{"allow":["GET"]}}],"collection":[{"href":"https:\/\/gbs-jsc.com\/en\/wp-json\/wp\/v2\/product"}],"about":[{"href":"https:\/\/gbs-jsc.com\/en\/wp-json\/wp\/v2\/types\/product"}],"replies":[{"embeddable":true,"href":"https:\/\/gbs-jsc.com\/en\/wp-json\/wp\/v2\/comments?post=1500"}],"wp:attachment":[{"href":"https:\/\/gbs-jsc.com\/en\/wp-json\/wp\/v2\/media?parent=1500"}],"wp:term":[{"taxonomy":"product_brand","embeddable":true,"href":"https:\/\/gbs-jsc.com\/en\/wp-json\/wp\/v2\/product_brand?post=1500"},{"taxonomy":"product_cat","embeddable":true,"href":"https:\/\/gbs-jsc.com\/en\/wp-json\/wp\/v2\/product_cat?post=1500"},{"taxonomy":"product_tag","embeddable":true,"href":"https:\/\/gbs-jsc.com\/en\/wp-json\/wp\/v2\/product_tag?post=1500"}],"curies":[{"name":"wp","href":"https:\/\/api.w.org\/{rel}","templated":true}]}}