{"id":1489,"date":"2026-03-30T13:41:08","date_gmt":"2026-03-30T06:41:08","guid":{"rendered":"http:\/\/dev.gbs-jsc.com\/?post_type=product&#038;p=1489"},"modified":"2026-03-30T13:42:23","modified_gmt":"2026-03-30T06:42:23","slug":"vitu-len-men-toi-den-gfc-2515","status":"publish","type":"product","link":"https:\/\/gbs-jsc.com\/en\/product\/vitu-len-men-toi-den-gfc-2515","title":{"rendered":"T\u1ee7 l\u00ean men t\u1ecfi \u0111en GFC-2515"},"content":{"rendered":"<p><strong>\u01afU\u00a0\u0110I\u1ec2M V\u01af\u1ee2T TR\u1ed8I<\/strong><\/p>\n<p>-T\u1ee7 l\u00ean men t\u1ecfi \u0111en t\u1ef1 nhi\u00ean, t\u1ef1 \u0111\u1ed9ng \u0111i\u1ec1u khi\u1ec3n \u1ed5n \u0111\u1ecbnh nhi\u1ec7t \u0111\u1ed9 v\u00e0 \u0111\u1ed9 \u1ea9m c\u1ee7a qu\u00e1 tr\u00ecnh l\u00ean men\u00a0theo chu tr\u00ecnh \u0111\u1eb7t tr\u01b0\u1edbc.<br \/>\n-Cho ph\u00e9p \u0111\u1eb7t c\u00e1c th\u00f4ng s\u1ed1 nhi\u1ec7t \u0111\u1ed9, \u0111\u1ed9 \u1ea9m v\u00e0 th\u1eddi gian c\u1ee7a chu tr\u00ecnh ph\u00f9 h\u1ee3p v\u1edbi c\u00e1c lo\u1ea1i t\u1ecfi.<br \/>\n-Gi\u00e1m s\u00e1t nhi\u1ec7t \u0111\u1ed9, \u0111\u1ed9 \u1ea9m, l\u1ed7i c\u1ea3m bi\u1ebfn, m\u1ee9c n\u01b0\u1edbc th\u00f4ng qua m\u00e0n h\u00ecnh LED v\u00e0 c\u00f2i c\u1ea3nh b\u00e1o.<br \/>\n-Cho ph\u00e9p gi\u00e1m s\u00e1t v\u00e0 c\u1ea3nh b\u00e1o t\u1eeb xa th\u00f4ng qua tin nh\u1eafn SMS khi t\u00edch h\u1ee3p th\u00eam GMS Modem.<br \/>\n-L\u01b0u gi\u00e1 tr\u1ecb thi\u1ebft l\u1eadp ngay c\u1ea3 khi m\u1ea5t \u0111i\u1ec7n, t\u1ef1 \u0111\u1ed9ng ti\u1ebfp t\u1ee5c chu tr\u00ecnh l\u00ean men khi c\u00f3 \u0111i\u1ec7n tr\u1edf l\u1ea1i.<br \/>\n-T\u1ee7 \u0111\u01b0\u1ee3c thi\u1ebft k\u1ebf 2 l\u1edbp b\u1eb1ng Inox 304, c\u00e1ch nhi\u1ec7t b\u1eb1ng b\u1ecdt Polyurethane \u0111\u1ea3m b\u1ea3o ti\u1ebft ki\u1ec7m \u0111i\u1ec7n\u00a0n\u0103ng ti\u00eau th\u1ee5.<\/p>\n<p><strong>Th\u00f4ng s\u1ed1 k\u1ef9 thu\u1eadt<\/strong><\/p>\n<table border=\"1\" width=\"400\" cellspacing=\"0\" cellpadding=\"0\">\n<tbody>\n<tr>\n<td valign=\"top\" width=\"200\">K\u00edch th\u01b0\u1edbc ngo\u00e0i (CxRxS)<\/td>\n<td valign=\"top\" width=\"200\">X\u1ea5p x\u1ec9<br \/>\n1600x700x600 mm<\/td>\n<\/tr>\n<tr>\n<td valign=\"top\" width=\"200\">Th\u1ec3 t\u00edch khoang l\u00ean<br \/>\nmen<\/td>\n<td valign=\"top\" width=\"200\">250 L\u00edt<\/td>\n<\/tr>\n<tr>\n<td valign=\"top\" width=\"200\">S\u1ed1 khay<\/td>\n<td valign=\"top\" width=\"200\">15 khay 40&#215;60 cm<\/td>\n<\/tr>\n<tr>\n<td valign=\"top\" width=\"200\">V\u1eadt li\u1ec7u<\/td>\n<td valign=\"top\" width=\"200\">2 l\u1edbp Inox 304, c\u00e1ch<br \/>\nnhi\u1ec7t b\u1eb1ng b\u1ecdt PU<\/td>\n<\/tr>\n<tr>\n<td valign=\"top\" width=\"200\">C\u00f4ng su\u1ea5t l\u00ean men<\/td>\n<td valign=\"top\" width=\"200\">Max. 75 kg t\u1ecfi t\u01b0\u01a1i<\/td>\n<\/tr>\n<tr>\n<td valign=\"top\" width=\"200\">Ngu\u1ed3n \u0111i\u1ec7n<\/td>\n<td valign=\"top\" width=\"200\">220\u00b120 Vac \/ 50Hz<\/td>\n<\/tr>\n<tr>\n<td valign=\"top\" width=\"200\">C\u00f4ng su\u1ea5t gia nhi\u1ec7t<\/td>\n<td valign=\"top\" width=\"200\">2 x 1kW<\/td>\n<\/tr>\n<tr>\n<td valign=\"top\" width=\"200\">\u0110i\u1ec7n n\u0103ng ti\u00eau th\u1ee5<\/td>\n<td valign=\"top\" width=\"200\">X\u1ea5p x\u1ec9 3.5 kW\/ng\u00e0y<\/td>\n<\/tr>\n<\/tbody>\n<tbody>\n<tr>\n<td valign=\"top\" width=\"200\">\u0110\u1ed1i l\u01b0u kh\u00f4ng kh\u00ed<\/td>\n<td valign=\"top\" width=\"200\">S\u1eed d\u1ee5ng qu\u1ea1t gi\u00f3<\/td>\n<\/tr>\n<tr>\n<td valign=\"top\" width=\"200\">\u0110i\u1ec1u khi\u1ec3n<\/td>\n<td valign=\"top\" width=\"200\">T\u1ef1 \u0111\u1ed9ng theo chu tr\u00ecnh<br \/>\n\u0111\u1eb7t tr\u01b0\u1edbc<\/td>\n<\/tr>\n<tr>\n<td valign=\"top\" width=\"200\">Hi\u1ec3n th\u1ecb<\/td>\n<td valign=\"top\" width=\"200\">M\u00e0n h\u00ecnh LED hi\u1ec3n th\u1ecb<br \/>\nnhi\u1ec7t \u0111\u1ed9, \u0111\u1ed9 \u1ea9m, th\u1eddi<br \/>\ngian l\u00ean men<\/td>\n<\/tr>\n<tr>\n<td valign=\"top\" width=\"200\">Gi\u00e1m s\u00e1t t\u1eeb xa<\/td>\n<td valign=\"top\" width=\"200\">T\u00edch h\u1ee3p GSM Modem<\/td>\n<\/tr>\n<tr>\n<td valign=\"top\" width=\"200\">C\u1ea3nh b\u00e1o<\/td>\n<td valign=\"top\" width=\"200\">C\u1ea3nh b\u00e1o qu\u00e1 nhi\u1ec7t,<br \/>\nl\u1ed7i c\u1ea3m bi\u1ebfn, h\u1ebft n\u01b0\u1edbc.<\/td>\n<\/tr>\n<\/tbody>\n<\/table>","protected":false},"excerpt":{"rendered":"<p>\u01afU\u00a0\u0110I\u1ec2M V\u01af\u1ee2T TR\u1ed8I -T\u1ee7 l\u00ean men t\u1ecfi \u0111en t\u1ef1 nhi\u00ean, t\u1ef1 \u0111\u1ed9ng \u0111i\u1ec1u khi\u1ec3n \u1ed5n \u0111\u1ecbnh nhi\u1ec7t \u0111\u1ed9 v\u00e0 \u0111\u1ed9 [&hellip;]<\/p>\n","protected":false},"featured_media":1509,"comment_status":"open","ping_status":"closed","template":"","meta":{"_acf_changed":false,"_uag_custom_page_level_css":"","site-sidebar-layout":"default","site-content-layout":"","ast-site-content-layout":"default","site-content-style":"default","site-sidebar-style":"default","ast-global-header-display":"","ast-banner-title-visibility":"","ast-main-header-display":"","ast-hfb-above-header-display":"","ast-hfb-below-header-display":"","ast-hfb-mobile-header-display":"","site-post-title":"","ast-breadcrumbs-content":"","ast-featured-img":"","footer-sml-layout":"","ast-disable-related-posts":"","theme-transparent-header-meta":"","adv-header-id-meta":"","stick-header-meta":"","header-above-stick-meta":"","header-main-stick-meta":"","header-below-stick-meta":"","astra-migrate-meta-layouts":"default","ast-page-background-enabled":"default","ast-page-background-meta":{"desktop":{"background-color":"var(--ast-global-color-4)","background-image":"","background-repeat":"repeat","background-position":"center center","background-size":"auto","background-attachment":"scroll","background-type":"","background-media":"","overlay-type":"","overlay-color":"","overlay-opacity":"","overlay-gradient":""},"tablet":{"background-color":"","background-image":"","background-repeat":"repeat","background-position":"center center","background-size":"auto","background-attachment":"scroll","background-type":"","background-media":"","overlay-type":"","overlay-color":"","overlay-opacity":"","overlay-gradient":""},"mobile":{"background-color":"","background-image":"","background-repeat":"repeat","background-position":"center center","background-size":"auto","background-attachment":"scroll","background-type":"","background-media":"","overlay-type":"","overlay-color":"","overlay-opacity":"","overlay-gradient":""}},"ast-content-background-meta":{"desktop":{"background-color":"var(--ast-global-color-5)","background-image":"","background-repeat":"repeat","background-position":"center center","background-size":"auto","background-attachment":"scroll","background-type":"","background-media":"","overlay-type":"","overlay-color":"","overlay-opacity":"","overlay-gradient":""},"tablet":{"background-color":"var(--ast-global-color-5)","background-image":"","background-repeat":"repeat","background-position":"center center","background-size":"auto","background-attachment":"scroll","background-type":"","background-media":"","overlay-type":"","overlay-color":"","overlay-opacity":"","overlay-gradient":""},"mobile":{"background-color":"var(--ast-global-color-5)","background-image":"","background-repeat":"repeat","background-position":"center center","background-size":"auto","background-attachment":"scroll","background-type":"","background-media":"","overlay-type":"","overlay-color":"","overlay-opacity":"","overlay-gradient":""}}},"product_brand":[],"product_cat":[70],"product_tag":[],"class_list":{"0":"post-1489","1":"product","2":"type-product","3":"status-publish","4":"has-post-thumbnail","6":"product_cat-san-pham-iot","7":"desktop-align-left","8":"tablet-align-left","9":"mobile-align-left","11":"first","12":"instock","13":"shipping-taxable","14":"product-type-simple"},"acf":[],"uagb_featured_image_src":{"full":["https:\/\/gbs-jsc.com\/wp-content\/uploads\/2026\/03\/Toi-den-01.jpg",250,250,false],"thumbnail":["https:\/\/gbs-jsc.com\/wp-content\/uploads\/2026\/03\/Toi-den-01-150x150.jpg",150,150,true],"medium":["https:\/\/gbs-jsc.com\/wp-content\/uploads\/2026\/03\/Toi-den-01.jpg",250,250,false],"medium_large":["https:\/\/gbs-jsc.com\/wp-content\/uploads\/2026\/03\/Toi-den-01.jpg",250,250,false],"large":["https:\/\/gbs-jsc.com\/wp-content\/uploads\/2026\/03\/Toi-den-01.jpg",250,250,false],"1536x1536":["https:\/\/gbs-jsc.com\/wp-content\/uploads\/2026\/03\/Toi-den-01.jpg",250,250,false],"2048x2048":["https:\/\/gbs-jsc.com\/wp-content\/uploads\/2026\/03\/Toi-den-01.jpg",250,250,false],"trp-custom-language-flag":["https:\/\/gbs-jsc.com\/wp-content\/uploads\/2026\/03\/Toi-den-01.jpg",12,12,false],"woocommerce_thumbnail":["https:\/\/gbs-jsc.com\/wp-content\/uploads\/2026\/03\/Toi-den-01.jpg",250,250,false],"woocommerce_single":["https:\/\/gbs-jsc.com\/wp-content\/uploads\/2026\/03\/Toi-den-01.jpg",250,250,false],"woocommerce_gallery_thumbnail":["https:\/\/gbs-jsc.com\/wp-content\/uploads\/2026\/03\/Toi-den-01-100x100.jpg",100,100,true]},"uagb_author_info":{"display_name":"admin","author_link":"https:\/\/gbs-jsc.com\/en\/author"},"uagb_comment_info":0,"uagb_excerpt":"\u01afU\u00a0\u0110I\u1ec2M V\u01af\u1ee2T TR\u1ed8I -T\u1ee7 l\u00ean men t\u1ecfi \u0111en t\u1ef1 nhi\u00ean, t\u1ef1 \u0111\u1ed9ng \u0111i\u1ec1u khi\u1ec3n \u1ed5n \u0111\u1ecbnh nhi\u1ec7t \u0111\u1ed9 v\u00e0 \u0111\u1ed9 [&hellip;]","_links":{"self":[{"href":"https:\/\/gbs-jsc.com\/en\/wp-json\/wp\/v2\/product\/1489","targetHints":{"allow":["GET"]}}],"collection":[{"href":"https:\/\/gbs-jsc.com\/en\/wp-json\/wp\/v2\/product"}],"about":[{"href":"https:\/\/gbs-jsc.com\/en\/wp-json\/wp\/v2\/types\/product"}],"replies":[{"embeddable":true,"href":"https:\/\/gbs-jsc.com\/en\/wp-json\/wp\/v2\/comments?post=1489"}],"wp:featuredmedia":[{"embeddable":true,"href":"https:\/\/gbs-jsc.com\/en\/wp-json\/wp\/v2\/media\/1509"}],"wp:attachment":[{"href":"https:\/\/gbs-jsc.com\/en\/wp-json\/wp\/v2\/media?parent=1489"}],"wp:term":[{"taxonomy":"product_brand","embeddable":true,"href":"https:\/\/gbs-jsc.com\/en\/wp-json\/wp\/v2\/product_brand?post=1489"},{"taxonomy":"product_cat","embeddable":true,"href":"https:\/\/gbs-jsc.com\/en\/wp-json\/wp\/v2\/product_cat?post=1489"},{"taxonomy":"product_tag","embeddable":true,"href":"https:\/\/gbs-jsc.com\/en\/wp-json\/wp\/v2\/product_tag?post=1489"}],"curies":[{"name":"wp","href":"https:\/\/api.w.org\/{rel}","templated":true}]}}