{"id":1488,"date":"2026-03-30T13:41:06","date_gmt":"2026-03-30T06:41:06","guid":{"rendered":"http:\/\/dev.gbs-jsc.com\/?post_type=product&#038;p=1488"},"modified":"2026-03-30T13:42:19","modified_gmt":"2026-03-30T06:42:19","slug":"vitu-moi-truongenenvironmental-test-chamber","status":"publish","type":"product","link":"https:\/\/gbs-jsc.com\/en\/product\/vitu-moi-truongenenvironmental-test-chamber","title":{"rendered":"T\u1ee7 m\u00f4i tr\u01b0\u1eddng"},"content":{"rendered":"<ol>\n<li><strong>Th\u00f4ng s\u1ed1 k\u1ef9 thu\u1eadt<\/strong><\/li>\n<\/ol>\n<table width=\"587\">\n<tbody>\n<tr>\n<td width=\"272\">\u00b7\u00a0\u00a0\u00a0\u00a0\u00a0\u00a0\u00a0\u00a0 Th\u1ec3 t\u00edch bu\u1ed3ng:<\/td>\n<td width=\"316\">365 L\u00edt<\/td>\n<\/tr>\n<tr>\n<td width=\"272\">\u00b7\u00a0\u00a0\u00a0\u00a0\u00a0\u00a0\u00a0\u00a0 Ngu\u1ed3n c\u1ea5p \u0111\u1ea7u v\u00e0o:<\/td>\n<td width=\"316\">1 pha 220 \u00b1 20 Vac \/50Hz<\/td>\n<\/tr>\n<tr>\n<td width=\"272\">\u00b7\u00a0\u00a0\u00a0\u00a0\u00a0\u00a0\u00a0\u00a0 C\u00f4ng su\u1ea5t ti\u00eau th\u1ee5 t\u1ed1i \u0111a:<\/td>\n<td width=\"316\">5 KW<\/td>\n<\/tr>\n<tr>\n<td width=\"272\">\u00b7\u00a0\u00a0\u00a0\u00a0\u00a0\u00a0\u00a0\u00a0 Nhi\u1ec7t \u0111\u1ed9 \u0111\u1eb7t:<\/td>\n<td width=\"316\">15 \u00f7 50<sup>o<\/sup>C<\/td>\n<\/tr>\n<tr>\n<td width=\"272\">\u00b7\u00a0\u00a0\u00a0\u00a0\u00a0\u00a0\u00a0\u00a0 \u0110\u1ed9 \u1ea9m \u0111\u1eb7t:<\/td>\n<td width=\"316\">40 \u00f7 90%RH<\/td>\n<\/tr>\n<tr>\n<td width=\"272\">\u00b7\u00a0\u00a0\u00a0\u00a0\u00a0\u00a0\u00a0\u00a0 Sai s\u1ed1 nhi\u1ec7t \u0111\u1ed9:<\/td>\n<td width=\"316\">\u00b1 1<sup>o<\/sup>C<\/td>\n<\/tr>\n<tr>\n<td width=\"272\">\u00b7\u00a0\u00a0\u00a0\u00a0\u00a0\u00a0\u00a0\u00a0 Sai s\u1ed1 \u0111\u1ed9 \u1ea9m:<\/td>\n<td width=\"316\">\u00b1 5%RH<\/td>\n<\/tr>\n<tr>\n<td width=\"272\">\u00b7\u00a0\u00a0\u00a0\u00a0\u00a0\u00a0\u00a0\u00a0 Th\u1eddi gian \u0111\u1eb7t t\u1ed1i \u0111a:<\/td>\n<td width=\"316\">900 ng\u00e0y<\/td>\n<\/tr>\n<tr>\n<td width=\"272\">\u00b7\u00a0\u00a0\u00a0\u00a0\u00a0\u00a0\u00a0\u00a0 Sai s\u1ed1 th\u1eddi gian:<\/td>\n<td width=\"316\">\u00b1 1%<\/td>\n<\/tr>\n<tr>\n<td width=\"272\">\u00b7\u00a0\u00a0\u00a0\u00a0\u00a0\u00a0\u00a0\u00a0 Gi\u00e1m s\u00e1t nhi\u1ec7t \u0111\u1ed9, \u0111\u1ed9 \u1ea9m:<\/td>\n<td width=\"316\">Li\u00ean t\u1ee5c c\u1eadp nh\u1eadt<\/td>\n<\/tr>\n<tr>\n<td width=\"272\">\u00b7\u00a0\u00a0\u00a0\u00a0\u00a0\u00a0\u00a0\u00a0 Gi\u00e1m s\u00e1t m\u1ee9c n\u01b0\u1edbc:<\/td>\n<td width=\"316\">Gi\u00e1m s\u00e1t li\u00ean t\u1ee5c, c\u1ea3nh b\u00e1o khi h\u1ebft n\u01b0\u1edbc<\/td>\n<\/tr>\n<tr>\n<td width=\"272\">\u00b7\u00a0\u00a0\u00a0\u00a0\u00a0\u00a0\u00a0\u00a0 Nhi\u1ec7t \u0111\u1ed9 m\u00f4i tr\u01b0\u1eddng:<\/td>\n<td width=\"316\">0 \u00f7 50 <sup>o<\/sup>C<\/td>\n<\/tr>\n<tr>\n<td width=\"272\">\u00b7\u00a0\u00a0\u00a0\u00a0\u00a0\u00a0\u00a0\u00a0 \u0110\u1ed9 \u1ea9m m\u00f4i tr\u01b0\u1eddng:<\/td>\n<td width=\"316\">T\u1edbi 90 %RH (Kh\u00f4ng ng\u01b0ng t\u1ee5)<\/td>\n<\/tr>\n<\/tbody>\n<\/table>\n<ol start=\"2\">\n<li><strong>T\u00ednh n\u0103ng<\/strong><\/li>\n<\/ol>\n<ul>\n<li>T\u1ea1o m\u00f4i tr\u01b0\u1eddng theo c\u00e1c th\u00f4ng s\u1ed1 \u0111\u1eb7t tr\u01b0\u1edbc (theo th\u1eddi gian, nhi\u1ec7t \u0111\u1ed9, \u0111\u1ed9 \u1ea9m).<\/li>\n<li>C\u00f3 th\u1ec3 ch\u1ecdn nhi\u1ec1u giai \u0111o\u1ea1n m\u00f4i tr\u01b0\u1eddng kh\u00e1c nhau (t\u1ed1i \u0111a 9 giai \u0111o\u1ea1n).<\/li>\n<li>Hi\u1ec3n th\u1ecb th\u00f4ng s\u1ed1 nhi\u1ec7t \u0111\u1ed9, \u0111\u1ed9 \u1ea9m v\u00e0 th\u1eddi gian b\u1eb1ng m\u00e0n h\u00ecnh LCD 20&#215;4.<\/li>\n<li>Hi\u1ec3n th\u1ecb tr\u1ea1ng th\u00e1i ho\u1ea1t \u0111\u1ed9ng c\u1ee7a t\u1ee7 b\u1eb1ng \u0111\u00e8n b\u00e1o.<\/li>\n<li>C\u1ea3nh b\u00e1o b\u1eb1ng c\u00f2i, hi\u1ec3n th\u1ecb l\u00ean m\u00e0n h\u00ecnh LCD v\u00e0 g\u1eedi tin nh\u1eafn SMS c\u1ea3nh b\u00e1o khi g\u1eb7p s\u1ef1 c\u1ed1 nh\u01b0 l\u1ed7i c\u1ea3m bi\u1ebfn, h\u1ebft n\u01b0\u1edbc,&#8230;<\/li>\n<li>Gi\u00e1m s\u00e1t t\u1eeb xa qua tin nh\u1eafn SMS.<\/li>\n<li>T\u1ef1 \u0111\u1ed9ng ch\u1ea1y ti\u1ebfp khi c\u00f3 \u0111i\u1ec7n tr\u1edf l\u1ea1i trong tr\u01b0\u1eddng h\u1ee3p b\u1ecb m\u1ea5t \u0111i\u1ec7n trong qu\u00e1 tr\u00ecnh t\u1ea1o m\u00f4i tr\u01b0\u1eddng.<\/li>\n<li>C\u00f3 th\u1ec3 t\u00f9y ch\u1ecdn ch\u1ebf \u0111\u1ed9 ch\u1ea1y ti\u1ebft ki\u1ec7m n\u0103ng l\u01b0\u1ee3ng.<\/li>\n<li>Ghi d\u1eef li\u1ec7u ho\u1ea1t \u0111\u1ed9ng v\u00e0o b\u1ed9 nh\u1edb v\u00e0 truy xu\u1ea5t d\u1eef li\u1ec7u \u0111\u00e3 ghi qua c\u1ed5ng RS232.<\/li>\n<\/ul>\n<ol start=\"3\">\n<li><strong>C\u1ea3nh b\u00e1o an to\u00e0n<\/strong><\/li>\n<\/ol>\n<ul>\n<li>Gi\u1eef b\u1ec1 m\u1eb7t b\u1ea3ng \u0111i\u1ec1u khi\u1ec3n kh\u00f4 r\u00e1o, s\u1ea1ch s\u1ebd.<\/li>\n<li>S\u1eed d\u1ee5ng ngu\u1ed3n \u0111i\u1ec7n \u0111\u00e1p \u1ee9ng y\u00eau c\u1ea7u.<\/li>\n<li>N\u1ed1i ti\u1ebfp \u0111\u1ea5t cho v\u1ecf t\u1ee7.<\/li>\n<li>N\u01a1i \u0111\u1eb7t t\u1ee7 c\u1ea7n ph\u1ea3i c\u00f3 m\u00e1i che.<\/li>\n<li>Kh\u00f4ng ch\u1ea1m tay v\u00e0o d\u00e2y \u0111i\u1ec7n, c\u00f4ng t\u1eafc ngu\u1ed3n khi tay \u01b0\u1edbt.<\/li>\n<li>Kh\u00f4ng \u0111\u1eb7t \u0111\u1ed3 v\u1eadt tr\u00ean n\u00f3c t\u1ee7.<\/li>\n<li>Kh\u00f4ng m\u1edf c\u1eeda t\u1ee7 khi \u0111ang trong qu\u00e1 tr\u00ecnh t\u1ea1o m\u00f4i tr\u01b0\u1eddng.<\/li>\n<li>Kh\u00f4ng \u0111\u1ec3 h\u00f3a ch\u1ea5t \u0103n m\u00f2n, h\u00f3a ch\u1ea5t \u0111\u1ed9c h\u1ea1i ti\u1ebfp x\u00fac v\u1edbi t\u1ee7.<\/li>\n<li>Khi l\u00e0m v\u1ec7 sinh t\u1ee7 c\u1ea7n tr\u00e1nh \u0111\u1ec3 n\u01b0\u1edbc b\u1eafn v\u00e0o c\u00e1c b\u1ed9 ph\u1eadn \u0111i\u1ec7n.<\/li>\n<\/ul>","protected":false},"excerpt":{"rendered":"<p>Th\u00f4ng s\u1ed1 k\u1ef9 thu\u1eadt \u00b7\u00a0\u00a0\u00a0\u00a0\u00a0\u00a0\u00a0\u00a0 Th\u1ec3 t\u00edch bu\u1ed3ng: 365 L\u00edt \u00b7\u00a0\u00a0\u00a0\u00a0\u00a0\u00a0\u00a0\u00a0 Ngu\u1ed3n c\u1ea5p \u0111\u1ea7u v\u00e0o: 1 pha 220 \u00b1 20 [&hellip;]<\/p>\n","protected":false},"featured_media":1508,"comment_status":"open","ping_status":"closed","template":"","meta":{"_acf_changed":false,"_uag_custom_page_level_css":"","site-sidebar-layout":"default","site-content-layout":"","ast-site-content-layout":"default","site-content-style":"default","site-sidebar-style":"default","ast-global-header-display":"","ast-banner-title-visibility":"","ast-main-header-display":"","ast-hfb-above-header-display":"","ast-hfb-below-header-display":"","ast-hfb-mobile-header-display":"","site-post-title":"","ast-breadcrumbs-content":"","ast-featured-img":"","footer-sml-layout":"","ast-disable-related-posts":"","theme-transparent-header-meta":"","adv-header-id-meta":"","stick-header-meta":"","header-above-stick-meta":"","header-main-stick-meta":"","header-below-stick-meta":"","astra-migrate-meta-layouts":"default","ast-page-background-enabled":"default","ast-page-background-meta":{"desktop":{"background-color":"var(--ast-global-color-4)","background-image":"","background-repeat":"repeat","background-position":"center center","background-size":"auto","background-attachment":"scroll","background-type":"","background-media":"","overlay-type":"","overlay-color":"","overlay-opacity":"","overlay-gradient":""},"tablet":{"background-color":"","background-image":"","background-repeat":"repeat","background-position":"center center","background-size":"auto","background-attachment":"scroll","background-type":"","background-media":"","overlay-type":"","overlay-color":"","overlay-opacity":"","overlay-gradient":""},"mobile":{"background-color":"","background-image":"","background-repeat":"repeat","background-position":"center center","background-size":"auto","background-attachment":"scroll","background-type":"","background-media":"","overlay-type":"","overlay-color":"","overlay-opacity":"","overlay-gradient":""}},"ast-content-background-meta":{"desktop":{"background-color":"var(--ast-global-color-5)","background-image":"","background-repeat":"repeat","background-position":"center center","background-size":"auto","background-attachment":"scroll","background-type":"","background-media":"","overlay-type":"","overlay-color":"","overlay-opacity":"","overlay-gradient":""},"tablet":{"background-color":"var(--ast-global-color-5)","background-image":"","background-repeat":"repeat","background-position":"center center","background-size":"auto","background-attachment":"scroll","background-type":"","background-media":"","overlay-type":"","overlay-color":"","overlay-opacity":"","overlay-gradient":""},"mobile":{"background-color":"var(--ast-global-color-5)","background-image":"","background-repeat":"repeat","background-position":"center center","background-size":"auto","background-attachment":"scroll","background-type":"","background-media":"","overlay-type":"","overlay-color":"","overlay-opacity":"","overlay-gradient":""}}},"product_brand":[],"product_cat":[70],"product_tag":[],"class_list":{"0":"post-1488","1":"product","2":"type-product","3":"status-publish","4":"has-post-thumbnail","6":"product_cat-san-pham-iot","7":"desktop-align-left","8":"tablet-align-left","9":"mobile-align-left","11":"first","12":"instock","13":"shipping-taxable","14":"product-type-simple"},"acf":[],"uagb_featured_image_src":{"full":["https:\/\/gbs-jsc.com\/wp-content\/uploads\/2026\/03\/Tu-moi-truong.png",250,250,false],"thumbnail":["https:\/\/gbs-jsc.com\/wp-content\/uploads\/2026\/03\/Tu-moi-truong-150x150.png",150,150,true],"medium":["https:\/\/gbs-jsc.com\/wp-content\/uploads\/2026\/03\/Tu-moi-truong.png",250,250,false],"medium_large":["https:\/\/gbs-jsc.com\/wp-content\/uploads\/2026\/03\/Tu-moi-truong.png",250,250,false],"large":["https:\/\/gbs-jsc.com\/wp-content\/uploads\/2026\/03\/Tu-moi-truong.png",250,250,false],"1536x1536":["https:\/\/gbs-jsc.com\/wp-content\/uploads\/2026\/03\/Tu-moi-truong.png",250,250,false],"2048x2048":["https:\/\/gbs-jsc.com\/wp-content\/uploads\/2026\/03\/Tu-moi-truong.png",250,250,false],"trp-custom-language-flag":["https:\/\/gbs-jsc.com\/wp-content\/uploads\/2026\/03\/Tu-moi-truong.png",12,12,false],"woocommerce_thumbnail":["https:\/\/gbs-jsc.com\/wp-content\/uploads\/2026\/03\/Tu-moi-truong.png",250,250,false],"woocommerce_single":["https:\/\/gbs-jsc.com\/wp-content\/uploads\/2026\/03\/Tu-moi-truong.png",250,250,false],"woocommerce_gallery_thumbnail":["https:\/\/gbs-jsc.com\/wp-content\/uploads\/2026\/03\/Tu-moi-truong-100x100.png",100,100,true]},"uagb_author_info":{"display_name":"admin","author_link":"https:\/\/gbs-jsc.com\/en\/author"},"uagb_comment_info":0,"uagb_excerpt":"Th\u00f4ng s\u1ed1 k\u1ef9 thu\u1eadt \u00b7\u00a0\u00a0\u00a0\u00a0\u00a0\u00a0\u00a0\u00a0 Th\u1ec3 t\u00edch bu\u1ed3ng: 365 L\u00edt \u00b7\u00a0\u00a0\u00a0\u00a0\u00a0\u00a0\u00a0\u00a0 Ngu\u1ed3n c\u1ea5p \u0111\u1ea7u v\u00e0o: 1 pha 220 \u00b1 20 [&hellip;]","_links":{"self":[{"href":"https:\/\/gbs-jsc.com\/en\/wp-json\/wp\/v2\/product\/1488","targetHints":{"allow":["GET"]}}],"collection":[{"href":"https:\/\/gbs-jsc.com\/en\/wp-json\/wp\/v2\/product"}],"about":[{"href":"https:\/\/gbs-jsc.com\/en\/wp-json\/wp\/v2\/types\/product"}],"replies":[{"embeddable":true,"href":"https:\/\/gbs-jsc.com\/en\/wp-json\/wp\/v2\/comments?post=1488"}],"wp:featuredmedia":[{"embeddable":true,"href":"https:\/\/gbs-jsc.com\/en\/wp-json\/wp\/v2\/media\/1508"}],"wp:attachment":[{"href":"https:\/\/gbs-jsc.com\/en\/wp-json\/wp\/v2\/media?parent=1488"}],"wp:term":[{"taxonomy":"product_brand","embeddable":true,"href":"https:\/\/gbs-jsc.com\/en\/wp-json\/wp\/v2\/product_brand?post=1488"},{"taxonomy":"product_cat","embeddable":true,"href":"https:\/\/gbs-jsc.com\/en\/wp-json\/wp\/v2\/product_cat?post=1488"},{"taxonomy":"product_tag","embeddable":true,"href":"https:\/\/gbs-jsc.com\/en\/wp-json\/wp\/v2\/product_tag?post=1488"}],"curies":[{"name":"wp","href":"https:\/\/api.w.org\/{rel}","templated":true}]}}