{"id":1486,"date":"2026-03-30T13:41:04","date_gmt":"2026-03-30T06:41:04","guid":{"rendered":"http:\/\/dev.gbs-jsc.com\/?post_type=product&#038;p=1486"},"modified":"2026-03-30T13:42:14","modified_gmt":"2026-03-30T06:42:14","slug":"vihe-thong-giam-sat-nhien-lieu-tu-xa-frmsenfuel-remote-monitoring-system-frms","status":"publish","type":"product","link":"https:\/\/gbs-jsc.com\/en\/product\/vihe-thong-giam-sat-nhien-lieu-tu-xa-frmsenfuel-remote-monitoring-system-frms","title":{"rendered":"H\u1ec7 th\u1ed1ng gi\u00e1m s\u00e1t nhi\u00ean li\u1ec7u t\u1eeb xa FRMS"},"content":{"rendered":"<p><img decoding=\"async\" class=\"alignnone wp-image-4184 size-large\" src=\"https:\/\/gbs-jsc.com\/wp-content\/uploads\/2017\/04\/2017-04-19_Catalog-FRMS_VI1-724x1024.jpg\" alt=\"\" width=\"724\" height=\"1024\" \/><\/p>\n<p>&nbsp;<\/p>\n<p><img decoding=\"async\" class=\"alignnone wp-image-4185 size-large\" src=\"https:\/\/gbs-jsc.com\/wp-content\/uploads\/2017\/04\/2017-04-19_Catalog-FRMS_VI2-724x1024.jpg\" alt=\"\" width=\"724\" height=\"1024\" \/><\/p>","protected":false},"excerpt":{"rendered":"<p>&nbsp;<\/p>","protected":false},"featured_media":1506,"comment_status":"open","ping_status":"closed","template":"","meta":{"_acf_changed":false,"_uag_custom_page_level_css":"","site-sidebar-layout":"default","site-content-layout":"","ast-site-content-layout":"default","site-content-style":"default","site-sidebar-style":"default","ast-global-header-display":"","ast-banner-title-visibility":"","ast-main-header-display":"","ast-hfb-above-header-display":"","ast-hfb-below-header-display":"","ast-hfb-mobile-header-display":"","site-post-title":"","ast-breadcrumbs-content":"","ast-featured-img":"","footer-sml-layout":"","ast-disable-related-posts":"","theme-transparent-header-meta":"","adv-header-id-meta":"","stick-header-meta":"","header-above-stick-meta":"","header-main-stick-meta":"","header-below-stick-meta":"","astra-migrate-meta-layouts":"default","ast-page-background-enabled":"default","ast-page-background-meta":{"desktop":{"background-color":"var(--ast-global-color-4)","background-image":"","background-repeat":"repeat","background-position":"center center","background-size":"auto","background-attachment":"scroll","background-type":"","background-media":"","overlay-type":"","overlay-color":"","overlay-opacity":"","overlay-gradient":""},"tablet":{"background-color":"","background-image":"","background-repeat":"repeat","background-position":"center center","background-size":"auto","background-attachment":"scroll","background-type":"","background-media":"","overlay-type":"","overlay-color":"","overlay-opacity":"","overlay-gradient":""},"mobile":{"background-color":"","background-image":"","background-repeat":"repeat","background-position":"center center","background-size":"auto","background-attachment":"scroll","background-type":"","background-media":"","overlay-type":"","overlay-color":"","overlay-opacity":"","overlay-gradient":""}},"ast-content-background-meta":{"desktop":{"background-color":"var(--ast-global-color-5)","background-image":"","background-repeat":"repeat","background-position":"center center","background-size":"auto","background-attachment":"scroll","background-type":"","background-media":"","overlay-type":"","overlay-color":"","overlay-opacity":"","overlay-gradient":""},"tablet":{"background-color":"var(--ast-global-color-5)","background-image":"","background-repeat":"repeat","background-position":"center center","background-size":"auto","background-attachment":"scroll","background-type":"","background-media":"","overlay-type":"","overlay-color":"","overlay-opacity":"","overlay-gradient":""},"mobile":{"background-color":"var(--ast-global-color-5)","background-image":"","background-repeat":"repeat","background-position":"center center","background-size":"auto","background-attachment":"scroll","background-type":"","background-media":"","overlay-type":"","overlay-color":"","overlay-opacity":"","overlay-gradient":""}}},"product_brand":[],"product_cat":[70],"product_tag":[],"class_list":{"0":"post-1486","1":"product","2":"type-product","3":"status-publish","4":"has-post-thumbnail","6":"product_cat-san-pham-iot","7":"desktop-align-left","8":"tablet-align-left","9":"mobile-align-left","11":"first","12":"instock","13":"shipping-taxable","14":"product-type-simple"},"acf":[],"uagb_featured_image_src":{"full":["https:\/\/gbs-jsc.com\/wp-content\/uploads\/2026\/03\/TT.png",250,250,false],"thumbnail":["https:\/\/gbs-jsc.com\/wp-content\/uploads\/2026\/03\/TT-150x150.png",150,150,true],"medium":["https:\/\/gbs-jsc.com\/wp-content\/uploads\/2026\/03\/TT.png",250,250,false],"medium_large":["https:\/\/gbs-jsc.com\/wp-content\/uploads\/2026\/03\/TT.png",250,250,false],"large":["https:\/\/gbs-jsc.com\/wp-content\/uploads\/2026\/03\/TT.png",250,250,false],"1536x1536":["https:\/\/gbs-jsc.com\/wp-content\/uploads\/2026\/03\/TT.png",250,250,false],"2048x2048":["https:\/\/gbs-jsc.com\/wp-content\/uploads\/2026\/03\/TT.png",250,250,false],"trp-custom-language-flag":["https:\/\/gbs-jsc.com\/wp-content\/uploads\/2026\/03\/TT.png",12,12,false],"woocommerce_thumbnail":["https:\/\/gbs-jsc.com\/wp-content\/uploads\/2026\/03\/TT.png",250,250,false],"woocommerce_single":["https:\/\/gbs-jsc.com\/wp-content\/uploads\/2026\/03\/TT.png",250,250,false],"woocommerce_gallery_thumbnail":["https:\/\/gbs-jsc.com\/wp-content\/uploads\/2026\/03\/TT-100x100.png",100,100,true]},"uagb_author_info":{"display_name":"admin","author_link":"https:\/\/gbs-jsc.com\/en\/author"},"uagb_comment_info":0,"uagb_excerpt":"&nbsp;","_links":{"self":[{"href":"https:\/\/gbs-jsc.com\/en\/wp-json\/wp\/v2\/product\/1486","targetHints":{"allow":["GET"]}}],"collection":[{"href":"https:\/\/gbs-jsc.com\/en\/wp-json\/wp\/v2\/product"}],"about":[{"href":"https:\/\/gbs-jsc.com\/en\/wp-json\/wp\/v2\/types\/product"}],"replies":[{"embeddable":true,"href":"https:\/\/gbs-jsc.com\/en\/wp-json\/wp\/v2\/comments?post=1486"}],"wp:featuredmedia":[{"embeddable":true,"href":"https:\/\/gbs-jsc.com\/en\/wp-json\/wp\/v2\/media\/1506"}],"wp:attachment":[{"href":"https:\/\/gbs-jsc.com\/en\/wp-json\/wp\/v2\/media?parent=1486"}],"wp:term":[{"taxonomy":"product_brand","embeddable":true,"href":"https:\/\/gbs-jsc.com\/en\/wp-json\/wp\/v2\/product_brand?post=1486"},{"taxonomy":"product_cat","embeddable":true,"href":"https:\/\/gbs-jsc.com\/en\/wp-json\/wp\/v2\/product_cat?post=1486"},{"taxonomy":"product_tag","embeddable":true,"href":"https:\/\/gbs-jsc.com\/en\/wp-json\/wp\/v2\/product_tag?post=1486"}],"curies":[{"name":"wp","href":"https:\/\/api.w.org\/{rel}","templated":true}]}}