{"id":1390,"date":"2026-03-30T13:37:02","date_gmt":"2026-03-30T06:37:02","guid":{"rendered":"http:\/\/dev.gbs-jsc.com\/?post_type=product&#038;p=1390"},"modified":"2026-03-30T13:38:12","modified_gmt":"2026-03-30T06:38:12","slug":"may-phat-dong-olt","status":"publish","type":"product","link":"https:\/\/gbs-jsc.com\/en\/product\/may-phat-dong-olt","title":{"rendered":"M\u00e1y ph\u00e1t d\u00f2ng OLT"},"content":{"rendered":"<p>&nbsp;<\/p>\n<p><strong>C\u00e1c t\u00ednh n\u0103ng ch\u00ednh<\/strong><\/p>\n<ul>\n<li>Ph\u00e1t d\u00f2ng 2000 A \u1edf ch\u1ebf \u0111\u1ed9 li\u00ean t\u1ee5c<\/li>\n<li>Thi\u1ebft b\u1ecb bao g\u1ed3m hai modun : modun \u0111i\u1ec1u khi\u1ec3n, \u0111o l\u01b0\u1eddng v\u00e0 modun c\u00f4ng su\u1ea5t<\/li>\n<li>\u0110\u1ed3ng h\u1ed3 \u0111o d\u00f2ng v\u1edbi \u0111\u1ed9 ch\u00ednh x\u00e1c 0.5%<\/li>\n<li>\u0110\u1ed3ng h\u1ed3 \u0111\u1ebfm th\u1eddi gian t\u1ef1 \u0111\u1ed9ng v\u1edbi \u0111\u1ed9 ph\u00e2n gi\u1ea3i 1ms<\/li>\n<\/ul>\n<p><strong>Ph\u1ea1m vi\u00a0\u1ee9ng d\u1ee5ng<\/strong><\/p>\n<ul>\n<li>Ki\u1ec3m tra c\u00e1c r\u01a1 le b\u1ea3o v\u1ec7 qu\u00e1 t\u1ea3i \u0111\u1ed9ng c\u01a1<\/li>\n<\/ul>\n<ul>\n<li>Ki\u1ec3m tra c\u00e1c b\u1ed9 bi\u1ebfn d\u00f2ng, c\u00e1c thi\u1ebft b\u1ecb b\u1ea3o v\u1ec7 qu\u00e1 t\u1ea3i v\u00e0 c\u00e1c thi\u1ebft b\u1ecb \u0111\u00f3ng c\u1eaft.<\/li>\n<\/ul>\n<p><strong>M\u00f4 t\u1ea3 s\u1ea3n ph\u1ea9m<\/strong><\/p>\n<ul>\n<li>OLT-2000-RD \u0111\u01b0\u1ee3c thi\u1ebft k\u1ebf \u0111\u1ec3 \u0111\u00e1p \u1ee9ng\u00a0 t\u1ea5t c\u00e1c y\u00eau c\u1ea7u v\u1ec1 ki\u1ec3m tra, \u0111\u00e1nh gi\u00e1 c\u00e1c thi\u1ebft b\u1ecb b\u1ea3o v\u1ec7 qu\u00e1 t\u1ea3i ho\u1eb7c thi\u1ebft b\u1ecb \u0111o l\u01b0\u1eddng c\u00f3 d\u00f2ng \u0111\u1ecbnh m\u1ee9c t\u1ed1i \u0111a 2000A.<\/li>\n<\/ul>\n<ul>\n<li>Modun \u0111i\u1ec1u khi\u1ec3n \u0111o l\u01b0\u1eddng cung c\u1ea5p \u0111i\u1ec7n \u00e1p ra \u0111i\u1ec1u ch\u1ec9nh \u0111\u01b0\u1ee3c trong d\u1ea3i t\u1eeb 0VAC \u00f7 220 VAC cho modun c\u00f4ng su\u1ea5t t\u01b0\u01a1ng \u1ee9ng v\u1edbi d\u00f2ng \u0111i\u1ec7n c\u1ea7n\u00a0 ph\u00e1t.<\/li>\n<li>\u0110\u1ed3ng h\u1ed3 \u0111\u1ebfm th\u1eddi gian cho ph\u00e9p \u0111o th\u1eddi gian t\u00e1c \u0111\u1ed9ng c\u1ee7a thi\u1ebft b\u1ecb b\u1ea3o v\u1ec7.<\/li>\n<\/ul>\n<p><strong>\u00a0<\/strong><strong>D\u00d2NG \u0110I\u1ec6N V\u00c0 \u0110I\u1ec6N \u00c1P \u0110\u1ea6U RA<\/strong><\/p>\n<ul>\n<li>0\u00f7 1000 A\u00a0\u00a0\u00a0\u00a0\u00a0\u00a0\u00a0\u00a0\u00a0\u00a0\u00a0 0\u00f7 4V<\/li>\n<li>0 \u00f7 2000 A0\u00f7 2V<\/li>\n<\/ul>\n<p><strong>\u0110\u1ed2NG H\u1ed2 \u0110\u1ebeM TH\u1edcI GIAN T\u1ef0 \u0110\u1ed8NG<\/strong><\/p>\n<p>\u0110\u1ed3ng h\u1ed3 b\u1ea5m gi\u1edd v\u1edbi c\u00e1c t\u00edn hi\u1ec7u v\u00e0o d\u1ea1ng ti\u1ebfp \u0111i\u1ec3m kh\u00f4 ho\u1eb7c \u0111i\u1ec7n \u00e1p. C\u00e1c d\u1ea3i \u0111o v\u1edbi t\u00ednh n\u0103ng autorange c\u1ee7a \u0111\u1ed3ng h\u1ed3 bao g\u1ed3m:<\/p>\n<ul>\n<li>00.001 &#8211; 99.999 s<\/li>\n<li>99.999 &#8211; 999.99 s<\/li>\n<li>999.99 &#8211; 9999.9 s<\/li>\n<li>9999.9 &#8211; 99999 s<\/li>\n<\/ul>\n<p><strong>\u0110\u1ed2NG H\u1ed2 \u0110O D\u00d2NG<\/strong><\/p>\n<p>\u0110\u1ed3ng h\u1ed3 \u0111o d\u00f2ng 4 digit c\u00f3 \u0111\u1ed9 ch\u00ednh x\u00e1c \u00b1 5%<\/p>\n<p><strong>PH\u1ee4 KI\u1ec6N TI\u00caU CHU\u1ea8N<\/strong><\/p>\n<ul>\n<li>01 C\u00e1p ngu\u1ed3n 3m<\/li>\n<li>01 c\u00e1p k\u1ebft n\u1ed1i modun 3m<\/li>\n<li>02 \u0111\u1ea7u c\u1eafm cho b\u1ed9 \u0111o th\u1eddi gian<\/li>\n<li>H\u01b0\u1edbng d\u1eabn s\u1eed d\u1ee5ng<\/li>\n<\/ul>\n<p><strong>TH\u00d4NG S\u1ed0 K\u1ef8 THU\u1eacT<\/strong><\/p>\n<p><strong>\u00a0\u00a0 <\/strong><strong>Th\u00f4ng s\u1ed1 ph\u00e1t d\u00f2ng<\/strong><\/p>\n<table width=\"474\">\n<tbody>\n<tr>\n<td width=\"162\"><strong>Ch\u1ebf \u0111\u1ed9<\/strong><\/td>\n<td width=\"116\"><strong>Li\u00ean t\u1ee5c<\/strong><\/td>\n<td width=\"112\"><strong>60\u2019<\/strong><\/td>\n<td width=\"84\"><strong>30s<\/strong><\/td>\n<\/tr>\n<tr>\n<td width=\"162\"><strong>\u0110\u1ea7u ra 0\u00a0 \u00f7 1000 A<\/strong><\/td>\n<td width=\"116\">2000 (A)<\/td>\n<td width=\"112\">2400 (A)<\/td>\n<td width=\"84\">4000<\/td>\n<\/tr>\n<tr>\n<td width=\"162\"><strong>\u0110\u1ea7u ra 0\u00a0 \u00f7 1000 A<\/strong><\/td>\n<td width=\"116\">1000 (A)<\/td>\n<td width=\"112\">1200 (A)<\/td>\n<td width=\"84\">2000<\/td>\n<\/tr>\n<tr>\n<td width=\"162\"><strong>Th\u1eddi gian l\u00e0m m\u00e1t*<\/strong><\/td>\n<td width=\"116\">&nbsp;<\/td>\n<td width=\"112\">15\u2019<\/td>\n<td width=\"84\">30\u2019<\/td>\n<\/tr>\n<\/tbody>\n<\/table>\n<p><strong><em>* L\u00e0m m\u00e1t trong \u0111i\u1ec1u ki\u1ec7n nhi\u1ec7t \u0111\u1ed9 m\u00f4i tr\u01b0\u1eddng &lt;25<sup>o<\/sup>C<\/em><\/strong><\/p>\n<p><strong>\u00a0\u00a0\u00a0 Th\u00f4ng s\u1ed1 chung<\/strong><\/p>\n<table>\n<tbody>\n<tr>\n<td width=\"175\"><strong>\u0110i\u1ec7n \u00e1p cung c\u1ea5p<\/strong><\/td>\n<td width=\"317\">220VAC\/50Hz<\/td>\n<\/tr>\n<tr>\n<td width=\"175\"><strong>Nhi\u1ec7t \u0111\u1ed9 m\u00f4i tr\u01b0\u1eddng<\/strong><\/td>\n<td width=\"317\">0-55<sup>o<\/sup>C<\/td>\n<\/tr>\n<tr>\n<td width=\"175\"><strong>V\u1ecf h\u1ed9p<\/strong><\/td>\n<td width=\"317\">V\u1ecf kim lo\u1ea1i, \u0111\u1ebf c\u00f3 g\u1eafn b\u00e1nh xe di chuy\u1ec3n<\/td>\n<\/tr>\n<tr>\n<td width=\"175\"><strong>K\u00edch th\u01b0\u1edbc<\/strong><\/p>\n<p><strong>(HxWxD)<\/strong><\/td>\n<td width=\"317\">351 x 421 x 422\u00a0\u00a0\u00a0\u00a0\u00a0\u00a0\u00a0\u00a0 550 x 400 x 510<\/td>\n<\/tr>\n<tr>\n<td width=\"175\"><strong>Tr\u1ecdng l\u01b0\u1ee3ng<\/strong><\/td>\n<td width=\"317\">1&#215;30 kg v\u00e0 1&#215;90 kg<\/td>\n<\/tr>\n<\/tbody>\n<\/table>\n<p>&nbsp;<\/p>\n<p><strong>Th\u00f4ng tin\u00a0\u0111\u1eb7t h\u00e0ng<\/strong><\/p>\n<ul>\n<li><em>M\u00e3 \u0111\u1eb7t h\u00e0ng<\/em><strong><em> \u00a0\u00a0\u00a0\u00a0\u00a0\u00a0\u00a0\u00a0\u00a0 \u00a0\u00a0\u00a0O<\/em><\/strong><strong>LT-2000-RD<\/strong><\/li>\n<\/ul>","protected":false},"excerpt":{"rendered":"<p>&nbsp; C\u00e1c t\u00ednh n\u0103ng ch\u00ednh Ph\u00e1t d\u00f2ng 2000 A \u1edf ch\u1ebf \u0111\u1ed9 li\u00ean t\u1ee5c Thi\u1ebft b\u1ecb bao g\u1ed3m hai modun [&hellip;]<\/p>\n","protected":false},"featured_media":1428,"comment_status":"open","ping_status":"closed","template":"","meta":{"_acf_changed":false,"_uag_custom_page_level_css":"","site-sidebar-layout":"default","site-content-layout":"","ast-site-content-layout":"default","site-content-style":"default","site-sidebar-style":"default","ast-global-header-display":"","ast-banner-title-visibility":"","ast-main-header-display":"","ast-hfb-above-header-display":"","ast-hfb-below-header-display":"","ast-hfb-mobile-header-display":"","site-post-title":"","ast-breadcrumbs-content":"","ast-featured-img":"","footer-sml-layout":"","ast-disable-related-posts":"","theme-transparent-header-meta":"","adv-header-id-meta":"","stick-header-meta":"","header-above-stick-meta":"","header-main-stick-meta":"","header-below-stick-meta":"","astra-migrate-meta-layouts":"default","ast-page-background-enabled":"default","ast-page-background-meta":{"desktop":{"background-color":"var(--ast-global-color-4)","background-image":"","background-repeat":"repeat","background-position":"center center","background-size":"auto","background-attachment":"scroll","background-type":"","background-media":"","overlay-type":"","overlay-color":"","overlay-opacity":"","overlay-gradient":""},"tablet":{"background-color":"","background-image":"","background-repeat":"repeat","background-position":"center center","background-size":"auto","background-attachment":"scroll","background-type":"","background-media":"","overlay-type":"","overlay-color":"","overlay-opacity":"","overlay-gradient":""},"mobile":{"background-color":"","background-image":"","background-repeat":"repeat","background-position":"center center","background-size":"auto","background-attachment":"scroll","background-type":"","background-media":"","overlay-type":"","overlay-color":"","overlay-opacity":"","overlay-gradient":""}},"ast-content-background-meta":{"desktop":{"background-color":"var(--ast-global-color-5)","background-image":"","background-repeat":"repeat","background-position":"center center","background-size":"auto","background-attachment":"scroll","background-type":"","background-media":"","overlay-type":"","overlay-color":"","overlay-opacity":"","overlay-gradient":""},"tablet":{"background-color":"var(--ast-global-color-5)","background-image":"","background-repeat":"repeat","background-position":"center center","background-size":"auto","background-attachment":"scroll","background-type":"","background-media":"","overlay-type":"","overlay-color":"","overlay-opacity":"","overlay-gradient":""},"mobile":{"background-color":"var(--ast-global-color-5)","background-image":"","background-repeat":"repeat","background-position":"center center","background-size":"auto","background-attachment":"scroll","background-type":"","background-media":"","overlay-type":"","overlay-color":"","overlay-opacity":"","overlay-gradient":""}}},"product_brand":[],"product_cat":[35],"product_tag":[],"class_list":{"0":"post-1390","1":"product","2":"type-product","3":"status-publish","4":"has-post-thumbnail","6":"product_cat-thiet-bi-do-luong-dieu-khien","7":"desktop-align-left","8":"tablet-align-left","9":"mobile-align-left","11":"first","12":"instock","13":"shipping-taxable","14":"product-type-simple"},"acf":[],"uagb_featured_image_src":{"full":["https:\/\/gbs-jsc.com\/wp-content\/uploads\/2026\/03\/mp.jpg",250,250,false],"thumbnail":["https:\/\/gbs-jsc.com\/wp-content\/uploads\/2026\/03\/mp-150x150.jpg",150,150,true],"medium":["https:\/\/gbs-jsc.com\/wp-content\/uploads\/2026\/03\/mp.jpg",250,250,false],"medium_large":["https:\/\/gbs-jsc.com\/wp-content\/uploads\/2026\/03\/mp.jpg",250,250,false],"large":["https:\/\/gbs-jsc.com\/wp-content\/uploads\/2026\/03\/mp.jpg",250,250,false],"1536x1536":["https:\/\/gbs-jsc.com\/wp-content\/uploads\/2026\/03\/mp.jpg",250,250,false],"2048x2048":["https:\/\/gbs-jsc.com\/wp-content\/uploads\/2026\/03\/mp.jpg",250,250,false],"trp-custom-language-flag":["https:\/\/gbs-jsc.com\/wp-content\/uploads\/2026\/03\/mp.jpg",12,12,false],"woocommerce_thumbnail":["https:\/\/gbs-jsc.com\/wp-content\/uploads\/2026\/03\/mp.jpg",250,250,false],"woocommerce_single":["https:\/\/gbs-jsc.com\/wp-content\/uploads\/2026\/03\/mp.jpg",250,250,false],"woocommerce_gallery_thumbnail":["https:\/\/gbs-jsc.com\/wp-content\/uploads\/2026\/03\/mp-100x100.jpg",100,100,true]},"uagb_author_info":{"display_name":"admin","author_link":"https:\/\/gbs-jsc.com\/en\/author"},"uagb_comment_info":0,"uagb_excerpt":"&nbsp; C\u00e1c t\u00ednh n\u0103ng ch\u00ednh Ph\u00e1t d\u00f2ng 2000 A \u1edf ch\u1ebf \u0111\u1ed9 li\u00ean t\u1ee5c Thi\u1ebft b\u1ecb bao g\u1ed3m hai modun [&hellip;]","_links":{"self":[{"href":"https:\/\/gbs-jsc.com\/en\/wp-json\/wp\/v2\/product\/1390","targetHints":{"allow":["GET"]}}],"collection":[{"href":"https:\/\/gbs-jsc.com\/en\/wp-json\/wp\/v2\/product"}],"about":[{"href":"https:\/\/gbs-jsc.com\/en\/wp-json\/wp\/v2\/types\/product"}],"replies":[{"embeddable":true,"href":"https:\/\/gbs-jsc.com\/en\/wp-json\/wp\/v2\/comments?post=1390"}],"wp:featuredmedia":[{"embeddable":true,"href":"https:\/\/gbs-jsc.com\/en\/wp-json\/wp\/v2\/media\/1428"}],"wp:attachment":[{"href":"https:\/\/gbs-jsc.com\/en\/wp-json\/wp\/v2\/media?parent=1390"}],"wp:term":[{"taxonomy":"product_brand","embeddable":true,"href":"https:\/\/gbs-jsc.com\/en\/wp-json\/wp\/v2\/product_brand?post=1390"},{"taxonomy":"product_cat","embeddable":true,"href":"https:\/\/gbs-jsc.com\/en\/wp-json\/wp\/v2\/product_cat?post=1390"},{"taxonomy":"product_tag","embeddable":true,"href":"https:\/\/gbs-jsc.com\/en\/wp-json\/wp\/v2\/product_tag?post=1390"}],"curies":[{"name":"wp","href":"https:\/\/api.w.org\/{rel}","templated":true}]}}