{"id":1389,"date":"2026-03-30T13:37:01","date_gmt":"2026-03-30T06:37:01","guid":{"rendered":"http:\/\/dev.gbs-jsc.com\/?post_type=product&#038;p=1389"},"modified":"2026-03-30T13:38:10","modified_gmt":"2026-03-30T06:38:10","slug":"tu-say","status":"publish","type":"product","link":"https:\/\/gbs-jsc.com\/en\/product\/tu-say","title":{"rendered":"T\u1ee7 s\u1ea5y"},"content":{"rendered":"<p><strong>Ph\u1ea1m vi \u1ee9ng d\u1ee5ng<br \/>\n<\/strong>Thi\u1ebft b\u1ecb d\u00f9ng \u0111\u1ec3 s\u1ea5y c\u00e1c d\u1ee5ng c\u1ee5 ho\u1eb7c v\u1eadt d\u1ee5ng c\u00f3 k\u00edch th\u01b0\u1edbc nh\u1ecf v\u1edbi \u0111\u1ed9 \u1ed5n \u0111\u1ecbnh nhi\u1ec7t t\u1edbi <u>+<\/u>0.5\u00b0C. Thi\u1ebft b\u1ecb th\u00edch h\u1ee3p cho c\u00e1c ph\u00f2ng th\u00ed nghi\u1ec7m sinh h\u00f3a trong tr\u01b0\u1eddng h\u1ecdc, b\u1ec7nh vi\u1ec7n, vi\u1ec7n nghi\u00ean c\u1ee9u\u2026.<br \/>\n<strong>M\u00f4 t\u1ea3 s\u1ea3n ph\u1ea9m<br \/>\n<\/strong>&#8211; Thi\u1ebft b\u1ecb \u0111\u01b0\u1ee3c ch\u1ebf t\u1ea1o theo \u0111\u01a1n \u0111\u1eb7t h\u00e0ng. Do \u0111\u00f3 bu\u1ed3ng ra nhi\u1ec7t\u00a0 c\u00f3 k\u00edch th\u01b0\u1edbc t\u1eeb 6dm<sup>3 <\/sup>t\u1edbi 20dm<sup>3<\/sup> t\u00f9y theo y\u00eau c\u1ea7u c\u1ee7a kh\u00e1ch h\u00e0ng.<br \/>\n&#8211; Bu\u1ed3ng nhi\u1ec7t thi\u1ebft k\u1ebf b\u1eb1ng th\u00e9p kh\u00f4ng g\u1ec9.<br \/>\n&#8211; \u00a0\u0110i\u1ec1u khi\u1ec3n v\u00e0 hi\u1ec3n th\u1ecb s\u1ed1. S\u1eed d\u1ee5ng \u0111i\u1ec1u khi\u1ec3n PID.<br \/>\n&#8211; \u00a0D\u1ea3i nhi\u1ec7t \u0111\u1ed9 t\u1edbi 100\u00b0C, 150\u00b0C, 200\u00b0C, 250\u00b0C<br \/>\n&#8211; \u00a0\u0110\u1ed9 \u1ed5n \u0111\u1ecbnh v\u1ec1 nhi\u1ec7t \u0111\u1ed9 theo y\u00eau c\u1ea7u c\u1ee7a \u0111\u1eb7t h\u00e0ng\u00a0 <u>+<\/u>2\u00b0C,\u00a0 <u>+<\/u>1\u00b0C, <u>+<\/u>0.5\u00b0C.<br \/>\n&#8211; \u00a0V\u00e0o s\u1ed1 li\u1ec7u hi\u1ec7u ch\u1ec9nh offset.<br \/>\n&#8211; \u00a0Truy\u1ec1n s\u1ed1 li\u1ec7u t\u1eeb thi\u1ebft b\u1ecb trong ch\u1ebf \u0111\u1ed9 On-line sang m\u00e1y t\u00ednh.<br \/>\n&#8211; \u00a0 H\u1ec7 th\u1ed1ng ho\u1ea1t \u0111\u1ed9ng 24\/24 gi\u1edd trong ng\u00e0y. Ho\u1ea1t \u0111\u1ed9ng \u1ed5n \u0111\u1ecbnh, tin c\u1eady, ph\u00f9 h\u1ee3p m\u00f4i tr\u01b0\u1eddng kh\u1eafc nghi\u1ec7t.<\/p>\n<p>&nbsp;<\/p>","protected":false},"excerpt":{"rendered":"<p>Ph\u1ea1m vi \u1ee9ng d\u1ee5ng Thi\u1ebft b\u1ecb d\u00f9ng \u0111\u1ec3 s\u1ea5y c\u00e1c d\u1ee5ng c\u1ee5 ho\u1eb7c v\u1eadt d\u1ee5ng c\u00f3 k\u00edch th\u01b0\u1edbc nh\u1ecf v\u1edbi [&hellip;]<\/p>\n","protected":false},"featured_media":1427,"comment_status":"open","ping_status":"closed","template":"","meta":{"_acf_changed":false,"_uag_custom_page_level_css":"","site-sidebar-layout":"default","site-content-layout":"","ast-site-content-layout":"default","site-content-style":"default","site-sidebar-style":"default","ast-global-header-display":"","ast-banner-title-visibility":"","ast-main-header-display":"","ast-hfb-above-header-display":"","ast-hfb-below-header-display":"","ast-hfb-mobile-header-display":"","site-post-title":"","ast-breadcrumbs-content":"","ast-featured-img":"","footer-sml-layout":"","ast-disable-related-posts":"","theme-transparent-header-meta":"","adv-header-id-meta":"","stick-header-meta":"","header-above-stick-meta":"","header-main-stick-meta":"","header-below-stick-meta":"","astra-migrate-meta-layouts":"default","ast-page-background-enabled":"default","ast-page-background-meta":{"desktop":{"background-color":"var(--ast-global-color-4)","background-image":"","background-repeat":"repeat","background-position":"center center","background-size":"auto","background-attachment":"scroll","background-type":"","background-media":"","overlay-type":"","overlay-color":"","overlay-opacity":"","overlay-gradient":""},"tablet":{"background-color":"","background-image":"","background-repeat":"repeat","background-position":"center center","background-size":"auto","background-attachment":"scroll","background-type":"","background-media":"","overlay-type":"","overlay-color":"","overlay-opacity":"","overlay-gradient":""},"mobile":{"background-color":"","background-image":"","background-repeat":"repeat","background-position":"center center","background-size":"auto","background-attachment":"scroll","background-type":"","background-media":"","overlay-type":"","overlay-color":"","overlay-opacity":"","overlay-gradient":""}},"ast-content-background-meta":{"desktop":{"background-color":"var(--ast-global-color-5)","background-image":"","background-repeat":"repeat","background-position":"center center","background-size":"auto","background-attachment":"scroll","background-type":"","background-media":"","overlay-type":"","overlay-color":"","overlay-opacity":"","overlay-gradient":""},"tablet":{"background-color":"var(--ast-global-color-5)","background-image":"","background-repeat":"repeat","background-position":"center center","background-size":"auto","background-attachment":"scroll","background-type":"","background-media":"","overlay-type":"","overlay-color":"","overlay-opacity":"","overlay-gradient":""},"mobile":{"background-color":"var(--ast-global-color-5)","background-image":"","background-repeat":"repeat","background-position":"center center","background-size":"auto","background-attachment":"scroll","background-type":"","background-media":"","overlay-type":"","overlay-color":"","overlay-opacity":"","overlay-gradient":""}}},"product_brand":[],"product_cat":[35],"product_tag":[],"class_list":{"0":"post-1389","1":"product","2":"type-product","3":"status-publish","4":"has-post-thumbnail","6":"product_cat-thiet-bi-do-luong-dieu-khien","7":"desktop-align-left","8":"tablet-align-left","9":"mobile-align-left","11":"first","12":"instock","13":"shipping-taxable","14":"product-type-simple"},"acf":[],"uagb_featured_image_src":{"full":["https:\/\/gbs-jsc.com\/wp-content\/uploads\/2026\/03\/ts.jpg",250,250,false],"thumbnail":["https:\/\/gbs-jsc.com\/wp-content\/uploads\/2026\/03\/ts-150x150.jpg",150,150,true],"medium":["https:\/\/gbs-jsc.com\/wp-content\/uploads\/2026\/03\/ts.jpg",250,250,false],"medium_large":["https:\/\/gbs-jsc.com\/wp-content\/uploads\/2026\/03\/ts.jpg",250,250,false],"large":["https:\/\/gbs-jsc.com\/wp-content\/uploads\/2026\/03\/ts.jpg",250,250,false],"1536x1536":["https:\/\/gbs-jsc.com\/wp-content\/uploads\/2026\/03\/ts.jpg",250,250,false],"2048x2048":["https:\/\/gbs-jsc.com\/wp-content\/uploads\/2026\/03\/ts.jpg",250,250,false],"trp-custom-language-flag":["https:\/\/gbs-jsc.com\/wp-content\/uploads\/2026\/03\/ts.jpg",12,12,false],"woocommerce_thumbnail":["https:\/\/gbs-jsc.com\/wp-content\/uploads\/2026\/03\/ts.jpg",250,250,false],"woocommerce_single":["https:\/\/gbs-jsc.com\/wp-content\/uploads\/2026\/03\/ts.jpg",250,250,false],"woocommerce_gallery_thumbnail":["https:\/\/gbs-jsc.com\/wp-content\/uploads\/2026\/03\/ts-100x100.jpg",100,100,true]},"uagb_author_info":{"display_name":"admin","author_link":"https:\/\/gbs-jsc.com\/en\/author"},"uagb_comment_info":0,"uagb_excerpt":"Ph\u1ea1m vi \u1ee9ng d\u1ee5ng Thi\u1ebft b\u1ecb d\u00f9ng \u0111\u1ec3 s\u1ea5y c\u00e1c d\u1ee5ng c\u1ee5 ho\u1eb7c v\u1eadt d\u1ee5ng c\u00f3 k\u00edch th\u01b0\u1edbc nh\u1ecf v\u1edbi [&hellip;]","_links":{"self":[{"href":"https:\/\/gbs-jsc.com\/en\/wp-json\/wp\/v2\/product\/1389","targetHints":{"allow":["GET"]}}],"collection":[{"href":"https:\/\/gbs-jsc.com\/en\/wp-json\/wp\/v2\/product"}],"about":[{"href":"https:\/\/gbs-jsc.com\/en\/wp-json\/wp\/v2\/types\/product"}],"replies":[{"embeddable":true,"href":"https:\/\/gbs-jsc.com\/en\/wp-json\/wp\/v2\/comments?post=1389"}],"wp:featuredmedia":[{"embeddable":true,"href":"https:\/\/gbs-jsc.com\/en\/wp-json\/wp\/v2\/media\/1427"}],"wp:attachment":[{"href":"https:\/\/gbs-jsc.com\/en\/wp-json\/wp\/v2\/media?parent=1389"}],"wp:term":[{"taxonomy":"product_brand","embeddable":true,"href":"https:\/\/gbs-jsc.com\/en\/wp-json\/wp\/v2\/product_brand?post=1389"},{"taxonomy":"product_cat","embeddable":true,"href":"https:\/\/gbs-jsc.com\/en\/wp-json\/wp\/v2\/product_cat?post=1389"},{"taxonomy":"product_tag","embeddable":true,"href":"https:\/\/gbs-jsc.com\/en\/wp-json\/wp\/v2\/product_tag?post=1389"}],"curies":[{"name":"wp","href":"https:\/\/api.w.org\/{rel}","templated":true}]}}