{"id":1388,"date":"2026-03-30T13:37:00","date_gmt":"2026-03-30T06:37:00","guid":{"rendered":"http:\/\/dev.gbs-jsc.com\/?post_type=product&#038;p=1388"},"modified":"2026-03-30T13:38:09","modified_gmt":"2026-03-30T06:38:09","slug":"thiet-bi-do-suc-cang-cap","status":"publish","type":"product","link":"https:\/\/gbs-jsc.com\/en\/product\/thiet-bi-do-suc-cang-cap","title":{"rendered":"Thi\u1ebft b\u1ecb \u0111o s\u1ee9c c\u0103ng c\u00e1p"},"content":{"rendered":"<div class=\"post\">\n<div class=\"body\">\n<div id=\"19f23879-e07c-4bd8-b622-81f9fd4b9ab7\" class=\"postBody\" style=\"margin: 4px 0px 0px; border-width: 0px; padding: 0px;\" contenteditable=\"true\">\n<p><b>M\u00f4 t\u1ea3 s\u1ea3n ph\u1ea9m<\/b><br \/>\nB\u1ed9 \u0111o ghi s\u1ee9c c\u0103ng c\u1ee7a c\u00e1p \u0111\u01b0\u1ee3c thi\u1ebft k\u1ebf theo ki\u1ec3u x\u00e1ch tay bao g\u1ed3m: th\u00e2n m\u00e1y \u0111o v\u00e0 \u0111\u1ea7u \u0111o s\u1ee9c c\u0103ng. \u0110\u1ea7u \u0111o s\u1ee9c c\u0103ng \u0111\u01b0\u1ee3c k\u1eb9p tr\u1ef1c ti\u1ebfp v\u00e0o c\u00e1p \u0111ang ch\u1ecbu t\u1ea3i m\u00e0 kh\u00f4ng c\u1ea7n ph\u1ea3i th\u00e1o c\u00e1p. M\u00e1y \u0111o hi\u1ec3n th\u1ecb tr\u1ef1c ti\u1ebfp s\u1ee9c c\u0103ng c\u1ee7a c\u00e1p v\u00e0 c\u00f3 th\u1ec3 l\u01b0u k\u1ebft qu\u1ea3 \u0111o v\u00e0o b\u1ed9 nh\u1edb ho\u1eb7c truy\u1ec1n sang PC.<br \/>\n<b><i>\u0110\u1eb7c \u0111i\u1ec3m ch\u00ednh<\/i><\/b><br \/>\n&#8211;\u00a0 \u0110o v\u00e0 hi\u1ec3n th\u1ecb tr\u1ef1c ti\u1ebfp s\u1ee9c c\u0103ng c\u1ee7a c\u00e1p.<br \/>\n&#8211;\u00a0 D\u1ea3i \u0111o s\u1ee9c c\u0103ng t\u00f9y thu\u1ed9c v\u00e0o d\u1ea3i l\u00e0m vi\u1ec7c c\u1ee7a \u0111\u1ea7u \u0111o (1t\u1ea5n, 2 t\u1ea5n, 5 t\u1ea5n, 10 t\u1ea5n, 20 t\u1ea5n).<br \/>\n&#8211;\u00a0 \u0110\u1ed9 ch\u00ednh x\u00e1c: \u2264 3%<br \/>\n&#8211;\u00a0 \u0110\u01b0\u1eddng k\u00ednh c\u00e1p: 5 \u00f7 22 mm<br \/>\n&#8211;\u00a0 C\u00f3 kh\u1ea3 n\u0103ng \u0111o \u0111\u1ed3ng th\u1eddi t\u1edbi 3 k\u00eanh ri\u00eang bi\u1ec7t ph\u1ee5c v\u1ee5 c\u00e2n ch\u1ec9nh t\u1ea3i tr\u1ecdng \u00a0cho nhi\u1ec1u c\u00e1p. S\u1ed1 k\u00eanh \u0111o c\u00f3 th\u1ec3 thay \u0111\u1ed5i theo y\u00eau c\u1ea7u \u0111\u1eb7t h\u00e0ng.<br \/>\n&#8211;\u00a0 Ghi v\u00e0o b\u1ed9 nh\u1edb gi\u00e1 tr\u1ecb s\u1ee9c c\u0103ng theo s\u1ed1 th\u1ee9 t\u1ef1 l\u1ea7n \u0111o ho\u1eb7c theo th\u1eddi gian th\u1ef1c ph\u1ee5c v\u1ee5 qu\u00e1 tr\u00ecnh quan s\u00e1t l\u00e2u d\u00e0i.<br \/>\n&#8211;\u00a0 Dung l\u01b0\u1ee3ng b\u1ed9 nh\u1edb 64K Byte (c\u00f3 th\u1ec3 t\u0103ng l\u00ean 128K Byte)<br \/>\n&#8211;\u00a0 Giao di\u1ec7n v\u1edbi ng\u01b0\u1eddi s\u1eed d\u1ee5ng:<br \/>\nHi\u1ec3n th\u1ecb b\u1eb1ng LED 7 thanh ( 2 d\u00f2ng x 4 ch\u1eef s\u1ed1).<br \/>\nPh\u00edm thao t\u00e1c (4 ph\u00edm): \u201cMODE\u201d , \u201cUP\u201d , \u201cDOWN\u201d , \u201cENTER\u201d<br \/>\n&#8211;\u00a0 Truy\u1ec1n s\u1ed1 li\u1ec7u \u0111o l\u01b0u trong b\u1ed9 nh\u1edb sang m\u00e1y t\u00ednh qua \u0111\u01b0\u1eddng RS-232 (trong c\u1ea3 2 ch\u1ebf \u0111\u1ed9 On-Line hay Off-Line).<br \/>\n&#8211;\u00a0 Ch\u01b0\u01a1ng tr\u00ecnh tr\u00ean m\u00e1y t\u00ednh th\u1ef1c hi\u1ec7n \u0111\u1ecdc s\u1ed1 li\u1ec7u \u0111o trong b\u1ed9 nh\u1edb v\u00e0 l\u01b0u th\u00e0nh File tr\u00ean PC. V\u1ebd v\u00e0 in \u0111\u1ed3 th\u1ecb s\u1ee9c c\u0103ng theo th\u1eddi gian.<br \/>\n&#8211;\u00a0 Ngu\u1ed3n nu\u00f4i thi\u1ebft b\u1ecb: 220V\/50Hz. C\u00f4ng su\u1ea5t \u0111i\u1ec7n ti\u00eau th\u1ee5 &lt; 20W<br \/>\n&#8211;\u00a0 Thi\u1ebft b\u1ecb c\u00f3 th\u1ec3 l\u00e0m vi\u1ec7c trong ch\u1ebf \u0111\u1ed9 d\u00f9ng \u1eafc qui trong m\u00e1y. Th\u1eddi gian ch\u1ea1y t\u1ed1i \u0111a l\u00e0 10 gi\u1edd.<br \/>\n&#8211;\u00a0 \u0110i\u1ec1u ki\u1ec7n m\u00f4i tr\u01b0\u1eddng l\u00e0m vi\u1ec7c:\u00a0\u00a0\u00a0\u00a0\u00a0\u00a0 Nhi\u1ec7t \u0111\u1ed9 \u2264 70\u00baC<br \/>\n\u0110\u1ed9 \u1ea9m \u2264 85% RH<br \/>\n\u0110\u1ea7u \u0111o c\u00f3 m\u1ee9c b\u1ea3o v\u1ec7 l\u00e0 IP66 n\u00ean c\u00f3 th\u1ec3 l\u00e0m vi\u1ec7c ngo\u00e0i tr\u1eddi (ch\u1ecbu n\u01b0\u1edbc, m\u01b0a).<br \/>\n&#8211;\u00a0 K\u00edch th\u01b0\u1edbc m\u00e1y \u0111o (W x H x D):\u00a0 180 x 130 x 335 mm<br \/>\n&#8211;\u00a0 Tr\u1ecdng l\u01b0\u1ee3ng m\u00e1y \u0111o:\u00a0 5 Kg<br \/>\n&#8211;\u00a0 Tr\u1ecdng l\u01b0\u1ee3ng 1 \u0111\u1ea7u \u0111o: \u2248 5 Kg<\/p>\n<p>M\u00e3 \u0111\u1eb7t h\u00e0ng<\/p>\n<p><b>GCT<u>xx<\/u> &#8211; xT &#8211; x<\/b><br \/>\n|\u00a0\u00a0\u00a0 \u00a0 |\u00a0\u00a0\u00a0\u00a0\u00a0\u00a0 |&#8212;&#8212;&#8212; \u0110\u1ed9 ch\u00ednh x\u00e1c:A: 3%<br \/>\n|\u00a0\u00a0\u00a0\u00a0\u00a0 |\u00a0\u00a0\u00a0\u00a0\u00a0\u00a0\u00a0\u00a0\u00a0\u00a0\u00a0\u00a0\u00a0\u00a0\u00a0\u00a0\u00a0\u00a0\u00a0\u00a0\u00a0\u00a0\u00a0\u00a0\u00a0\u00a0\u00a0\u00a0\u00a0\u00a0\u00a0\u00a0\u00a0\u00a0\u00a0\u00a0\u00a0 B: 1,5%<br \/>\n|\u00a0\u00a0\u00a0 \u00a0 |&#8212;&#8212;&#8212;&#8212;&#8212;&#8211; D\u1ea3i \u0111o: \u00a01: 0 \u00f7 1 t\u1ea5n<br \/>\n|\u00a0\u00a0\u00a0\u00a0\u00a0\u00a0\u00a0\u00a0\u00a0\u00a0\u00a0\u00a0\u00a0\u00a0\u00a0\u00a0\u00a0\u00a0\u00a0\u00a0\u00a0\u00a0\u00a0\u00a0\u00a0\u00a0\u00a0\u00a0\u00a0\u00a0\u00a0\u00a0\u00a0\u00a0\u00a0 2: 0 \u00f7 2 t\u1ea5n<br \/>\n|\u00a0\u00a0\u00a0\u00a0\u00a0\u00a0\u00a0\u00a0\u00a0\u00a0\u00a0\u00a0\u00a0\u00a0\u00a0\u00a0\u00a0\u00a0\u00a0\u00a0\u00a0\u00a0\u00a0\u00a0\u00a0\u00a0\u00a0\u00a0\u00a0\u00a0\u00a0\u00a0\u00a0\u00a0\u00a0 5: 0 \u00f7 5 t\u1ea5n<br \/>\n|\u00a0\u00a0\u00a0\u00a0\u00a0\u00a0\u00a0\u00a0\u00a0\u00a0\u00a0\u00a0\u00a0\u00a0\u00a0\u00a0\u00a0\u00a0\u00a0\u00a0\u00a0\u00a0\u00a0\u00a0\u00a0\u00a0\u00a0\u00a0\u00a0\u00a0\u00a0\u00a0\u00a0 10: 0 \u00f7 10 t\u1ea5n<br \/>\n|\u00a0\u00a0\u00a0\u00a0\u00a0\u00a0\u00a0\u00a0\u00a0\u00a0\u00a0\u00a0\u00a0\u00a0\u00a0\u00a0\u00a0\u00a0\u00a0\u00a0\u00a0\u00a0\u00a0\u00a0\u00a0\u00a0\u00a0\u00a0\u00a0\u00a0\u00a0\u00a0\u00a0 20: 0 \u00f7 20 t\u1ea5n<br \/>\n|&#8212;&#8212;&#8212;&#8212;&#8212;&#8212;&#8212;&#8211; S\u1ed1 k\u00eanh \u0111o 01: 1 k\u00eanh<br \/>\n03: 3 k\u00eanh<br \/>\n04: 4 k\u00eanh<\/p>\n<\/div>\n<\/div>\n<\/div>","protected":false},"excerpt":{"rendered":"<p>M\u00f4 t\u1ea3 s\u1ea3n ph\u1ea9m B\u1ed9 \u0111o ghi s\u1ee9c c\u0103ng c\u1ee7a c\u00e1p \u0111\u01b0\u1ee3c thi\u1ebft k\u1ebf theo ki\u1ec3u x\u00e1ch tay bao g\u1ed3m: [&hellip;]<\/p>\n","protected":false},"featured_media":1426,"comment_status":"open","ping_status":"closed","template":"","meta":{"_acf_changed":false,"_uag_custom_page_level_css":"","site-sidebar-layout":"default","site-content-layout":"","ast-site-content-layout":"default","site-content-style":"default","site-sidebar-style":"default","ast-global-header-display":"","ast-banner-title-visibility":"","ast-main-header-display":"","ast-hfb-above-header-display":"","ast-hfb-below-header-display":"","ast-hfb-mobile-header-display":"","site-post-title":"","ast-breadcrumbs-content":"","ast-featured-img":"","footer-sml-layout":"","ast-disable-related-posts":"","theme-transparent-header-meta":"","adv-header-id-meta":"","stick-header-meta":"","header-above-stick-meta":"","header-main-stick-meta":"","header-below-stick-meta":"","astra-migrate-meta-layouts":"default","ast-page-background-enabled":"default","ast-page-background-meta":{"desktop":{"background-color":"var(--ast-global-color-4)","background-image":"","background-repeat":"repeat","background-position":"center center","background-size":"auto","background-attachment":"scroll","background-type":"","background-media":"","overlay-type":"","overlay-color":"","overlay-opacity":"","overlay-gradient":""},"tablet":{"background-color":"","background-image":"","background-repeat":"repeat","background-position":"center center","background-size":"auto","background-attachment":"scroll","background-type":"","background-media":"","overlay-type":"","overlay-color":"","overlay-opacity":"","overlay-gradient":""},"mobile":{"background-color":"","background-image":"","background-repeat":"repeat","background-position":"center center","background-size":"auto","background-attachment":"scroll","background-type":"","background-media":"","overlay-type":"","overlay-color":"","overlay-opacity":"","overlay-gradient":""}},"ast-content-background-meta":{"desktop":{"background-color":"var(--ast-global-color-5)","background-image":"","background-repeat":"repeat","background-position":"center center","background-size":"auto","background-attachment":"scroll","background-type":"","background-media":"","overlay-type":"","overlay-color":"","overlay-opacity":"","overlay-gradient":""},"tablet":{"background-color":"var(--ast-global-color-5)","background-image":"","background-repeat":"repeat","background-position":"center center","background-size":"auto","background-attachment":"scroll","background-type":"","background-media":"","overlay-type":"","overlay-color":"","overlay-opacity":"","overlay-gradient":""},"mobile":{"background-color":"var(--ast-global-color-5)","background-image":"","background-repeat":"repeat","background-position":"center center","background-size":"auto","background-attachment":"scroll","background-type":"","background-media":"","overlay-type":"","overlay-color":"","overlay-opacity":"","overlay-gradient":""}}},"product_brand":[],"product_cat":[35],"product_tag":[],"class_list":{"0":"post-1388","1":"product","2":"type-product","3":"status-publish","4":"has-post-thumbnail","6":"product_cat-thiet-bi-do-luong-dieu-khien","7":"desktop-align-left","8":"tablet-align-left","9":"mobile-align-left","11":"first","12":"instock","13":"shipping-taxable","14":"product-type-simple"},"acf":[],"uagb_featured_image_src":{"full":["https:\/\/gbs-jsc.com\/wp-content\/uploads\/2026\/03\/cc3.jpg",250,250,false],"thumbnail":["https:\/\/gbs-jsc.com\/wp-content\/uploads\/2026\/03\/cc3-150x150.jpg",150,150,true],"medium":["https:\/\/gbs-jsc.com\/wp-content\/uploads\/2026\/03\/cc3.jpg",250,250,false],"medium_large":["https:\/\/gbs-jsc.com\/wp-content\/uploads\/2026\/03\/cc3.jpg",250,250,false],"large":["https:\/\/gbs-jsc.com\/wp-content\/uploads\/2026\/03\/cc3.jpg",250,250,false],"1536x1536":["https:\/\/gbs-jsc.com\/wp-content\/uploads\/2026\/03\/cc3.jpg",250,250,false],"2048x2048":["https:\/\/gbs-jsc.com\/wp-content\/uploads\/2026\/03\/cc3.jpg",250,250,false],"trp-custom-language-flag":["https:\/\/gbs-jsc.com\/wp-content\/uploads\/2026\/03\/cc3.jpg",12,12,false],"woocommerce_thumbnail":["https:\/\/gbs-jsc.com\/wp-content\/uploads\/2026\/03\/cc3.jpg",250,250,false],"woocommerce_single":["https:\/\/gbs-jsc.com\/wp-content\/uploads\/2026\/03\/cc3.jpg",250,250,false],"woocommerce_gallery_thumbnail":["https:\/\/gbs-jsc.com\/wp-content\/uploads\/2026\/03\/cc3-100x100.jpg",100,100,true]},"uagb_author_info":{"display_name":"admin","author_link":"https:\/\/gbs-jsc.com\/en\/author"},"uagb_comment_info":0,"uagb_excerpt":"M\u00f4 t\u1ea3 s\u1ea3n ph\u1ea9m B\u1ed9 \u0111o ghi s\u1ee9c c\u0103ng c\u1ee7a c\u00e1p \u0111\u01b0\u1ee3c thi\u1ebft k\u1ebf theo ki\u1ec3u x\u00e1ch tay bao g\u1ed3m: [&hellip;]","_links":{"self":[{"href":"https:\/\/gbs-jsc.com\/en\/wp-json\/wp\/v2\/product\/1388","targetHints":{"allow":["GET"]}}],"collection":[{"href":"https:\/\/gbs-jsc.com\/en\/wp-json\/wp\/v2\/product"}],"about":[{"href":"https:\/\/gbs-jsc.com\/en\/wp-json\/wp\/v2\/types\/product"}],"replies":[{"embeddable":true,"href":"https:\/\/gbs-jsc.com\/en\/wp-json\/wp\/v2\/comments?post=1388"}],"wp:featuredmedia":[{"embeddable":true,"href":"https:\/\/gbs-jsc.com\/en\/wp-json\/wp\/v2\/media\/1426"}],"wp:attachment":[{"href":"https:\/\/gbs-jsc.com\/en\/wp-json\/wp\/v2\/media?parent=1388"}],"wp:term":[{"taxonomy":"product_brand","embeddable":true,"href":"https:\/\/gbs-jsc.com\/en\/wp-json\/wp\/v2\/product_brand?post=1388"},{"taxonomy":"product_cat","embeddable":true,"href":"https:\/\/gbs-jsc.com\/en\/wp-json\/wp\/v2\/product_cat?post=1388"},{"taxonomy":"product_tag","embeddable":true,"href":"https:\/\/gbs-jsc.com\/en\/wp-json\/wp\/v2\/product_tag?post=1388"}],"curies":[{"name":"wp","href":"https:\/\/api.w.org\/{rel}","templated":true}]}}