{"id":1386,"date":"2026-03-30T13:36:58","date_gmt":"2026-03-30T06:36:58","guid":{"rendered":"http:\/\/dev.gbs-jsc.com\/?post_type=product&#038;p=1386"},"modified":"2026-03-30T13:38:05","modified_gmt":"2026-03-30T06:38:05","slug":"thiet-bi-do-ung-suat-luc-nen-trong-qua-trinh-khoan","status":"publish","type":"product","link":"https:\/\/gbs-jsc.com\/en\/product\/thiet-bi-do-ung-suat-luc-nen-trong-qua-trinh-khoan","title":{"rendered":"Thi\u1ebft b\u1ecb \u0111o \u1ee9ng su\u1ea5t (l\u1ef1c n\u00e9n) trong qu\u00e1 tr\u00ecnh khoan"},"content":{"rendered":"<p><strong>Ph\u1ea1m vi \u1ee9ng d\u1ee5ng:<\/strong> Thi\u1ebft b\u1ecb d\u00f9ng \u0111\u1ec3 \u0111o \u1ee9ng su\u1ea5t c\u1ee7a \u0111\u1ea5t \u0111\u00e1 theo \u0111\u1ed9 s\u00e2u. Thi\u1ebft b\u1ecb th\u01b0\u1eddng \u0111\u01b0\u1ee3c d\u00f9ng \u0111\u1ec3 gi\u00e1m s\u00e1t thi c\u00f4ng trong l\u0129nh v\u1ef1c x\u00e2y d\u1ef1ng.<\/p>\n<p>N\u01a1i s\u1eed d\u1ee5ng: C\u00f4ng ty TNHH t\u01b0 v\u1ea5n x\u00e2y d\u1ef1ng v\u00e0 m\u00f4i tr\u01b0\u1eddng.<br \/>\n\u0110\u1ecba ch\u1ec9: B14, F4, T\u1ed5 111, Ho\u00e0ng C\u1ea7u H\u00e0 N\u1ed9i.<br \/>\nNg\u01b0\u1eddi li\u00ean l\u1ea1c: Gi\u00e1m \u0111\u1ed1c Nguy\u1ec5n Anh D\u0169ng.<\/p>\n<p><strong>C\u1ea5u tr\u00fac: Thi\u1ebft b\u1ecb bao g\u1ed3m c\u00e1c th\u00e0nh ph\u1ea7n ch\u00ednh sau:<\/strong><\/p>\n<p>Kh\u1ed1i DLL-01A l\u00e0 thi\u1ebft b\u1ecb ghi v\u00e0 x\u1eed l\u00fd s\u1ed1 li\u1ec7u theo \u0111\u1ed9 s\u00e2u trong th\u1eddi gian th\u1ef1c.<br \/>\nC\u00e1c c\u1ea3m bi\u1ebfn \u0111\u1ea7u v\u00e0o c\u1ee7a thi\u1ebft b\u1ecb \u0111o bao g\u1ed3m c\u1ea3m bi\u1ebfn \u0111o \u0111\u1ed9 s\u00e2u (ki\u1ec3u A\/B Encoder), c\u1ea3m bi\u1ebfn \u0111o t\u1ea3i tr\u1ecdng.<br \/>\nPh\u1ea7n m\u1ec1m tr\u00ean m\u00e1y t\u00ednh PC (DataLogger) c\u00f3 ch\u1ee9c n\u0103ng nh\u1eadn s\u1ed1 li\u1ec7u t\u1eeb thi\u1ebft b\u1ecb \u0111o, hi\u1ec3n th\u1ecb, l\u01b0u tr\u1eef, in \u1ea5n b\u00e1o c\u00e1o d\u01b0\u1edbi d\u1ea1ng s\u1ed1 v\u00e0 \u0111\u1ed3 th\u1ecb.<\/p>\n<p><strong>T\u00ednh n\u0103ng c\u1ee7a h\u1ec7 th\u1ed1ng:<\/strong><\/p>\n<p>\u0110o v\u00e0 gi\u00e1m s\u00e1t theo th\u1eddi gian th\u1ef1c \u1ee9ng su\u1ea5t c\u1ee7a \u0111\u1ea5t \u0111\u00e1 theo \u0111\u1ed9 s\u00e2u.<br \/>\nL\u01b0u tr\u1eef c\u00e1c th\u00f4ng s\u1ed1 theo \u0111\u1ed9 s\u00e2u.<br \/>\nV\u00e0o s\u1ed1 li\u1ec7u hi\u1ec7u ch\u1ec9nh b\u01b0\u1edbc \u0111o \u0111\u1ed9 s\u00e2u.<br \/>\nV\u00e0o s\u1ed1 li\u1ec7u hi\u1ec7u ch\u1ec9nh b\u1ea3ng chu\u1ea9n t\u1ea3i tr\u1ecdng.<br \/>\nV\u00e0o s\u1ed1 li\u1ec7u thi\u1ebft di\u1ec7n m\u0169i khoan.<br \/>\nHi\u1ec3n th\u1ecb s\u1ed1 li\u1ec7u theo th\u1eddi gian th\u1ef1c d\u01b0\u1edbi d\u1ea1ng s\u1ed1 tr\u00ean thi\u1ebft b\u1ecb \u0111o v\u00e0 truy\u1ec1n offline sang m\u00e1y t\u00ednh.<br \/>\nH\u1ec7 th\u1ed1ng ho\u1ea1t \u0111\u1ed9ng 24\/24 gi\u1edd trong ng\u00e0y.<br \/>\nHo\u1ea1t \u0111\u1ed9ng \u1ed5n \u0111\u1ecbnh, tin c\u1eady, ph\u00f9 h\u1ee3p m\u00f4i tr\u01b0\u1eddng kh\u1eafc nghi\u1ec7t.<br \/>\nThi\u1ebft k\u1ebf c\u00f3 c\u1ea5u tr\u00fac m\u1edf d\u1ec5 n\u00e2ng c\u1ea5p v\u00e0 m\u1edf r\u1ed9ng.<br \/>\nXem T\u00ednh n\u0103ng k\u1ef9 thu\u1eadt<br \/>\nXem H\u01b0\u1edbng d\u1eabn s\u1eed d\u1ee5ng<\/p>","protected":false},"excerpt":{"rendered":"<p>Ph\u1ea1m vi \u1ee9ng d\u1ee5ng: Thi\u1ebft b\u1ecb d\u00f9ng \u0111\u1ec3 \u0111o \u1ee9ng su\u1ea5t c\u1ee7a \u0111\u1ea5t \u0111\u00e1 theo \u0111\u1ed9 s\u00e2u. Thi\u1ebft b\u1ecb th\u01b0\u1eddng [&hellip;]<\/p>\n","protected":false},"featured_media":1424,"comment_status":"open","ping_status":"closed","template":"","meta":{"_acf_changed":false,"_uag_custom_page_level_css":"","site-sidebar-layout":"default","site-content-layout":"","ast-site-content-layout":"default","site-content-style":"default","site-sidebar-style":"default","ast-global-header-display":"","ast-banner-title-visibility":"","ast-main-header-display":"","ast-hfb-above-header-display":"","ast-hfb-below-header-display":"","ast-hfb-mobile-header-display":"","site-post-title":"","ast-breadcrumbs-content":"","ast-featured-img":"","footer-sml-layout":"","ast-disable-related-posts":"","theme-transparent-header-meta":"","adv-header-id-meta":"","stick-header-meta":"","header-above-stick-meta":"","header-main-stick-meta":"","header-below-stick-meta":"","astra-migrate-meta-layouts":"default","ast-page-background-enabled":"default","ast-page-background-meta":{"desktop":{"background-color":"var(--ast-global-color-4)","background-image":"","background-repeat":"repeat","background-position":"center center","background-size":"auto","background-attachment":"scroll","background-type":"","background-media":"","overlay-type":"","overlay-color":"","overlay-opacity":"","overlay-gradient":""},"tablet":{"background-color":"","background-image":"","background-repeat":"repeat","background-position":"center center","background-size":"auto","background-attachment":"scroll","background-type":"","background-media":"","overlay-type":"","overlay-color":"","overlay-opacity":"","overlay-gradient":""},"mobile":{"background-color":"","background-image":"","background-repeat":"repeat","background-position":"center center","background-size":"auto","background-attachment":"scroll","background-type":"","background-media":"","overlay-type":"","overlay-color":"","overlay-opacity":"","overlay-gradient":""}},"ast-content-background-meta":{"desktop":{"background-color":"var(--ast-global-color-5)","background-image":"","background-repeat":"repeat","background-position":"center center","background-size":"auto","background-attachment":"scroll","background-type":"","background-media":"","overlay-type":"","overlay-color":"","overlay-opacity":"","overlay-gradient":""},"tablet":{"background-color":"var(--ast-global-color-5)","background-image":"","background-repeat":"repeat","background-position":"center center","background-size":"auto","background-attachment":"scroll","background-type":"","background-media":"","overlay-type":"","overlay-color":"","overlay-opacity":"","overlay-gradient":""},"mobile":{"background-color":"var(--ast-global-color-5)","background-image":"","background-repeat":"repeat","background-position":"center center","background-size":"auto","background-attachment":"scroll","background-type":"","background-media":"","overlay-type":"","overlay-color":"","overlay-opacity":"","overlay-gradient":""}}},"product_brand":[],"product_cat":[35],"product_tag":[],"class_list":{"0":"post-1386","1":"product","2":"type-product","3":"status-publish","4":"has-post-thumbnail","6":"product_cat-thiet-bi-do-luong-dieu-khien","7":"desktop-align-left","8":"tablet-align-left","9":"mobile-align-left","11":"first","12":"instock","13":"shipping-taxable","14":"product-type-simple"},"acf":[],"uagb_featured_image_src":{"full":["https:\/\/gbs-jsc.com\/wp-content\/uploads\/2026\/03\/ln.jpg",250,250,false],"thumbnail":["https:\/\/gbs-jsc.com\/wp-content\/uploads\/2026\/03\/ln-150x150.jpg",150,150,true],"medium":["https:\/\/gbs-jsc.com\/wp-content\/uploads\/2026\/03\/ln.jpg",250,250,false],"medium_large":["https:\/\/gbs-jsc.com\/wp-content\/uploads\/2026\/03\/ln.jpg",250,250,false],"large":["https:\/\/gbs-jsc.com\/wp-content\/uploads\/2026\/03\/ln.jpg",250,250,false],"1536x1536":["https:\/\/gbs-jsc.com\/wp-content\/uploads\/2026\/03\/ln.jpg",250,250,false],"2048x2048":["https:\/\/gbs-jsc.com\/wp-content\/uploads\/2026\/03\/ln.jpg",250,250,false],"trp-custom-language-flag":["https:\/\/gbs-jsc.com\/wp-content\/uploads\/2026\/03\/ln.jpg",12,12,false],"woocommerce_thumbnail":["https:\/\/gbs-jsc.com\/wp-content\/uploads\/2026\/03\/ln.jpg",250,250,false],"woocommerce_single":["https:\/\/gbs-jsc.com\/wp-content\/uploads\/2026\/03\/ln.jpg",250,250,false],"woocommerce_gallery_thumbnail":["https:\/\/gbs-jsc.com\/wp-content\/uploads\/2026\/03\/ln-100x100.jpg",100,100,true]},"uagb_author_info":{"display_name":"admin","author_link":"https:\/\/gbs-jsc.com\/en\/author"},"uagb_comment_info":0,"uagb_excerpt":"Ph\u1ea1m vi \u1ee9ng d\u1ee5ng: Thi\u1ebft b\u1ecb d\u00f9ng \u0111\u1ec3 \u0111o \u1ee9ng su\u1ea5t c\u1ee7a \u0111\u1ea5t \u0111\u00e1 theo \u0111\u1ed9 s\u00e2u. Thi\u1ebft b\u1ecb th\u01b0\u1eddng [&hellip;]","_links":{"self":[{"href":"https:\/\/gbs-jsc.com\/en\/wp-json\/wp\/v2\/product\/1386","targetHints":{"allow":["GET"]}}],"collection":[{"href":"https:\/\/gbs-jsc.com\/en\/wp-json\/wp\/v2\/product"}],"about":[{"href":"https:\/\/gbs-jsc.com\/en\/wp-json\/wp\/v2\/types\/product"}],"replies":[{"embeddable":true,"href":"https:\/\/gbs-jsc.com\/en\/wp-json\/wp\/v2\/comments?post=1386"}],"wp:featuredmedia":[{"embeddable":true,"href":"https:\/\/gbs-jsc.com\/en\/wp-json\/wp\/v2\/media\/1424"}],"wp:attachment":[{"href":"https:\/\/gbs-jsc.com\/en\/wp-json\/wp\/v2\/media?parent=1386"}],"wp:term":[{"taxonomy":"product_brand","embeddable":true,"href":"https:\/\/gbs-jsc.com\/en\/wp-json\/wp\/v2\/product_brand?post=1386"},{"taxonomy":"product_cat","embeddable":true,"href":"https:\/\/gbs-jsc.com\/en\/wp-json\/wp\/v2\/product_cat?post=1386"},{"taxonomy":"product_tag","embeddable":true,"href":"https:\/\/gbs-jsc.com\/en\/wp-json\/wp\/v2\/product_tag?post=1386"}],"curies":[{"name":"wp","href":"https:\/\/api.w.org\/{rel}","templated":true}]}}