{"id":1385,"date":"2026-03-30T13:36:57","date_gmt":"2026-03-30T06:36:57","guid":{"rendered":"http:\/\/dev.gbs-jsc.com\/?post_type=product&#038;p=1385"},"modified":"2026-03-30T13:38:03","modified_gmt":"2026-03-30T06:38:03","slug":"tram-do-carota-khi","status":"publish","type":"product","link":"https:\/\/gbs-jsc.com\/en\/product\/tram-do-carota-khi","title":{"rendered":"Tr\u1ea1m \u0111o Carota kh\u00ed"},"content":{"rendered":"<div class=\"post\">\n<div class=\"body\">\n<div id=\"19f23879-e07c-4bd8-b622-81f9fd4b9ab7\" class=\"postBody\" style=\"margin: 4px 0px 0px; border-width: 0px; padding: 0px;\" contenteditable=\"true\">\n<p><strong>Ph\u1ea1m vi \u1ee9ng d\u1ee5ng:<\/strong><br \/>\nTr\u1ea1m \u0111o d\u00f9ng \u0111\u1ec3 \u0111o v\u00e0 theo d\u00f5i c\u00e1c th\u00f4ng s\u1ed1 c\u1ee7a qu\u00e1 tr\u00ecnh khoan th\u0103m d\u00f2 d\u1ea7u kh\u00ed. H\u1ec7 th\u1ed1ng kh\u00f4ng ch\u1ec9 theo d\u00f5i v\u00e0 hi\u1ec3n th\u1ecb trong th\u1eddi gian th\u1ef1c c\u00e1c th\u00f4ng s\u1ed1 k\u1ef9 thu\u1eadt m\u00e0 c\u00f2n ph\u00e2n t\u00edch, c\u1ea3nh b\u00e1o s\u1edbm s\u1ef1 c\u1ed1. Ngo\u00e0i ra tr\u1ea1m c\u00f2n c\u00f3 th\u1ec3 s\u1eed d\u1ee5ng trong khoan th\u0103m d\u00f2 c\u00e1c lo\u1ea1i kho\u00e1ng s\u1ea3n kh\u00e1c nh\u01b0 than \u0111\u00e1, n\u01b0\u1edbc ng\u1ea7m&#8230; C\u1ea5u h\u00ecnh \u0111\u01a1n gi\u1ea3n c\u1ee7a h\u1ec7 th\u1ed1ng c\u00f3 th\u1ec3 s\u1eed d\u1ee5ng cho c\u00e1c tr\u1ea1m b\u01a1m n\u00e9n b\u00ea t\u00f4ng c\u1ee7a ng\u00e0nh x\u00e2y d\u1ef1ng.<br \/>\n<strong>C\u1ea5u tr\u00fac:<\/strong><br \/>\n&#8211; H\u1ec7 th\u1ed1ng c\u1ea3m bi\u1ebfn bao g\u1ed3m c\u00e1c lo\u1ea1i c\u1ea3m bi\u1ebfn \u0111o nhi\u1ec7t \u0111\u1ed9 dung d\u1ecbch v\u00e0o\/ra, c\u1ea3m bi\u1ebfn \u0111o \u00e1p su\u1ea5t b\u01a1m, c\u1ea3m bi\u1ebfn \u0111o \u0111\u1ed9 s\u00e2u, c\u1ea3m bi\u1ebfn \u0111o tr\u1ea1ng th\u00e1i (proximity), c\u1ea3m bi\u1ebfn \u0111o l\u01b0u l\u01b0\u1ee3ng, c\u1ea3m bi\u1ebfn \u0111o t\u1ef7 tr\u1ecdng dung &#8211; d\u1ecbch, c\u1ea3m bi\u1ebfn \u0111o t\u1ea3i tr\u1ecdng ch\u00f2ng khoan, c\u1ea3m bi\u1ebfn \u0111o moment xo\u1eafn\u2026<br \/>\n&#8211; M\u00e1y ph\u00e2n t\u00edch kh\u00ed t\u1ed5ng v\u00e0 kh\u00ed th\u00e0nh ph\u1ea7n.<br \/>\n&#8211; Kh\u1ed1i \u0111i\u1ec7n t\u1eed ph\u1ed1i gh\u00e9p v\u1edbi c\u00e1c c\u1ea3m bi\u1ebfn.<br \/>\n&#8211; Kh\u1ed1i \u0111i\u00ean t\u1eed ghi d\u1eef li\u1ec7u.<br \/>\n&#8211; H\u1ec7 th\u1ed1ng m\u00e1y t\u00ednh bao g\u1ed3m m\u00e1y t\u00ednh Real Time, m\u00e1y Server, m\u00e1y TDC d\u00f9ng \u0111\u1ec3 l\u00e0m t\u00e0i li\u1ec7u v\u00e0 hi\u1ec7u ch\u1ec9nh offline. C\u00e1c m\u00e1y in Real Time v\u00e0 Offline.<br \/>\n&#8211; H\u1ec7 th\u1ed1ng ch\u1ed1ng ch\u00e1y n\u1ed5 d\u00f9ng cho c\u00e1c \u0111\u1ed1i t\u01b0\u1ee3ng l\u00e0m vi\u1ec7c tr\u00ean gi\u00e0n khoan.<br \/>\n&#8211; H\u1ec7 th\u1ed1ng ph\u1ea7n m\u1ec1m th\u1eddi gian th\u1ef1c bao g\u1ed3m:<br \/>\n&#8211; Ph\u1ea7n m\u1ec1m DAP \u2013 \u0111i\u1ec1u khi\u1ec3n h\u1ec7 th\u1ed1ng, l\u1ea5y m\u1eabu, t\u00ednh t\u00f3an v\u00e0 truy\u1ec1n s\u1ed1 li\u1ec7u sang m\u00e1y t\u00ednh Real Time. X\u1eed l\u00fd th\u00f4ng tin Calib c\u1ee7a m\u00e1y TDC.<br \/>\n&#8211; Ph\u1ea7n m\u1ec1m Real Time &#8211; nh\u1eadn s\u1ed1 li\u1ec7u t\u1eeb DAP, t\u00ednh to\u00e1n, hi\u1ec3n th\u1ecb, \u0111\u1eb7t ng\u01b0\u1ee1ng c\u00e1c tham s\u1ed1 v\u00e0 in \u1ea5n k\u1ebft theo \u0111\u1ed9 s\u00e2u trong th\u1eddi gian th\u1ef1c.<br \/>\n&#8211; Ph\u1ea7n m\u1ec1m Server \u2013 l\u01b0u tr\u1eef, hi\u1ec3n th\u1ecb, in \u1ea5n k\u1ebft qu\u1ea3 theo \u0111\u1ed9 s\u00e2u v\u00e0 th\u1eddi gian \u1edf c\u00e1c ch\u1ebf \u0111\u1ed9 Real time v\u00e0 Playback.<br \/>\n&#8211; Ph\u1ea7n m\u1ec1m Offline tr\u00ean m\u00e1y TDC: chu\u1ea9n c\u00e1c c\u1ea3m bi\u1ebfn, c\u00e1c ch\u01b0\u01a1ng tr\u00ecnh x\u00e2y d\u1ef1ng t\u00e0i li\u1ec7u D-exponent, Master-log, Hydrolic, Kich Control, Gas Packet, Deviation Package, Geology Package, Overpressure Package\u2026<br \/>\n&#8211; C\u00e1c c\u00f4ng c\u1ee5 kh\u00e1c: import\/export Data, Symbol Editor, Plots, Geology Editor.<br \/>\n<strong>T\u00ednh n\u0103ng c\u1ee7a h\u1ec7 th\u1ed1ng:<\/strong><br \/>\n&#8211; \u0110o v\u00e0 gi\u00e1m s\u00e1t theo th\u1eddi gian th\u1ef1c 3 nh\u00f3m th\u00f4ng s\u1ed1 &#8211; th\u00f4ng s\u1ed1 dung d\u1ecbch, th\u00f4ng s\u1ed1 khoan v\u00e0 th\u00f4ng s\u1ed1 kh\u00ed. Bao g\u1ed3m h\u01a1n 30 th\u00f4ng s\u1ed1 \u0111o tr\u1ef1c ti\u1ebfp v\u00e0 h\u01a1n 100 th\u00f4ng s\u1ed1 t\u00ednh t\u00f3an.<br \/>\n&#8211; L\u01b0u tr\u1eef c\u00e1c th\u00f4ng s\u1ed1 theo th\u1eddi gian th\u1ef1c v\u00e0 \u0111\u1ed9 s\u00e2u th\u1ef1c. Ri\u00eang c\u00e1c tham s\u1ed1 kh\u00ed l\u01b0u tr\u1eef theo \u0111\u1ed9 s\u00e2u ch\u1eadm \u0111\u1ebfn.<br \/>\n&#8211; \u0110\u1eb7t ng\u01b0\u1ee1ng b\u00e1o \u0111\u1ed9ng cho c\u00e1c tham s\u1ed1, cung c\u1ea5p s\u1ed1 li\u1ec7u \u0111\u1ec3 x\u1eed l\u00fd s\u1ef1 c\u1ed1.<br \/>\n&#8211; Hi\u1ec3n th\u1ecb v\u00e0 in \u1ea5n s\u1ed1 li\u1ec7u theo th\u1eddi gian th\u1ef1c d\u01b0\u1edbi d\u1ea1ng s\u1ed1 v\u00e0 \u0111\u1ed3 th\u1ecb. Bao g\u1ed3m c\u00e1c th\u00f4ng s\u1ed1 ch\u00ednh nh\u01b0 sau:<br \/>\n+Nhi\u1ec7t \u0111\u1ed9 dung d\u1ecbch khoan.<br \/>\n+\u00a0\u0110i\u1ec7n tr\u1edf dung d\u1ecbch khoan.<br \/>\n+T\u1ef7 tr\u1ecdng dung d\u1ecbch khoan.<br \/>\n+M\u1ee9c ch\u1ee9a c\u1ee7a c\u00e1c b\u1ec3 dung d\u1ecbch.<br \/>\n+L\u01b0u l\u01b0\u1ee3ng dung d\u1ecbch v\u00e0o \/ra.<br \/>\n+L\u01b0\u1ee3ng dung d\u1ecbch ti\u00eau hao.<br \/>\n+Tr\u1ecdng l\u01b0\u1ee3ng m\u0169i khoan v\u00e0 x\u00e2u c\u1ea7n khoan.<br \/>\n+T\u1ed1c \u0111\u1ed9 b\u00e0n quay v\u00e0 moment quay.<br \/>\n+\u0110\u1ed9 s\u00e2u v\u00e0 g\u00f3c khoan.<br \/>\n+\u00c1p l\u1ef1c b\u01a1m v\u00e0 t\u1ed1c \u0111\u1ed9 b\u01a1m<br \/>\n+N\u1ed3ng \u0111\u1ed9 kh\u00ed H2S v\u00e0 c\u00e1c kh\u00ed g\u00e2y ch\u00e1y n\u1ed5.<br \/>\n+Kh\u00ed t\u1ed5ng v\u00e0 kh\u00ed th\u00e0nh ph\u1ea7n.<br \/>\n&#8211; H\u1ec7 th\u1ed1ng ho\u1ea1t \u0111\u1ed9ng 24\/24 gi\u1edd trong ng\u00e0y.<br \/>\n&#8211; Ho\u1ea1t \u0111\u1ed9ng \u1ed5n \u0111\u1ecbnh, tin c\u1eady, ph\u00f9 h\u1ee3p m\u00f4i tr\u01b0\u1eddng bi\u1ec3n.<br \/>\n&#8211; Thi\u1ebft k\u1ebf c\u00f3 c\u1ea5u tr\u00fac m\u1edf d\u1ec5 n\u00e2ng c\u1ea5p v\u00e0 m\u1edf r\u1ed9ng.<\/p>\n<\/div>\n<\/div>\n<\/div>","protected":false},"excerpt":{"rendered":"<p>Ph\u1ea1m vi \u1ee9ng d\u1ee5ng: Tr\u1ea1m \u0111o d\u00f9ng \u0111\u1ec3 \u0111o v\u00e0 theo d\u00f5i c\u00e1c th\u00f4ng s\u1ed1 c\u1ee7a qu\u00e1 tr\u00ecnh khoan th\u0103m [&hellip;]<\/p>\n","protected":false},"featured_media":1423,"comment_status":"open","ping_status":"closed","template":"","meta":{"_acf_changed":false,"_uag_custom_page_level_css":"","site-sidebar-layout":"default","site-content-layout":"","ast-site-content-layout":"default","site-content-style":"default","site-sidebar-style":"default","ast-global-header-display":"","ast-banner-title-visibility":"","ast-main-header-display":"","ast-hfb-above-header-display":"","ast-hfb-below-header-display":"","ast-hfb-mobile-header-display":"","site-post-title":"","ast-breadcrumbs-content":"","ast-featured-img":"","footer-sml-layout":"","ast-disable-related-posts":"","theme-transparent-header-meta":"","adv-header-id-meta":"","stick-header-meta":"","header-above-stick-meta":"","header-main-stick-meta":"","header-below-stick-meta":"","astra-migrate-meta-layouts":"default","ast-page-background-enabled":"default","ast-page-background-meta":{"desktop":{"background-color":"var(--ast-global-color-4)","background-image":"","background-repeat":"repeat","background-position":"center center","background-size":"auto","background-attachment":"scroll","background-type":"","background-media":"","overlay-type":"","overlay-color":"","overlay-opacity":"","overlay-gradient":""},"tablet":{"background-color":"","background-image":"","background-repeat":"repeat","background-position":"center center","background-size":"auto","background-attachment":"scroll","background-type":"","background-media":"","overlay-type":"","overlay-color":"","overlay-opacity":"","overlay-gradient":""},"mobile":{"background-color":"","background-image":"","background-repeat":"repeat","background-position":"center center","background-size":"auto","background-attachment":"scroll","background-type":"","background-media":"","overlay-type":"","overlay-color":"","overlay-opacity":"","overlay-gradient":""}},"ast-content-background-meta":{"desktop":{"background-color":"var(--ast-global-color-5)","background-image":"","background-repeat":"repeat","background-position":"center center","background-size":"auto","background-attachment":"scroll","background-type":"","background-media":"","overlay-type":"","overlay-color":"","overlay-opacity":"","overlay-gradient":""},"tablet":{"background-color":"var(--ast-global-color-5)","background-image":"","background-repeat":"repeat","background-position":"center center","background-size":"auto","background-attachment":"scroll","background-type":"","background-media":"","overlay-type":"","overlay-color":"","overlay-opacity":"","overlay-gradient":""},"mobile":{"background-color":"var(--ast-global-color-5)","background-image":"","background-repeat":"repeat","background-position":"center center","background-size":"auto","background-attachment":"scroll","background-type":"","background-media":"","overlay-type":"","overlay-color":"","overlay-opacity":"","overlay-gradient":""}}},"product_brand":[],"product_cat":[35],"product_tag":[],"class_list":{"0":"post-1385","1":"product","2":"type-product","3":"status-publish","4":"has-post-thumbnail","6":"product_cat-thiet-bi-do-luong-dieu-khien","7":"desktop-align-left","8":"tablet-align-left","9":"mobile-align-left","11":"first","12":"instock","13":"shipping-taxable","14":"product-type-simple"},"acf":[],"uagb_featured_image_src":{"full":["https:\/\/gbs-jsc.com\/wp-content\/uploads\/2026\/03\/ct.jpg",250,250,false],"thumbnail":["https:\/\/gbs-jsc.com\/wp-content\/uploads\/2026\/03\/ct-150x150.jpg",150,150,true],"medium":["https:\/\/gbs-jsc.com\/wp-content\/uploads\/2026\/03\/ct.jpg",250,250,false],"medium_large":["https:\/\/gbs-jsc.com\/wp-content\/uploads\/2026\/03\/ct.jpg",250,250,false],"large":["https:\/\/gbs-jsc.com\/wp-content\/uploads\/2026\/03\/ct.jpg",250,250,false],"1536x1536":["https:\/\/gbs-jsc.com\/wp-content\/uploads\/2026\/03\/ct.jpg",250,250,false],"2048x2048":["https:\/\/gbs-jsc.com\/wp-content\/uploads\/2026\/03\/ct.jpg",250,250,false],"trp-custom-language-flag":["https:\/\/gbs-jsc.com\/wp-content\/uploads\/2026\/03\/ct.jpg",12,12,false],"woocommerce_thumbnail":["https:\/\/gbs-jsc.com\/wp-content\/uploads\/2026\/03\/ct.jpg",250,250,false],"woocommerce_single":["https:\/\/gbs-jsc.com\/wp-content\/uploads\/2026\/03\/ct.jpg",250,250,false],"woocommerce_gallery_thumbnail":["https:\/\/gbs-jsc.com\/wp-content\/uploads\/2026\/03\/ct-100x100.jpg",100,100,true]},"uagb_author_info":{"display_name":"admin","author_link":"https:\/\/gbs-jsc.com\/en\/author"},"uagb_comment_info":0,"uagb_excerpt":"Ph\u1ea1m vi \u1ee9ng d\u1ee5ng: Tr\u1ea1m \u0111o d\u00f9ng \u0111\u1ec3 \u0111o v\u00e0 theo d\u00f5i c\u00e1c th\u00f4ng s\u1ed1 c\u1ee7a qu\u00e1 tr\u00ecnh khoan th\u0103m [&hellip;]","_links":{"self":[{"href":"https:\/\/gbs-jsc.com\/en\/wp-json\/wp\/v2\/product\/1385","targetHints":{"allow":["GET"]}}],"collection":[{"href":"https:\/\/gbs-jsc.com\/en\/wp-json\/wp\/v2\/product"}],"about":[{"href":"https:\/\/gbs-jsc.com\/en\/wp-json\/wp\/v2\/types\/product"}],"replies":[{"embeddable":true,"href":"https:\/\/gbs-jsc.com\/en\/wp-json\/wp\/v2\/comments?post=1385"}],"wp:featuredmedia":[{"embeddable":true,"href":"https:\/\/gbs-jsc.com\/en\/wp-json\/wp\/v2\/media\/1423"}],"wp:attachment":[{"href":"https:\/\/gbs-jsc.com\/en\/wp-json\/wp\/v2\/media?parent=1385"}],"wp:term":[{"taxonomy":"product_brand","embeddable":true,"href":"https:\/\/gbs-jsc.com\/en\/wp-json\/wp\/v2\/product_brand?post=1385"},{"taxonomy":"product_cat","embeddable":true,"href":"https:\/\/gbs-jsc.com\/en\/wp-json\/wp\/v2\/product_cat?post=1385"},{"taxonomy":"product_tag","embeddable":true,"href":"https:\/\/gbs-jsc.com\/en\/wp-json\/wp\/v2\/product_tag?post=1385"}],"curies":[{"name":"wp","href":"https:\/\/api.w.org\/{rel}","templated":true}]}}