{"id":1384,"date":"2026-03-30T13:36:56","date_gmt":"2026-03-30T06:36:56","guid":{"rendered":"http:\/\/dev.gbs-jsc.com\/?post_type=product&#038;p=1384"},"modified":"2026-03-30T13:38:01","modified_gmt":"2026-03-30T06:38:01","slug":"he-thong-thu-via-gieng-khoan","status":"publish","type":"product","link":"https:\/\/gbs-jsc.com\/en\/product\/he-thong-thu-via-gieng-khoan","title":{"rendered":"H\u1ec7 th\u1ed1ng th\u1eed v\u1ec9a gi\u1ebfng khoan"},"content":{"rendered":"<p><strong>Ph\u1ea1m vi \u1ee9ng d\u1ee5ng:<br \/>\n<\/strong>H\u1ec7 th\u1ed1ng d\u00f9ng \u0111\u1ec3 \u0111o v\u00e0 t\u00ednh t\u00f3an c\u00e1c th\u00f4ng s\u1ed1 v\u1ec9a, cho ph\u00e9p x\u00e1c \u0111\u1ecbnh tr\u1eef l\u01b0\u1ee3ng v\u00e0 c\u00e1c ch\u1ebf \u0111\u1ed9 khai th\u00e1c t\u1ed1i \u01b0u, ph\u1ee5c v\u1ee5 qu\u00e1 tr\u00ecnh x\u1eed l\u00fd gi\u1ebfng.<\/p>\n<p><strong>C\u1ea5u tr\u00fac:<br \/>\n<\/strong>&#8211; H\u1ec7 th\u1ed1ng thi\u1ebft b\u1ecb \u0111o c\u00e1c tham s\u1ed1 b\u1ec1 m\u1eb7t: c\u1ea3m bi\u1ebfn \u0111o \u00e1p su\u1ea5t mi\u1ec7ng gi\u1ebfng, \u00e1p su\u1ea5t b\u00ecnh t\u00e1ch, ch\u00eanh \u00e1p b\u1ea1t \u0111\u1ec7m, \u00e1p su\u1ea5t kh\u00ed quy\u1ec3n, nhi\u1ec7t \u0111\u1ed9 kh\u00ed quy\u1ec3n, nhi\u1ec7t \u0111\u1ed9 mi\u1ec7ng gi\u1ebfng, nhi\u1ec7t \u0111\u1ed9 \u0111\u01b0\u1eddng kh\u00ed, m\u1ee9c d\u1ea7u trong b\u00ecnh t\u00e1ch, l\u01b0u l\u01b0\u1ee3ng d\u1ea7u\u2026<br \/>\n&#8211; B\u1ed9 \u0111o v\u00e0 ph\u1ed1i gh\u00e9p c\u00e1c c\u1ea3m bi\u1ebfn.<br \/>\n&#8211; Thi\u1ebft b\u1ecb \u0111o \u00e1p su\u1ea5t v\u00e0 nhi\u1ec7t \u0111\u1ed9 \u0111\u00e1y gi\u1ebfng.<br \/>\n&#8211; H\u1ec7 th\u1ed1ng ph\u1ea7n m\u1ec1m \u0111o l\u01b0\u1eddng l\u1ea5y m\u1eabu v\u00e0 x\u1eed l\u00fd d\u1eef li\u1ec7u:<br \/>\n&#8211; Ph\u1ea7n m\u1ec1m Kuster \u2013 \u0111\u1eb7t ch\u1ebf \u0111\u1ed9 ghi s\u1ed1 li\u1ec7u, \u0111\u1ecdc s\u1ed1 li\u1ec7u cho m\u00e1y \u0111o \u00e1p su\u1ea5t \u0111\u00e1y.<br \/>\n&#8211; Ph\u1ea7n m\u1ec1m GlogWT \u2013 \u0111o, t\u00ednh t\u00f3an, hi\u1ec3n th\u1ecb gi\u00e1 tr\u1ecb d\u01b0\u1edbi d\u1ea1ng b\u1ea3ng s\u1ed1, \u0111\u1ed3 th\u1ecb, \u0111\u1ed3ng h\u1ed3 gi\u00e1 tr\u1ecb t\u1ee9c th\u1eddi v\u00e0 in s\u1ed1 li\u1ec7u.<br \/>\n&#8211; Ph\u1ea7n m\u1ec1m GeditWT &#8211; hi\u1ec3n th\u1ecb file s\u1ed1 li\u1ec7u \u0111o c\u0169, s\u1eeda, nh\u1eadp, gi\u00e1 tr\u1ecb m\u1edbi t\u1eeb b\u00e0m ph\u00edm, t\u00ednh t\u00f3an l\u01b0u l\u01b0\u1ee3ng.<br \/>\n&#8211; Ph\u1ea7n m\u1ec1m EditData: s\u1eeda ch\u1eefa, chuy\u1ec3n \u0111\u1ed5i, in s\u1ed1 li\u1ec7u c\u00e1c format kh\u00e1c nhau (ASCII, DBF, LAS, MRG, DBASE)<br \/>\n&#8211; Ph\u1ea7n m\u1ec1m Welltest: nh\u1eadp, xu\u1ea5t, x\u1eed l\u00fd s\u1ed1 li\u1ec7u th\u1eed v\u1ec9a, in b\u00e1o c\u00e1o.<br \/>\n<strong> T\u00ednh n\u0103ng c\u1ee7a h\u1ec7 th\u1ed1ng:<br \/>\n<\/strong>&#8211; \u0110o v\u00e0 gi\u00e1m s\u00e1t theo th\u1eddi gian c\u00e1c th\u00f4ng s\u1ed1 b\u1ec1 m\u1eb7t.<br \/>\n&#8211; T\u00ednh to\u00e1n c\u00e1c tham s\u1ed1 d\u1eabn su\u1ea5t nh\u01b0 \u0111\u1ed9 d\u1eabn th\u1ee7y, \u0111\u1ed9 th\u1ea9m th\u1ea5u, \u00e1p su\u1ea5t v\u1ec9a ban \u0111\u1ea7u, \u0111\u1ed9 d\u1eabn su\u1ea5t, h\u1ec7 s\u1ed1 Skin effect\u2026<br \/>\n&#8211; X\u1eed l\u00fd nhi\u1ec1u m\u00f4 h\u00ecnh gi\u1ebfng.<br \/>\n&#8211; H\u1ec7 th\u1ed1ng ho\u1ea1t \u0111\u1ed9ng 24\/24 gi\u1edd trong ng\u00e0y.<br \/>\n&#8211; Ho\u1ea1t \u0111\u1ed9ng \u1ed5n \u0111\u1ecbnh, tin c\u1eady, ph\u00f9 h\u1ee3p m\u00f4i tr\u01b0\u1eddng bi\u1ec3n.<br \/>\n&#8211; Ph\u1ea7n m\u1ec1m th\u00e2n thi\u1ec7n, d\u1ec5 s\u1eed d\u1ee5ng tr\u00ean h\u1ec7 \u0111i\u1ec1u h\u00e0nh WINDOWS 98\/2000\/XP.<br \/>\n&#8211; Thi\u1ebft k\u1ebf c\u00f3 c\u1ea5u tr\u00fac m\u1edf d\u1ec5 n\u00e2ng c\u1ea5p v\u00e0 m\u1edf r\u1ed9ng.<\/p>","protected":false},"excerpt":{"rendered":"<p>Ph\u1ea1m vi \u1ee9ng d\u1ee5ng: H\u1ec7 th\u1ed1ng d\u00f9ng \u0111\u1ec3 \u0111o v\u00e0 t\u00ednh t\u00f3an c\u00e1c th\u00f4ng s\u1ed1 v\u1ec9a, cho ph\u00e9p x\u00e1c \u0111\u1ecbnh [&hellip;]<\/p>\n","protected":false},"featured_media":1422,"comment_status":"open","ping_status":"closed","template":"","meta":{"_acf_changed":false,"_uag_custom_page_level_css":"","site-sidebar-layout":"default","site-content-layout":"","ast-site-content-layout":"default","site-content-style":"default","site-sidebar-style":"default","ast-global-header-display":"","ast-banner-title-visibility":"","ast-main-header-display":"","ast-hfb-above-header-display":"","ast-hfb-below-header-display":"","ast-hfb-mobile-header-display":"","site-post-title":"","ast-breadcrumbs-content":"","ast-featured-img":"","footer-sml-layout":"","ast-disable-related-posts":"","theme-transparent-header-meta":"","adv-header-id-meta":"","stick-header-meta":"","header-above-stick-meta":"","header-main-stick-meta":"","header-below-stick-meta":"","astra-migrate-meta-layouts":"default","ast-page-background-enabled":"default","ast-page-background-meta":{"desktop":{"background-color":"var(--ast-global-color-4)","background-image":"","background-repeat":"repeat","background-position":"center center","background-size":"auto","background-attachment":"scroll","background-type":"","background-media":"","overlay-type":"","overlay-color":"","overlay-opacity":"","overlay-gradient":""},"tablet":{"background-color":"","background-image":"","background-repeat":"repeat","background-position":"center center","background-size":"auto","background-attachment":"scroll","background-type":"","background-media":"","overlay-type":"","overlay-color":"","overlay-opacity":"","overlay-gradient":""},"mobile":{"background-color":"","background-image":"","background-repeat":"repeat","background-position":"center center","background-size":"auto","background-attachment":"scroll","background-type":"","background-media":"","overlay-type":"","overlay-color":"","overlay-opacity":"","overlay-gradient":""}},"ast-content-background-meta":{"desktop":{"background-color":"var(--ast-global-color-5)","background-image":"","background-repeat":"repeat","background-position":"center center","background-size":"auto","background-attachment":"scroll","background-type":"","background-media":"","overlay-type":"","overlay-color":"","overlay-opacity":"","overlay-gradient":""},"tablet":{"background-color":"var(--ast-global-color-5)","background-image":"","background-repeat":"repeat","background-position":"center center","background-size":"auto","background-attachment":"scroll","background-type":"","background-media":"","overlay-type":"","overlay-color":"","overlay-opacity":"","overlay-gradient":""},"mobile":{"background-color":"var(--ast-global-color-5)","background-image":"","background-repeat":"repeat","background-position":"center center","background-size":"auto","background-attachment":"scroll","background-type":"","background-media":"","overlay-type":"","overlay-color":"","overlay-opacity":"","overlay-gradient":""}}},"product_brand":[],"product_cat":[35],"product_tag":[],"class_list":{"0":"post-1384","1":"product","2":"type-product","3":"status-publish","4":"has-post-thumbnail","6":"product_cat-thiet-bi-do-luong-dieu-khien","7":"desktop-align-left","8":"tablet-align-left","9":"mobile-align-left","11":"first","12":"instock","13":"shipping-taxable","14":"product-type-simple"},"acf":[],"uagb_featured_image_src":{"full":["https:\/\/gbs-jsc.com\/wp-content\/uploads\/2026\/03\/tv.jpg",250,250,false],"thumbnail":["https:\/\/gbs-jsc.com\/wp-content\/uploads\/2026\/03\/tv-150x150.jpg",150,150,true],"medium":["https:\/\/gbs-jsc.com\/wp-content\/uploads\/2026\/03\/tv.jpg",250,250,false],"medium_large":["https:\/\/gbs-jsc.com\/wp-content\/uploads\/2026\/03\/tv.jpg",250,250,false],"large":["https:\/\/gbs-jsc.com\/wp-content\/uploads\/2026\/03\/tv.jpg",250,250,false],"1536x1536":["https:\/\/gbs-jsc.com\/wp-content\/uploads\/2026\/03\/tv.jpg",250,250,false],"2048x2048":["https:\/\/gbs-jsc.com\/wp-content\/uploads\/2026\/03\/tv.jpg",250,250,false],"trp-custom-language-flag":["https:\/\/gbs-jsc.com\/wp-content\/uploads\/2026\/03\/tv.jpg",12,12,false],"woocommerce_thumbnail":["https:\/\/gbs-jsc.com\/wp-content\/uploads\/2026\/03\/tv.jpg",250,250,false],"woocommerce_single":["https:\/\/gbs-jsc.com\/wp-content\/uploads\/2026\/03\/tv.jpg",250,250,false],"woocommerce_gallery_thumbnail":["https:\/\/gbs-jsc.com\/wp-content\/uploads\/2026\/03\/tv-100x100.jpg",100,100,true]},"uagb_author_info":{"display_name":"admin","author_link":"https:\/\/gbs-jsc.com\/en\/author"},"uagb_comment_info":0,"uagb_excerpt":"Ph\u1ea1m vi \u1ee9ng d\u1ee5ng: H\u1ec7 th\u1ed1ng d\u00f9ng \u0111\u1ec3 \u0111o v\u00e0 t\u00ednh t\u00f3an c\u00e1c th\u00f4ng s\u1ed1 v\u1ec9a, cho ph\u00e9p x\u00e1c \u0111\u1ecbnh [&hellip;]","_links":{"self":[{"href":"https:\/\/gbs-jsc.com\/en\/wp-json\/wp\/v2\/product\/1384","targetHints":{"allow":["GET"]}}],"collection":[{"href":"https:\/\/gbs-jsc.com\/en\/wp-json\/wp\/v2\/product"}],"about":[{"href":"https:\/\/gbs-jsc.com\/en\/wp-json\/wp\/v2\/types\/product"}],"replies":[{"embeddable":true,"href":"https:\/\/gbs-jsc.com\/en\/wp-json\/wp\/v2\/comments?post=1384"}],"wp:featuredmedia":[{"embeddable":true,"href":"https:\/\/gbs-jsc.com\/en\/wp-json\/wp\/v2\/media\/1422"}],"wp:attachment":[{"href":"https:\/\/gbs-jsc.com\/en\/wp-json\/wp\/v2\/media?parent=1384"}],"wp:term":[{"taxonomy":"product_brand","embeddable":true,"href":"https:\/\/gbs-jsc.com\/en\/wp-json\/wp\/v2\/product_brand?post=1384"},{"taxonomy":"product_cat","embeddable":true,"href":"https:\/\/gbs-jsc.com\/en\/wp-json\/wp\/v2\/product_cat?post=1384"},{"taxonomy":"product_tag","embeddable":true,"href":"https:\/\/gbs-jsc.com\/en\/wp-json\/wp\/v2\/product_tag?post=1384"}],"curies":[{"name":"wp","href":"https:\/\/api.w.org\/{rel}","templated":true}]}}