{"id":1383,"date":"2026-03-30T13:36:55","date_gmt":"2026-03-30T06:36:55","guid":{"rendered":"http:\/\/dev.gbs-jsc.com\/?post_type=product&#038;p=1383"},"modified":"2026-03-30T13:37:58","modified_gmt":"2026-03-30T06:37:58","slug":"tram-do-carota-dien-gls","status":"publish","type":"product","link":"https:\/\/gbs-jsc.com\/en\/product\/tram-do-carota-dien-gls","title":{"rendered":"Tr\u1ea1m \u0111o Carota \u0111i\u1ec7n GLS"},"content":{"rendered":"<p align=\"justify\"><b>Ph\u1ea1m vi \u1ee9ng d\u1ee5ng:<\/b> Tr\u1ea1m \u0111o d\u00f9ng \u0111\u1ec3 \u0111o gi\u1ebfng h\u1edf (open hole), \u0111o ki\u1ec3m tra khai th\u00e1c trong l\u0129nh v\u1ef1c khoan th\u0103m d\u00f2 d\u1ea7u kh\u00ed. Ngo\u00e0i ra tr\u1ea1m c\u00f2n d\u00f9ng trong khoan th\u0103m d\u00f2 c\u00e1c lo\u1ea1i kho\u00e1ng s\u1ea3n kh\u00e1c nh\u01b0 than \u0111\u00e1, n\u01b0\u1edbc ng\u1ea7m&#8230;<\/p>\n<p><b>C\u1ea5u tr\u00fac:<\/b><\/p>\n<ul>\n<li>H\u1ec7 th\u1ed1ng ngu\u1ed3n l\u1eadp tr\u00ecnh \u0111\u01b0\u1ee3c.<\/li>\n<li>Kh\u1ed1i ph\u1ed1i gh\u00e9p v\u1edbi h\u1ecd m\u00e1y gi\u1ebfng \u0111o gi\u1ebfng h\u1edf b\u1eb1ng ph\u01b0\u01a1ng ph\u00e1p \u0111i\u1ec7n.<\/li>\n<li>Kh\u1ed1i ph\u1ed1i gh\u00e9p v\u1edbi h\u1ecd m\u00e1y gi\u1ebfng \u0111o gi\u1ebfng h\u1edf b\u1eb1ng ph\u01b0\u01a1ng ph\u00e1p ph\u00f3ng x\u1ea1.<\/li>\n<li>Kh\u1ed1i ph\u1ed1i gh\u00e9p v\u1edbi h\u1ecd m\u00e1y gi\u1ebfng \u0111o gi\u1ebfng h\u1edf b\u1eb1ng ph\u01b0\u01a1ng ph\u00e1p si\u00eau \u00e2m (ki\u1ec3m tra ch\u1ea5t l\u01b0\u1ee3ng xi m\u0103ng).<\/li>\n<li>Kh\u1ed1i ph\u1ed1i gh\u00e9p v\u1edbi h\u1ecd m\u00e1y gi\u1ebfng \u0111o ki\u1ec3m tra khai th\u00e1c.<\/li>\n<li>B\u1ed9 ghi d\u1eef li\u1ec7u v\u00e0 s\u1eed l\u00fd \u0111\u1ed9 s\u00e2u, s\u1ee9c c\u0103ng.<\/li>\n<li>Kh\u1ed1i ghi d\u1eef li\u1ec7u m\u00e1y gi\u1ebfng.<\/li>\n<\/ul>\n<p><b>T\u00ednh n\u0103ng c\u1ee7a h\u1ec7 th\u1ed1ng:<\/b><\/p>\n<ul>\n<li>Tr\u1ea1m \u0111o t\u01b0\u01a1ng th\u00edch v\u1edbi c\u00e1c m\u00e1y gi\u1ebfng \u0111o b\u1eb1ng ph\u01b0\u01a1ng ph\u00e1p t\u01b0\u01a1ng t\u1ef1 c\u1ee7a Nga nh\u01b0 m\u00e1y \u0111i\u1ec7n ki\u1ec3u E1, E2, E3, E9, E39M, K31M\u2026 m\u00e1y x\u1ea1 ki\u1ec3u PK1, PK3, RK4, RK8, CK100, m\u00e1y si\u00eau \u00e2m ki\u1ec3u AK1, AK4, AK44, AKC4\u2026<\/li>\n<li>Tr\u1ea1m \u0111o t\u01b0\u01a1ng th\u00edch v\u1edbi c\u00e1c m\u00e1y gi\u1ebfng ki\u1ec3m tra khai th\u00e1c c\u1ee7a Computalog, Sodesep, Sondex \u2026<\/li>\n<li>T\u01b0\u01a1ng th\u00edch v\u1edbi c\u00e1c ph\u01b0\u01a1ng th\u1ee9c m\u00e3 h\u00f3a t\u00edn hi\u1ec7u AM, FM, PM, FSK.<\/li>\n<li>Ghi ph\u1ed5 s\u00f3ng si\u00eau \u00e2m t\u00f2an ph\u1ea7n v\u1edbi \u0111\u1ed9 ph\u00e2n gi\u1ea3i 1\u00b5s, 12 bit.<\/li>\n<li>T\u1ef1 \u0111\u1ed9ng hi\u1ec7u ch\u1ec9nh \u0111\u1ed9 s\u00e2u v\u1edbi \u0111\u1ed9 ph\u00e2n gi\u1ea3i 0.01m.<\/li>\n<li>Thi\u1ebft k\u1ebf m\u1edf.<\/li>\n<li>Ph\u1ea7n m\u1ec1m th\u00e2n thi\u1ec7n, d\u1ec5 s\u1eed d\u1ee5ng tr\u00ean h\u1ec7 \u0111i\u1ec1u h\u00e0nh WINDOWS 98\/2000\/XP.<\/li>\n<li>Ho\u1ea1t \u0111\u1ed9ng \u1ed5n \u0111\u1ecbnh, tin c\u1eady, ph\u00f9 h\u1ee3p m\u00f4i tr\u01b0\u1eddng bi\u1ec3n<\/li>\n<\/ul>","protected":false},"excerpt":{"rendered":"<p>Ph\u1ea1m vi \u1ee9ng d\u1ee5ng: Tr\u1ea1m \u0111o d\u00f9ng \u0111\u1ec3 \u0111o gi\u1ebfng h\u1edf (open hole), \u0111o ki\u1ec3m tra khai th\u00e1c trong l\u0129nh [&hellip;]<\/p>\n","protected":false},"featured_media":1421,"comment_status":"open","ping_status":"closed","template":"","meta":{"_acf_changed":false,"_uag_custom_page_level_css":"","site-sidebar-layout":"default","site-content-layout":"","ast-site-content-layout":"default","site-content-style":"default","site-sidebar-style":"default","ast-global-header-display":"","ast-banner-title-visibility":"","ast-main-header-display":"","ast-hfb-above-header-display":"","ast-hfb-below-header-display":"","ast-hfb-mobile-header-display":"","site-post-title":"","ast-breadcrumbs-content":"","ast-featured-img":"","footer-sml-layout":"","ast-disable-related-posts":"","theme-transparent-header-meta":"","adv-header-id-meta":"","stick-header-meta":"","header-above-stick-meta":"","header-main-stick-meta":"","header-below-stick-meta":"","astra-migrate-meta-layouts":"default","ast-page-background-enabled":"default","ast-page-background-meta":{"desktop":{"background-color":"var(--ast-global-color-4)","background-image":"","background-repeat":"repeat","background-position":"center center","background-size":"auto","background-attachment":"scroll","background-type":"","background-media":"","overlay-type":"","overlay-color":"","overlay-opacity":"","overlay-gradient":""},"tablet":{"background-color":"","background-image":"","background-repeat":"repeat","background-position":"center center","background-size":"auto","background-attachment":"scroll","background-type":"","background-media":"","overlay-type":"","overlay-color":"","overlay-opacity":"","overlay-gradient":""},"mobile":{"background-color":"","background-image":"","background-repeat":"repeat","background-position":"center center","background-size":"auto","background-attachment":"scroll","background-type":"","background-media":"","overlay-type":"","overlay-color":"","overlay-opacity":"","overlay-gradient":""}},"ast-content-background-meta":{"desktop":{"background-color":"var(--ast-global-color-5)","background-image":"","background-repeat":"repeat","background-position":"center center","background-size":"auto","background-attachment":"scroll","background-type":"","background-media":"","overlay-type":"","overlay-color":"","overlay-opacity":"","overlay-gradient":""},"tablet":{"background-color":"var(--ast-global-color-5)","background-image":"","background-repeat":"repeat","background-position":"center center","background-size":"auto","background-attachment":"scroll","background-type":"","background-media":"","overlay-type":"","overlay-color":"","overlay-opacity":"","overlay-gradient":""},"mobile":{"background-color":"var(--ast-global-color-5)","background-image":"","background-repeat":"repeat","background-position":"center center","background-size":"auto","background-attachment":"scroll","background-type":"","background-media":"","overlay-type":"","overlay-color":"","overlay-opacity":"","overlay-gradient":""}}},"product_brand":[],"product_cat":[35],"product_tag":[],"class_list":{"0":"post-1383","1":"product","2":"type-product","3":"status-publish","4":"has-post-thumbnail","6":"product_cat-thiet-bi-do-luong-dieu-khien","7":"desktop-align-left","8":"tablet-align-left","9":"mobile-align-left","11":"first","12":"instock","13":"shipping-taxable","14":"product-type-simple"},"acf":[],"uagb_featured_image_src":{"full":["https:\/\/gbs-jsc.com\/wp-content\/uploads\/2026\/03\/dl1.jpg",250,250,false],"thumbnail":["https:\/\/gbs-jsc.com\/wp-content\/uploads\/2026\/03\/dl1-150x150.jpg",150,150,true],"medium":["https:\/\/gbs-jsc.com\/wp-content\/uploads\/2026\/03\/dl1.jpg",250,250,false],"medium_large":["https:\/\/gbs-jsc.com\/wp-content\/uploads\/2026\/03\/dl1.jpg",250,250,false],"large":["https:\/\/gbs-jsc.com\/wp-content\/uploads\/2026\/03\/dl1.jpg",250,250,false],"1536x1536":["https:\/\/gbs-jsc.com\/wp-content\/uploads\/2026\/03\/dl1.jpg",250,250,false],"2048x2048":["https:\/\/gbs-jsc.com\/wp-content\/uploads\/2026\/03\/dl1.jpg",250,250,false],"trp-custom-language-flag":["https:\/\/gbs-jsc.com\/wp-content\/uploads\/2026\/03\/dl1.jpg",12,12,false],"woocommerce_thumbnail":["https:\/\/gbs-jsc.com\/wp-content\/uploads\/2026\/03\/dl1.jpg",250,250,false],"woocommerce_single":["https:\/\/gbs-jsc.com\/wp-content\/uploads\/2026\/03\/dl1.jpg",250,250,false],"woocommerce_gallery_thumbnail":["https:\/\/gbs-jsc.com\/wp-content\/uploads\/2026\/03\/dl1-100x100.jpg",100,100,true]},"uagb_author_info":{"display_name":"admin","author_link":"https:\/\/gbs-jsc.com\/en\/author"},"uagb_comment_info":0,"uagb_excerpt":"Ph\u1ea1m vi \u1ee9ng d\u1ee5ng: Tr\u1ea1m \u0111o d\u00f9ng \u0111\u1ec3 \u0111o gi\u1ebfng h\u1edf (open hole), \u0111o ki\u1ec3m tra khai th\u00e1c trong l\u0129nh [&hellip;]","_links":{"self":[{"href":"https:\/\/gbs-jsc.com\/en\/wp-json\/wp\/v2\/product\/1383","targetHints":{"allow":["GET"]}}],"collection":[{"href":"https:\/\/gbs-jsc.com\/en\/wp-json\/wp\/v2\/product"}],"about":[{"href":"https:\/\/gbs-jsc.com\/en\/wp-json\/wp\/v2\/types\/product"}],"replies":[{"embeddable":true,"href":"https:\/\/gbs-jsc.com\/en\/wp-json\/wp\/v2\/comments?post=1383"}],"wp:featuredmedia":[{"embeddable":true,"href":"https:\/\/gbs-jsc.com\/en\/wp-json\/wp\/v2\/media\/1421"}],"wp:attachment":[{"href":"https:\/\/gbs-jsc.com\/en\/wp-json\/wp\/v2\/media?parent=1383"}],"wp:term":[{"taxonomy":"product_brand","embeddable":true,"href":"https:\/\/gbs-jsc.com\/en\/wp-json\/wp\/v2\/product_brand?post=1383"},{"taxonomy":"product_cat","embeddable":true,"href":"https:\/\/gbs-jsc.com\/en\/wp-json\/wp\/v2\/product_cat?post=1383"},{"taxonomy":"product_tag","embeddable":true,"href":"https:\/\/gbs-jsc.com\/en\/wp-json\/wp\/v2\/product_tag?post=1383"}],"curies":[{"name":"wp","href":"https:\/\/api.w.org\/{rel}","templated":true}]}}