{"id":1382,"date":"2026-03-30T13:36:53","date_gmt":"2026-03-30T06:36:53","guid":{"rendered":"http:\/\/dev.gbs-jsc.com\/?post_type=product&#038;p=1382"},"modified":"2026-03-30T13:37:57","modified_gmt":"2026-03-30T06:37:57","slug":"vihe-thong-kiem-thu-cap-thong-tinengbs-cable-test-system","status":"publish","type":"product","link":"https:\/\/gbs-jsc.com\/en\/product\/vihe-thong-kiem-thu-cap-thong-tinengbs-cable-test-system","title":{"rendered":"H\u1ec7 th\u1ed1ng ki\u1ec3m th\u1eed c\u00e1p th\u00f4ng tin"},"content":{"rendered":"<p align=\"justify\"><b>Ph\u1ea1m vi \u1ee9ng d\u1ee5ng:<\/b><small><span style=\"font-size: small;\"> H\u1ec7 th\u1ed1ng ki\u1ec3m tra ch\u1ea5t l\u01b0\u1ee3ng c\u00e1p th\u00f4ng tin (GCTS-XX) d\u00f9ng \u0111\u1ec3 t\u1ef1 \u0111\u1ed9ng ki\u1ec3m tra c\u00e1c th\u00f4ng s\u1ed1 k\u1ef9 thu\u1eadt c\u1ee7a c\u00e1p th\u00f4ng tin theo ti\u00eau chu\u1ea9n ng\u00e0nh TCN 68-132:1998 c\u1ee7a T\u1ed5ng c\u1ee5c B\u01b0u \u0111i\u1ec7n Vi\u1ec7t Nam. \u0110\u1eb7c bi\u1ec7t th\u00edch h\u1ee3p cho c\u00e1c nh\u00e0 m\u00e1y ch\u1ebf t\u1ea1o c\u00e1p th\u00f4ng tin , c\u00e1c nh\u00e0 cung c\u1ea5p d\u1ecbch v\u1ee5 m\u1ea1ng.<\/span><\/small><\/p>\n<p align=\"justify\"><b>N\u01a1i s\u1eed d\u1ee5ng:<\/b><small><span style=\"font-size: small;\"> Nh\u00e0 m\u00e1y M3, B\u1ed9 T\u01b0 l\u1ec7nh Th\u00f4ng tin li\u00ean l\u1ea1c, B\u1ed9 Qu\u1ed1c ph\u00f2ng.<br \/>\n\u0110\u1ecba ch\u1ec9: S\u01a1n t\u00e2y, H\u00e0 t\u00e2y.<\/span><\/small><\/p>\n<p align=\"justify\"><b>M\u00f4 t\u1ea3 s\u1ea3n ph\u1ea9m:<\/b><small><span style=\"font-size: small;\"> C\u00e1c h\u1ec7 th\u1ed1ng GCTS-XX \u0111\u01b0\u1ee3c ch\u1ebf t\u1ea1o theo m\u1ed9t thi\u1ebft k\u1ebf m\u1edf, c\u00f3 th\u1ec3 m\u1edf r\u1ed9ng v\u00e0 n\u00e2ng c\u1ea5p \u0111\u1ec3 t\u0103ng s\u1ed1 l\u01b0\u1ee3ng \u0111\u00f4i c\u00e1p v\u00e0 c\u00e1c t\u00ednh n\u0103ng k\u1ef9 thu\u1eadt c\u1ea7n ki\u1ec3m tra. S\u1ed1 l\u01b0\u1ee3ng \u0111\u00f4i c\u00e1p c\u1ef1c \u0111\u1ea1i c\u00f3 th\u1ec3 ki\u1ec3m tra l\u00e0 24, 48 v\u00e0 102.<\/span><\/small><\/p>\n<p><b><span style=\"font-size: small;\">C\u1ea5u tr\u00fac:<\/span><\/b><small><\/small><\/p>\n<ul>\n<li><small><span style=\"font-size: small;\">H\u1ec7 th\u1ed1ng c\u00e1c m\u00e1y \u0111o c\u00f3 th\u1ec3 l\u1eadp tr\u00ecnh \u0111\u01b0\u1ee3c bao g\u1ed3m m\u00e1y \u0111o RCL, m\u00e1y \u0111o c\u00f4ng su\u1ea5t, m\u00e1y \u0111o \u0111i\u1ec7n tr\u1edf c\u00e1ch \u0111i\u1ec7n.<\/span><\/small><\/li>\n<li><small><span style=\"font-size: small;\">M\u00e1y ph\u00e1t t\u00edn hi\u1ec7u c\u00f3 th\u1ec3 l\u1eadp tr\u00ecnh \u0111\u01b0\u1ee3c.<\/span><\/small><\/li>\n<li><small><span style=\"font-size: small;\">H\u1ec7 th\u1ed1ng ph\u1ed1i gh\u00e9p v\u00e0 truy\u1ec1n t\u00edn hi\u1ec7u \u0111i\u1ec1u khi\u1ec3n.<\/span><\/small><\/li>\n<li><small><span style=\"font-size: small;\">H\u1ec7 th\u1ed1ng ma tr\u1eadn chuy\u1ec3n m\u1ea1ch.<\/span><\/small><\/li>\n<li><small><span style=\"font-size: small;\">M\u00e1y t\u00ednh trung t\u00e2m v\u00e0 c\u00e1c b\u1ed9 \u0111i\u1ec1u khi\u1ec3n.<\/span><\/small><\/li>\n<li><small><span style=\"font-size: small;\">Ph\u1ea7n m\u1ec1m \u0111i\u1ec1u khi\u1ec3n c\u00e1c thi\u1ebft b\u1ecb ph\u1ea7n c\u1ee9ng, ghi s\u1ed1 li\u1ec7u, x\u1eed l\u00fd, l\u01b0u tr\u1eef s\u1ed1 li\u1ec7u, in \u1ea5n b\u00e1o c\u00e1o.<\/span><\/small><\/li>\n<\/ul>\n<p><b><span style=\"font-size: small;\">T\u00ednh n\u0103ng c\u1ee7a h\u1ec7 th\u1ed1ng:<\/span><\/b><\/p>\n<ul>\n<li><span style=\"font-size: small;\">\u0110o tr\u1edf thu\u1ea7n c\u1ee7a t\u1eebng d\u00e2y RA, RB. X\u00e1c \u0111\u1ecbnh \u0111\u1ed9 m\u1ea5t c\u00e2n b\u1eb1ng c\u1ee7a t\u1eebng \u0111\u00f4i d\u00e2y.<\/span><\/li>\n<li><span style=\"font-size: small;\">\u0110o \u0111i\u1ec7n dung c\u00f4ng t\u00e1c trung b\u00ecnh. X\u00e1c \u0111\u1ecbnh \u0111i\u1ec7n dung kh\u00f4ng c\u00e2n b\u1eb1ng.<\/span><\/li>\n<li><span style=\"font-size: small;\">\u0110o \u0111\u1ed9 suy hao truy\u1ec1n d\u1eabn \u1edf c\u00e1c t\u1ea7n s\u1ed1 1Khz, 150Khz, 772Khz.<\/span><\/li>\n<li><span style=\"font-size: small;\">\u0110o suy hao xuy\u00ean \u00e2m \u0111\u1ea7u g\u1ea7n \u1edf c\u00e1c t\u1ea7n s\u1ed1 1Khz, 150Khz, 772Khz.<\/span><\/li>\n<li><span style=\"font-size: small;\">\u0110o suy hao xuy\u00ean \u00e2m \u0111\u1ea7u xa \u1edf c\u00e1c t\u1ea7n s\u1ed1 1Khz, 150Khz, 772Khz.<\/span><\/li>\n<li><span style=\"font-size: small;\">\u0110o tr\u1edf c\u00e1ch \u0111i\u1ec7n.<\/span><\/li>\n<li><span style=\"font-size: small;\">H\u1ec7 th\u1ed1ng c\u00f3 c\u1ea5u tr\u00fac m\u1edf, d\u1ec5 d\u00e0ng b\u1ed5 xung n\u00e2ng c\u1ea5p c\u00e1c qui tr\u00ecnh ki\u1ec3m tra.<\/span><\/li>\n<li><span style=\"font-size: small;\">Ph\u1ea7n m\u1ec1m th\u00e2n thi\u1ec7n d\u1ec5 s\u1eed d\u1ee5ng tr\u00ean WINDOW 98\/2000\/XP.<\/span><\/li>\n<\/ul>\n<p>&nbsp;<\/p>\n<p>&nbsp;<\/p>","protected":false},"excerpt":{"rendered":"<p>Ph\u1ea1m vi \u1ee9ng d\u1ee5ng: H\u1ec7 th\u1ed1ng ki\u1ec3m tra ch\u1ea5t l\u01b0\u1ee3ng c\u00e1p th\u00f4ng tin (GCTS-XX) d\u00f9ng \u0111\u1ec3 t\u1ef1 \u0111\u1ed9ng ki\u1ec3m tra [&hellip;]<\/p>\n","protected":false},"featured_media":1420,"comment_status":"open","ping_status":"closed","template":"","meta":{"_acf_changed":false,"_uag_custom_page_level_css":"","site-sidebar-layout":"default","site-content-layout":"","ast-site-content-layout":"default","site-content-style":"default","site-sidebar-style":"default","ast-global-header-display":"","ast-banner-title-visibility":"","ast-main-header-display":"","ast-hfb-above-header-display":"","ast-hfb-below-header-display":"","ast-hfb-mobile-header-display":"","site-post-title":"","ast-breadcrumbs-content":"","ast-featured-img":"","footer-sml-layout":"","ast-disable-related-posts":"","theme-transparent-header-meta":"","adv-header-id-meta":"","stick-header-meta":"","header-above-stick-meta":"","header-main-stick-meta":"","header-below-stick-meta":"","astra-migrate-meta-layouts":"default","ast-page-background-enabled":"default","ast-page-background-meta":{"desktop":{"background-color":"var(--ast-global-color-4)","background-image":"","background-repeat":"repeat","background-position":"center center","background-size":"auto","background-attachment":"scroll","background-type":"","background-media":"","overlay-type":"","overlay-color":"","overlay-opacity":"","overlay-gradient":""},"tablet":{"background-color":"","background-image":"","background-repeat":"repeat","background-position":"center center","background-size":"auto","background-attachment":"scroll","background-type":"","background-media":"","overlay-type":"","overlay-color":"","overlay-opacity":"","overlay-gradient":""},"mobile":{"background-color":"","background-image":"","background-repeat":"repeat","background-position":"center center","background-size":"auto","background-attachment":"scroll","background-type":"","background-media":"","overlay-type":"","overlay-color":"","overlay-opacity":"","overlay-gradient":""}},"ast-content-background-meta":{"desktop":{"background-color":"var(--ast-global-color-5)","background-image":"","background-repeat":"repeat","background-position":"center center","background-size":"auto","background-attachment":"scroll","background-type":"","background-media":"","overlay-type":"","overlay-color":"","overlay-opacity":"","overlay-gradient":""},"tablet":{"background-color":"var(--ast-global-color-5)","background-image":"","background-repeat":"repeat","background-position":"center center","background-size":"auto","background-attachment":"scroll","background-type":"","background-media":"","overlay-type":"","overlay-color":"","overlay-opacity":"","overlay-gradient":""},"mobile":{"background-color":"var(--ast-global-color-5)","background-image":"","background-repeat":"repeat","background-position":"center center","background-size":"auto","background-attachment":"scroll","background-type":"","background-media":"","overlay-type":"","overlay-color":"","overlay-opacity":"","overlay-gradient":""}}},"product_brand":[],"product_cat":[34],"product_tag":[],"class_list":{"0":"post-1382","1":"product","2":"type-product","3":"status-publish","4":"has-post-thumbnail","6":"product_cat-thiet-ke-che-tao","7":"desktop-align-left","8":"tablet-align-left","9":"mobile-align-left","11":"first","12":"instock","13":"shipping-taxable","14":"product-type-simple"},"acf":[],"uagb_featured_image_src":{"full":["https:\/\/gbs-jsc.com\/wp-content\/uploads\/2026\/03\/ca.jpg",250,250,false],"thumbnail":["https:\/\/gbs-jsc.com\/wp-content\/uploads\/2026\/03\/ca-150x150.jpg",150,150,true],"medium":["https:\/\/gbs-jsc.com\/wp-content\/uploads\/2026\/03\/ca.jpg",250,250,false],"medium_large":["https:\/\/gbs-jsc.com\/wp-content\/uploads\/2026\/03\/ca.jpg",250,250,false],"large":["https:\/\/gbs-jsc.com\/wp-content\/uploads\/2026\/03\/ca.jpg",250,250,false],"1536x1536":["https:\/\/gbs-jsc.com\/wp-content\/uploads\/2026\/03\/ca.jpg",250,250,false],"2048x2048":["https:\/\/gbs-jsc.com\/wp-content\/uploads\/2026\/03\/ca.jpg",250,250,false],"trp-custom-language-flag":["https:\/\/gbs-jsc.com\/wp-content\/uploads\/2026\/03\/ca.jpg",12,12,false],"woocommerce_thumbnail":["https:\/\/gbs-jsc.com\/wp-content\/uploads\/2026\/03\/ca.jpg",250,250,false],"woocommerce_single":["https:\/\/gbs-jsc.com\/wp-content\/uploads\/2026\/03\/ca.jpg",250,250,false],"woocommerce_gallery_thumbnail":["https:\/\/gbs-jsc.com\/wp-content\/uploads\/2026\/03\/ca-100x100.jpg",100,100,true]},"uagb_author_info":{"display_name":"admin","author_link":"https:\/\/gbs-jsc.com\/en\/author"},"uagb_comment_info":0,"uagb_excerpt":"Ph\u1ea1m vi \u1ee9ng d\u1ee5ng: H\u1ec7 th\u1ed1ng ki\u1ec3m tra ch\u1ea5t l\u01b0\u1ee3ng c\u00e1p th\u00f4ng tin (GCTS-XX) d\u00f9ng \u0111\u1ec3 t\u1ef1 \u0111\u1ed9ng ki\u1ec3m tra [&hellip;]","_links":{"self":[{"href":"https:\/\/gbs-jsc.com\/en\/wp-json\/wp\/v2\/product\/1382","targetHints":{"allow":["GET"]}}],"collection":[{"href":"https:\/\/gbs-jsc.com\/en\/wp-json\/wp\/v2\/product"}],"about":[{"href":"https:\/\/gbs-jsc.com\/en\/wp-json\/wp\/v2\/types\/product"}],"replies":[{"embeddable":true,"href":"https:\/\/gbs-jsc.com\/en\/wp-json\/wp\/v2\/comments?post=1382"}],"wp:featuredmedia":[{"embeddable":true,"href":"https:\/\/gbs-jsc.com\/en\/wp-json\/wp\/v2\/media\/1420"}],"wp:attachment":[{"href":"https:\/\/gbs-jsc.com\/en\/wp-json\/wp\/v2\/media?parent=1382"}],"wp:term":[{"taxonomy":"product_brand","embeddable":true,"href":"https:\/\/gbs-jsc.com\/en\/wp-json\/wp\/v2\/product_brand?post=1382"},{"taxonomy":"product_cat","embeddable":true,"href":"https:\/\/gbs-jsc.com\/en\/wp-json\/wp\/v2\/product_cat?post=1382"},{"taxonomy":"product_tag","embeddable":true,"href":"https:\/\/gbs-jsc.com\/en\/wp-json\/wp\/v2\/product_tag?post=1382"}],"curies":[{"name":"wp","href":"https:\/\/api.w.org\/{rel}","templated":true}]}}