{"id":1381,"date":"2026-03-30T13:36:52","date_gmt":"2026-03-30T06:36:52","guid":{"rendered":"http:\/\/dev.gbs-jsc.com\/?post_type=product&#038;p=1381"},"modified":"2026-03-30T13:37:55","modified_gmt":"2026-03-30T06:37:55","slug":"vihe-thong-kiem-tra-dong-coengbs-dynamometer","status":"publish","type":"product","link":"https:\/\/gbs-jsc.com\/en\/product\/vihe-thong-kiem-tra-dong-coengbs-dynamometer","title":{"rendered":"H\u1ec7 th\u1ed1ng ki\u1ec3m tra \u0111\u1ed9ng c\u01a1"},"content":{"rendered":"<p align=\"justify\"><b>Ph\u1ea1m vi \u1ee9ng d\u1ee5ng:<\/b><small><span style=\"font-size: small;\"> d\u00f9ng \u0111\u1ec3 t\u1ef1 \u0111\u1ed9ng ki\u1ec3m tra c\u00e1c lo\u1ea1i \u0111\u1ed9ng c\u01a1 tr\u01b0\u1edbc khi xu\u1ea5t x\u01b0\u1edfng, bao g\u1ed3m: \u0111\u1ed9ng c\u01a1 \u00f4 t\u00f4, \u0111\u1ed9ng c\u01a1 m\u00e1y diezen, \u0111\u1ed9ng c\u01a1 m\u00e1y ph\u00e1t \u0111i\u1ec7n, t\u1ea7u th\u1ee7y\u2026 Ngo\u00e0i ra h\u1ec7 th\u1ed1ng c\u00f2n \u0111\u01b0\u1ee3c s\u1eed d\u1ee5ng trong c\u00e1c tr\u01b0\u1eddng \u0111\u1ea1i h\u1ecdc trung h\u1ecdc nh\u1eb1m gi\u1ea3ng d\u1ea1y v\u1ec1 \u0111\u1ed9ng c\u01a1.<\/span><\/small><\/p>\n<p align=\"justify\"><b>M\u00f4 t\u1ea3 s\u1ea3n ph\u1ea9m:<br \/>\n<\/b><b><span style=\"font-size: small;\">C\u1ea5u tr\u00fac:<\/span><\/b><small><\/small><\/p>\n<ul>\n<li><small><span style=\"font-size: small;\">H\u1ec7 th\u1ed1ng gia t\u1ea3i .<\/span><\/small><\/li>\n<li><small><span style=\"font-size: small;\">H\u1ec7 th\u1ed1ng c\u00e1c c\u1ea3m bi\u1ebfn (nhi\u1ec7t \u0111\u1ed9, \u00e1p su\u1ea5t, t\u1ed1c \u0111\u1ed9, l\u01b0u l\u01b0\u1ee3ng, moment\u2026).<\/span><\/small><\/li>\n<li><small><span style=\"font-size: small;\">H\u1ec7 th\u1ed1ng \u0111i\u1ec7n t\u1eed ph\u1ed1i gh\u00e9p v\u1edbi c\u00e1c c\u1ea3m bi\u1ebfn.<\/span><\/small><\/li>\n<li><small><span style=\"font-size: small;\">Ph\u1ea7n m\u1ec1m \u0111i\u1ec1u khi\u1ec3n, ghi s\u1ed1 li\u1ec7u, ph\u00e2n t\u00edch v\u00e0 \u0111\u00e1nh gi\u00e1 \u0111\u1eb7c tuy\u1ebfn t\u1ea3i&#8230;<\/span><\/small><\/li>\n<\/ul>\n<p><b><span style=\"font-size: small;\">T\u00ednh n\u0103ng c\u1ee7a h\u1ec7 th\u1ed1ng:<\/span><\/b><small><\/small><\/p>\n<ul>\n<li><span style=\"font-size: small;\">\u0110o v\u00e0 ghi c\u00e1c th\u00f4ng s\u1ed1 theo th\u1eddi gian th\u1ef1c, bao g\u1ed3m: nhi\u1ec7t \u0111\u1ed9 kh\u00ed x\u1ea3, nhi\u1ec7t \u0111\u1ed9 n\u01b0\u1edbc l\u00e0m m\u00e1t v\u00e0o\/ra, nhi\u1ec7t \u0111\u1ed9 d\u1ea7u b\u00f4i tr\u01a1n, \u00e1p su\u1ea5t d\u1ea7u b\u00f4i tr\u01a1n, \u00e1p su\u1ea5t \u0111\u1ed9ng bu\u1ed3ng \u0111\u1ed1t, t\u1ed1c \u0111\u1ed9 v\u00f2ng quay, \u0111\u1ed9 rung c\u1ee7a \u0111\u1ed9ng c\u01a1, moment xo\u1eafn c\u1ee7a tr\u1ee5c khu\u1ef7u, c\u00f4ng su\u1ea5t \u0111\u1ed9ng c\u01a1\u2026<\/span><\/li>\n<li><span style=\"font-size: small;\">T\u00ednh su\u1ea5t ti\u00eau hao nhi\u00ean li\u1ec7u, ti\u00eau hao d\u1ea7u nh\u1edbt.<\/span><\/li>\n<li><span style=\"font-size: small;\">X\u00e2y d\u1ef1ng \u0111\u1eb7c tuy\u1ebfn t\u1ea3i\u2026<\/span><\/li>\n<li><span style=\"font-size: small;\">Ph\u1ea7n m\u1ec1m th\u00e2n thi\u1ec7n, d\u1ec5 s\u1eed d\u1ee5ng tr\u00ean m\u00f4i tr\u01b0\u1eddng WIN 98\/2000\/XP.<\/span><\/li>\n<\/ul>\n<p>&nbsp;<\/p>\n<p>&nbsp;<\/p>","protected":false},"excerpt":{"rendered":"<p>Ph\u1ea1m vi \u1ee9ng d\u1ee5ng: d\u00f9ng \u0111\u1ec3 t\u1ef1 \u0111\u1ed9ng ki\u1ec3m tra c\u00e1c lo\u1ea1i \u0111\u1ed9ng c\u01a1 tr\u01b0\u1edbc khi xu\u1ea5t x\u01b0\u1edfng, bao g\u1ed3m: [&hellip;]<\/p>\n","protected":false},"featured_media":1419,"comment_status":"open","ping_status":"closed","template":"","meta":{"_acf_changed":false,"_uag_custom_page_level_css":"","site-sidebar-layout":"default","site-content-layout":"","ast-site-content-layout":"default","site-content-style":"default","site-sidebar-style":"default","ast-global-header-display":"","ast-banner-title-visibility":"","ast-main-header-display":"","ast-hfb-above-header-display":"","ast-hfb-below-header-display":"","ast-hfb-mobile-header-display":"","site-post-title":"","ast-breadcrumbs-content":"","ast-featured-img":"","footer-sml-layout":"","ast-disable-related-posts":"","theme-transparent-header-meta":"","adv-header-id-meta":"","stick-header-meta":"","header-above-stick-meta":"","header-main-stick-meta":"","header-below-stick-meta":"","astra-migrate-meta-layouts":"default","ast-page-background-enabled":"default","ast-page-background-meta":{"desktop":{"background-color":"var(--ast-global-color-4)","background-image":"","background-repeat":"repeat","background-position":"center center","background-size":"auto","background-attachment":"scroll","background-type":"","background-media":"","overlay-type":"","overlay-color":"","overlay-opacity":"","overlay-gradient":""},"tablet":{"background-color":"","background-image":"","background-repeat":"repeat","background-position":"center center","background-size":"auto","background-attachment":"scroll","background-type":"","background-media":"","overlay-type":"","overlay-color":"","overlay-opacity":"","overlay-gradient":""},"mobile":{"background-color":"","background-image":"","background-repeat":"repeat","background-position":"center center","background-size":"auto","background-attachment":"scroll","background-type":"","background-media":"","overlay-type":"","overlay-color":"","overlay-opacity":"","overlay-gradient":""}},"ast-content-background-meta":{"desktop":{"background-color":"var(--ast-global-color-5)","background-image":"","background-repeat":"repeat","background-position":"center center","background-size":"auto","background-attachment":"scroll","background-type":"","background-media":"","overlay-type":"","overlay-color":"","overlay-opacity":"","overlay-gradient":""},"tablet":{"background-color":"var(--ast-global-color-5)","background-image":"","background-repeat":"repeat","background-position":"center center","background-size":"auto","background-attachment":"scroll","background-type":"","background-media":"","overlay-type":"","overlay-color":"","overlay-opacity":"","overlay-gradient":""},"mobile":{"background-color":"var(--ast-global-color-5)","background-image":"","background-repeat":"repeat","background-position":"center center","background-size":"auto","background-attachment":"scroll","background-type":"","background-media":"","overlay-type":"","overlay-color":"","overlay-opacity":"","overlay-gradient":""}}},"product_brand":[],"product_cat":[34],"product_tag":[],"class_list":{"0":"post-1381","1":"product","2":"type-product","3":"status-publish","4":"has-post-thumbnail","6":"product_cat-thiet-ke-che-tao","7":"desktop-align-left","8":"tablet-align-left","9":"mobile-align-left","11":"first","12":"instock","13":"shipping-taxable","14":"product-type-simple"},"acf":[],"uagb_featured_image_src":{"full":["https:\/\/gbs-jsc.com\/wp-content\/uploads\/2026\/03\/tk.jpg",250,250,false],"thumbnail":["https:\/\/gbs-jsc.com\/wp-content\/uploads\/2026\/03\/tk-150x150.jpg",150,150,true],"medium":["https:\/\/gbs-jsc.com\/wp-content\/uploads\/2026\/03\/tk.jpg",250,250,false],"medium_large":["https:\/\/gbs-jsc.com\/wp-content\/uploads\/2026\/03\/tk.jpg",250,250,false],"large":["https:\/\/gbs-jsc.com\/wp-content\/uploads\/2026\/03\/tk.jpg",250,250,false],"1536x1536":["https:\/\/gbs-jsc.com\/wp-content\/uploads\/2026\/03\/tk.jpg",250,250,false],"2048x2048":["https:\/\/gbs-jsc.com\/wp-content\/uploads\/2026\/03\/tk.jpg",250,250,false],"trp-custom-language-flag":["https:\/\/gbs-jsc.com\/wp-content\/uploads\/2026\/03\/tk.jpg",12,12,false],"woocommerce_thumbnail":["https:\/\/gbs-jsc.com\/wp-content\/uploads\/2026\/03\/tk.jpg",250,250,false],"woocommerce_single":["https:\/\/gbs-jsc.com\/wp-content\/uploads\/2026\/03\/tk.jpg",250,250,false],"woocommerce_gallery_thumbnail":["https:\/\/gbs-jsc.com\/wp-content\/uploads\/2026\/03\/tk-100x100.jpg",100,100,true]},"uagb_author_info":{"display_name":"admin","author_link":"https:\/\/gbs-jsc.com\/en\/author"},"uagb_comment_info":0,"uagb_excerpt":"Ph\u1ea1m vi \u1ee9ng d\u1ee5ng: d\u00f9ng \u0111\u1ec3 t\u1ef1 \u0111\u1ed9ng ki\u1ec3m tra c\u00e1c lo\u1ea1i \u0111\u1ed9ng c\u01a1 tr\u01b0\u1edbc khi xu\u1ea5t x\u01b0\u1edfng, bao g\u1ed3m: [&hellip;]","_links":{"self":[{"href":"https:\/\/gbs-jsc.com\/en\/wp-json\/wp\/v2\/product\/1381","targetHints":{"allow":["GET"]}}],"collection":[{"href":"https:\/\/gbs-jsc.com\/en\/wp-json\/wp\/v2\/product"}],"about":[{"href":"https:\/\/gbs-jsc.com\/en\/wp-json\/wp\/v2\/types\/product"}],"replies":[{"embeddable":true,"href":"https:\/\/gbs-jsc.com\/en\/wp-json\/wp\/v2\/comments?post=1381"}],"wp:featuredmedia":[{"embeddable":true,"href":"https:\/\/gbs-jsc.com\/en\/wp-json\/wp\/v2\/media\/1419"}],"wp:attachment":[{"href":"https:\/\/gbs-jsc.com\/en\/wp-json\/wp\/v2\/media?parent=1381"}],"wp:term":[{"taxonomy":"product_brand","embeddable":true,"href":"https:\/\/gbs-jsc.com\/en\/wp-json\/wp\/v2\/product_brand?post=1381"},{"taxonomy":"product_cat","embeddable":true,"href":"https:\/\/gbs-jsc.com\/en\/wp-json\/wp\/v2\/product_cat?post=1381"},{"taxonomy":"product_tag","embeddable":true,"href":"https:\/\/gbs-jsc.com\/en\/wp-json\/wp\/v2\/product_tag?post=1381"}],"curies":[{"name":"wp","href":"https:\/\/api.w.org\/{rel}","templated":true}]}}