{"id":1380,"date":"2026-03-30T13:36:51","date_gmt":"2026-03-30T06:36:51","guid":{"rendered":"http:\/\/dev.gbs-jsc.com\/?post_type=product&#038;p=1380"},"modified":"2026-03-30T13:37:54","modified_gmt":"2026-03-30T06:37:54","slug":"vihe-thong-kiem-thuentestbench","status":"publish","type":"product","link":"https:\/\/gbs-jsc.com\/en\/product\/vihe-thong-kiem-thuentestbench","title":{"rendered":"H\u1ec7 th\u1ed1ng ki\u1ec3m th\u1eed"},"content":{"rendered":"<p><strong>Ph\u1ea1m vi \u1ee9ng d\u1ee5ng:<\/strong> H\u1ec7 th\u1ed1ng Ki\u1ec3m th\u1eed t\u1ef1 \u0111\u1ed9ng (ATS) d\u00f9ng \u0111\u1ec3 t\u1ef1 \u0111\u1ed9ng ki\u1ec3m tra c\u00e1c thi\u1ebft b\u1ecb \u0111i\u1ec7n t\u1eed chuy\u00ean d\u1ee5ng, bao g\u1ed3m c\u1ea3 c\u00e1c kh\u00ed t\u00e0i QS, c\u00e1c m\u00e1y th\u00f4ng tin, c\u00e1c m\u00e1y \u0111o\u2026 \u0110\u1eb7c bi\u1ec7t th\u00edch h\u1ee3p cho c\u00e1c nh\u00e0 m\u00e1y c\u00f3 s\u1ea3n ph\u1ea9m ch\u1ebf t\u1ea1o h\u00e0ng lo\u1ea1t, c\u00e1c d\u00e2y chuy\u1ec1n s\u1ea3n xu\u1ea5t, d\u00e2y chuy\u1ec1n s\u1eeda ch\u1eefa, b\u1ea3o d\u01b0\u1ee1ng thi\u1ebft b\u1ecb \u0111i\u1ec7n t\u1eed.<br \/>\nM\u00f4 t\u1ea3 s\u1ea3n ph\u1ea9m: C\u00e1c h\u1ec7 th\u1ed1ng ATS tuy \u0111\u01b0\u1ee3c thi\u1ebft k\u1ebf ri\u00eang bi\u1ec7t cho t\u1eebng \u0111\u1ed1i t\u01b0\u1ee3ng c\u1ea7n ki\u1ec3m tra nh\u01b0ng c\u00f3 c\u1ea5u tr\u00fac v\u1ec1 h\u1ec7 th\u1ed1ng v\u00e0 c\u00e1c ch\u1ee9c n\u0103ng chung.<br \/>\n<strong>C\u1ea5u tr\u00fac:<\/strong><br \/>\nH\u1ec7 th\u1ed1ng c\u00e1c m\u00e1y \u0111o c\u00f3 th\u1ec3 l\u1eadp tr\u00ecnh \u0111\u01b0\u1ee3c.<br \/>\nH\u1ec7 th\u1ed1ng c\u00e1c m\u00e1y ph\u00e1t t\u00edn hi\u1ec7u c\u00f3 th\u1ec3 l\u1eadp tr\u00ecnh \u0111\u01b0\u1ee3c.<br \/>\nH\u1ec7 th\u1ed1ng c\u00e1c b\u1ed9 ngu\u1ed3n nu\u00f4i c\u00f3 th\u1ec3 l\u1eadp tr\u00ecnh \u0111\u01b0\u1ee3c.<br \/>\nH\u1ec7 th\u1ed1ng ph\u1ed1i gh\u00e9p v\u00e0 truy\u1ec1n t\u00edn hi\u1ec7u \u0111i\u1ec1u khi\u1ec3n.<br \/>\nH\u1ec7 th\u1ed1ng bi\u1ebfn \u0111\u1ed5i c\u00f4ng su\u1ea5t ph\u1ed1i gh\u00e9p gi\u1eefa c\u00e1c m\u00e1y ph\u00e1t v\u00e0 m\u00e1y \u0111o v\u1edbi c\u00e1c \u0111\u1ed1i t\u01b0\u1ee3ng c\u1ea7n ki\u1ec3m tra.<br \/>\nH\u1ec7 th\u1ed1ng ma tr\u1eadn chuy\u1ec3n m\u1ea1ch.<br \/>\nH\u1ec7 th\u1ed1ng COMMBUS.<br \/>\nC\u00e1c kh\u1ed1i giao ti\u1ebfp v\u1edbi \u0111\u1ed1i t\u01b0\u1ee3ng c\u1ea7n ki\u1ec3m tra.<br \/>\nPh\u1ea7n m\u1ec1m \u0111i\u1ec1u khi\u1ec3n c\u00e1c thi\u1ebft b\u1ecb ph\u1ea7n c\u1ee9ng, ghi s\u1ed1 li\u1ec7u, x\u1eed l\u00fd, l\u01b0u tr\u1eef s\u1ed1 li\u1ec7u, in \u1ea5n b\u00e1o c\u00e1o.<br \/>\n<strong>T\u00ednh n\u0103ng c\u1ee7a h\u1ec7 th\u1ed1ng:<\/strong><br \/>\nCung c\u1ea5p ngu\u1ed3n nu\u00f4i cho c\u00e1c \u0111\u1ed1i t\u01b0\u1ee3ng c\u1ea7n ki\u1ec3m tra.<br \/>\nCung c\u1ea5p c\u00e1c t\u00edn hi\u1ec7u v\u00e0o c\u00e1c \u0111\u1ed1i t\u01b0\u1ee3ng c\u1ea7n ki\u1ec3m tra.<br \/>\n\u0110o v\u00e0 hi\u1ec3n th\u1ecb \u0111\u1ed3ng th\u1eddi nhi\u1ec1u tham s\u1ed1 v\u1edbi \u0111\u1ed9 ch\u00ednh x\u00e1c cao.<br \/>\nC\u00f3 kh\u1ea3 n\u0103ng theo d\u00f5i v\u00e0 ki\u1ec3m tra c\u00e1c qu\u00e1 tr\u00ecnh \u0111\u1ed9ng, phi chu k\u1ef3.<br \/>\nT\u1ef1 \u0111\u1ed9ng thu ph\u00e1t t\u00edn hi\u1ec7u, ki\u1ec3m tra v\u00e0 \u0111\u00e1nh gi\u00e1 thi\u1ebft b\u1ecb theo c\u00e1c qui tr\u00ecnh cho tr\u01b0\u1edbc.<br \/>\nC\u1ea5u tr\u00fac m\u1edf, d\u1ec5 d\u00e0ng b\u1ed5 xung n\u00e2ng c\u1ea5p c\u00e1c qui tr\u00ecnh ki\u1ec3m tra.<br \/>\nPh\u1ea7n m\u1ec1m th\u00e2n thi\u1ec7n d\u1ec5 s\u1eed d\u1ee5ng tr\u00ean WINDOW 98\/2000\/XP.<\/p>","protected":false},"excerpt":{"rendered":"<p>Ph\u1ea1m vi \u1ee9ng d\u1ee5ng: H\u1ec7 th\u1ed1ng Ki\u1ec3m th\u1eed t\u1ef1 \u0111\u1ed9ng (ATS) d\u00f9ng \u0111\u1ec3 t\u1ef1 \u0111\u1ed9ng ki\u1ec3m tra c\u00e1c thi\u1ebft b\u1ecb [&hellip;]<\/p>\n","protected":false},"featured_media":1418,"comment_status":"open","ping_status":"closed","template":"","meta":{"_acf_changed":false,"_uag_custom_page_level_css":"","site-sidebar-layout":"default","site-content-layout":"","ast-site-content-layout":"default","site-content-style":"default","site-sidebar-style":"default","ast-global-header-display":"","ast-banner-title-visibility":"","ast-main-header-display":"","ast-hfb-above-header-display":"","ast-hfb-below-header-display":"","ast-hfb-mobile-header-display":"","site-post-title":"","ast-breadcrumbs-content":"","ast-featured-img":"","footer-sml-layout":"","ast-disable-related-posts":"","theme-transparent-header-meta":"","adv-header-id-meta":"","stick-header-meta":"","header-above-stick-meta":"","header-main-stick-meta":"","header-below-stick-meta":"","astra-migrate-meta-layouts":"default","ast-page-background-enabled":"default","ast-page-background-meta":{"desktop":{"background-color":"var(--ast-global-color-4)","background-image":"","background-repeat":"repeat","background-position":"center center","background-size":"auto","background-attachment":"scroll","background-type":"","background-media":"","overlay-type":"","overlay-color":"","overlay-opacity":"","overlay-gradient":""},"tablet":{"background-color":"","background-image":"","background-repeat":"repeat","background-position":"center center","background-size":"auto","background-attachment":"scroll","background-type":"","background-media":"","overlay-type":"","overlay-color":"","overlay-opacity":"","overlay-gradient":""},"mobile":{"background-color":"","background-image":"","background-repeat":"repeat","background-position":"center center","background-size":"auto","background-attachment":"scroll","background-type":"","background-media":"","overlay-type":"","overlay-color":"","overlay-opacity":"","overlay-gradient":""}},"ast-content-background-meta":{"desktop":{"background-color":"var(--ast-global-color-5)","background-image":"","background-repeat":"repeat","background-position":"center center","background-size":"auto","background-attachment":"scroll","background-type":"","background-media":"","overlay-type":"","overlay-color":"","overlay-opacity":"","overlay-gradient":""},"tablet":{"background-color":"var(--ast-global-color-5)","background-image":"","background-repeat":"repeat","background-position":"center center","background-size":"auto","background-attachment":"scroll","background-type":"","background-media":"","overlay-type":"","overlay-color":"","overlay-opacity":"","overlay-gradient":""},"mobile":{"background-color":"var(--ast-global-color-5)","background-image":"","background-repeat":"repeat","background-position":"center center","background-size":"auto","background-attachment":"scroll","background-type":"","background-media":"","overlay-type":"","overlay-color":"","overlay-opacity":"","overlay-gradient":""}}},"product_brand":[],"product_cat":[34],"product_tag":[],"class_list":{"0":"post-1380","1":"product","2":"type-product","3":"status-publish","4":"has-post-thumbnail","6":"product_cat-thiet-ke-che-tao","7":"desktop-align-left","8":"tablet-align-left","9":"mobile-align-left","11":"first","12":"instock","13":"shipping-taxable","14":"product-type-simple"},"acf":[],"uagb_featured_image_src":{"full":["https:\/\/gbs-jsc.com\/wp-content\/uploads\/2026\/03\/tb.jpg",250,250,false],"thumbnail":["https:\/\/gbs-jsc.com\/wp-content\/uploads\/2026\/03\/tb-150x150.jpg",150,150,true],"medium":["https:\/\/gbs-jsc.com\/wp-content\/uploads\/2026\/03\/tb.jpg",250,250,false],"medium_large":["https:\/\/gbs-jsc.com\/wp-content\/uploads\/2026\/03\/tb.jpg",250,250,false],"large":["https:\/\/gbs-jsc.com\/wp-content\/uploads\/2026\/03\/tb.jpg",250,250,false],"1536x1536":["https:\/\/gbs-jsc.com\/wp-content\/uploads\/2026\/03\/tb.jpg",250,250,false],"2048x2048":["https:\/\/gbs-jsc.com\/wp-content\/uploads\/2026\/03\/tb.jpg",250,250,false],"trp-custom-language-flag":["https:\/\/gbs-jsc.com\/wp-content\/uploads\/2026\/03\/tb.jpg",12,12,false],"woocommerce_thumbnail":["https:\/\/gbs-jsc.com\/wp-content\/uploads\/2026\/03\/tb.jpg",250,250,false],"woocommerce_single":["https:\/\/gbs-jsc.com\/wp-content\/uploads\/2026\/03\/tb.jpg",250,250,false],"woocommerce_gallery_thumbnail":["https:\/\/gbs-jsc.com\/wp-content\/uploads\/2026\/03\/tb-100x100.jpg",100,100,true]},"uagb_author_info":{"display_name":"admin","author_link":"https:\/\/gbs-jsc.com\/en\/author"},"uagb_comment_info":0,"uagb_excerpt":"Ph\u1ea1m vi \u1ee9ng d\u1ee5ng: H\u1ec7 th\u1ed1ng Ki\u1ec3m th\u1eed t\u1ef1 \u0111\u1ed9ng (ATS) d\u00f9ng \u0111\u1ec3 t\u1ef1 \u0111\u1ed9ng ki\u1ec3m tra c\u00e1c thi\u1ebft b\u1ecb [&hellip;]","_links":{"self":[{"href":"https:\/\/gbs-jsc.com\/en\/wp-json\/wp\/v2\/product\/1380","targetHints":{"allow":["GET"]}}],"collection":[{"href":"https:\/\/gbs-jsc.com\/en\/wp-json\/wp\/v2\/product"}],"about":[{"href":"https:\/\/gbs-jsc.com\/en\/wp-json\/wp\/v2\/types\/product"}],"replies":[{"embeddable":true,"href":"https:\/\/gbs-jsc.com\/en\/wp-json\/wp\/v2\/comments?post=1380"}],"wp:featuredmedia":[{"embeddable":true,"href":"https:\/\/gbs-jsc.com\/en\/wp-json\/wp\/v2\/media\/1418"}],"wp:attachment":[{"href":"https:\/\/gbs-jsc.com\/en\/wp-json\/wp\/v2\/media?parent=1380"}],"wp:term":[{"taxonomy":"product_brand","embeddable":true,"href":"https:\/\/gbs-jsc.com\/en\/wp-json\/wp\/v2\/product_brand?post=1380"},{"taxonomy":"product_cat","embeddable":true,"href":"https:\/\/gbs-jsc.com\/en\/wp-json\/wp\/v2\/product_cat?post=1380"},{"taxonomy":"product_tag","embeddable":true,"href":"https:\/\/gbs-jsc.com\/en\/wp-json\/wp\/v2\/product_tag?post=1380"}],"curies":[{"name":"wp","href":"https:\/\/api.w.org\/{rel}","templated":true}]}}