{"id":1377,"date":"2026-03-30T13:36:47","date_gmt":"2026-03-30T06:36:47","guid":{"rendered":"http:\/\/dev.gbs-jsc.com\/?post_type=product&#038;p=1377"},"modified":"2026-03-30T13:37:26","modified_gmt":"2026-03-30T06:37:26","slug":"thiet-bi-do-suc-cang-cap-khong-tiep-xuc-model-gms12-0m","status":"publish","type":"product","link":"https:\/\/gbs-jsc.com\/en\/product\/thiet-bi-do-suc-cang-cap-khong-tiep-xuc-model-gms12-0m","title":{"rendered":"Thi\u1ebft b\u1ecb \u0111o s\u1ee9c c\u0103ng c\u00e1p KH\u00d4NG TI\u1ebeP X\u00daC Model GMS12-0M"},"content":{"rendered":"<p>GMS12-0M: \u0110o s\u1ee9c c\u0103ng theo ph\u01b0\u01a1ng ph\u00e1p kh\u00f4ng ti\u1ebfp x\u00fac<br \/>\nB\u1ed9 c\u1ea3m bi\u1ebfn k\u00edch th\u00edch \u0111i\u1ec7n t\u1eeb s\u1ebd t\u1ea1o ra v\u00e0 duy tr\u00ec \u0111\u1ed9 rung c\u1ee7a c\u00e1p, t\u1ea7n s\u1ed1 rung c\u1ee7a d\u00e2y c\u00e1p \u0111\u01b0\u1ee3c \u0111o, t\u00ednh to\u00e1n \u00a0theo ph\u01b0\u01a1ng tr\u00ecnh chu\u1ed7i rung v\u00e0 \u0111\u01b0a ra gi\u00e1 tr\u1ecb s\u1ee9c c\u0103ng \u1edf \u0111\u1ea7u ra d\u01b0\u1edbi d\u1ea1ng t\u01b0\u01a1ng t\u1ef1 ho\u1eb7c s\u1ed1.<br \/>\n<a href=\"https:\/\/gbs-jsc.com\/en\/images\/File\/GMS12-0M%20model.pdf\/\">&gt;Download Catalog<\/a><\/p>","protected":false},"excerpt":{"rendered":"<p>GMS12-0M: \u0110o s\u1ee9c c\u0103ng theo ph\u01b0\u01a1ng ph\u00e1p kh\u00f4ng ti\u1ebfp x\u00fac B\u1ed9 c\u1ea3m bi\u1ebfn k\u00edch th\u00edch \u0111i\u1ec7n t\u1eeb s\u1ebd t\u1ea1o ra [&hellip;]<\/p>\n","protected":false},"featured_media":0,"comment_status":"open","ping_status":"closed","template":"","meta":{"_acf_changed":false,"_uag_custom_page_level_css":"","site-sidebar-layout":"default","site-content-layout":"","ast-site-content-layout":"default","site-content-style":"default","site-sidebar-style":"default","ast-global-header-display":"","ast-banner-title-visibility":"","ast-main-header-display":"","ast-hfb-above-header-display":"","ast-hfb-below-header-display":"","ast-hfb-mobile-header-display":"","site-post-title":"","ast-breadcrumbs-content":"","ast-featured-img":"","footer-sml-layout":"","ast-disable-related-posts":"","theme-transparent-header-meta":"","adv-header-id-meta":"","stick-header-meta":"","header-above-stick-meta":"","header-main-stick-meta":"","header-below-stick-meta":"","astra-migrate-meta-layouts":"default","ast-page-background-enabled":"default","ast-page-background-meta":{"desktop":{"background-color":"var(--ast-global-color-4)","background-image":"","background-repeat":"repeat","background-position":"center center","background-size":"auto","background-attachment":"scroll","background-type":"","background-media":"","overlay-type":"","overlay-color":"","overlay-opacity":"","overlay-gradient":""},"tablet":{"background-color":"","background-image":"","background-repeat":"repeat","background-position":"center center","background-size":"auto","background-attachment":"scroll","background-type":"","background-media":"","overlay-type":"","overlay-color":"","overlay-opacity":"","overlay-gradient":""},"mobile":{"background-color":"","background-image":"","background-repeat":"repeat","background-position":"center center","background-size":"auto","background-attachment":"scroll","background-type":"","background-media":"","overlay-type":"","overlay-color":"","overlay-opacity":"","overlay-gradient":""}},"ast-content-background-meta":{"desktop":{"background-color":"var(--ast-global-color-5)","background-image":"","background-repeat":"repeat","background-position":"center center","background-size":"auto","background-attachment":"scroll","background-type":"","background-media":"","overlay-type":"","overlay-color":"","overlay-opacity":"","overlay-gradient":""},"tablet":{"background-color":"var(--ast-global-color-5)","background-image":"","background-repeat":"repeat","background-position":"center center","background-size":"auto","background-attachment":"scroll","background-type":"","background-media":"","overlay-type":"","overlay-color":"","overlay-opacity":"","overlay-gradient":""},"mobile":{"background-color":"var(--ast-global-color-5)","background-image":"","background-repeat":"repeat","background-position":"center center","background-size":"auto","background-attachment":"scroll","background-type":"","background-media":"","overlay-type":"","overlay-color":"","overlay-opacity":"","overlay-gradient":""}}},"product_brand":[],"product_cat":[33],"product_tag":[],"class_list":{"0":"post-1377","1":"product","2":"type-product","3":"status-publish","5":"product_cat-chua-phan-loai","6":"desktop-align-left","7":"tablet-align-left","8":"mobile-align-left","10":"first","11":"instock","12":"shipping-taxable","13":"product-type-simple"},"acf":[],"uagb_featured_image_src":{"full":false,"thumbnail":false,"medium":false,"medium_large":false,"large":false,"1536x1536":false,"2048x2048":false,"trp-custom-language-flag":false,"woocommerce_thumbnail":false,"woocommerce_single":false,"woocommerce_gallery_thumbnail":false},"uagb_author_info":{"display_name":"admin","author_link":"https:\/\/gbs-jsc.com\/en\/author"},"uagb_comment_info":0,"uagb_excerpt":"GMS12-0M: \u0110o s\u1ee9c c\u0103ng theo ph\u01b0\u01a1ng ph\u00e1p kh\u00f4ng ti\u1ebfp x\u00fac B\u1ed9 c\u1ea3m bi\u1ebfn k\u00edch th\u00edch \u0111i\u1ec7n t\u1eeb s\u1ebd t\u1ea1o ra [&hellip;]","_links":{"self":[{"href":"https:\/\/gbs-jsc.com\/en\/wp-json\/wp\/v2\/product\/1377","targetHints":{"allow":["GET"]}}],"collection":[{"href":"https:\/\/gbs-jsc.com\/en\/wp-json\/wp\/v2\/product"}],"about":[{"href":"https:\/\/gbs-jsc.com\/en\/wp-json\/wp\/v2\/types\/product"}],"replies":[{"embeddable":true,"href":"https:\/\/gbs-jsc.com\/en\/wp-json\/wp\/v2\/comments?post=1377"}],"wp:attachment":[{"href":"https:\/\/gbs-jsc.com\/en\/wp-json\/wp\/v2\/media?parent=1377"}],"wp:term":[{"taxonomy":"product_brand","embeddable":true,"href":"https:\/\/gbs-jsc.com\/en\/wp-json\/wp\/v2\/product_brand?post=1377"},{"taxonomy":"product_cat","embeddable":true,"href":"https:\/\/gbs-jsc.com\/en\/wp-json\/wp\/v2\/product_cat?post=1377"},{"taxonomy":"product_tag","embeddable":true,"href":"https:\/\/gbs-jsc.com\/en\/wp-json\/wp\/v2\/product_tag?post=1377"}],"curies":[{"name":"wp","href":"https:\/\/api.w.org\/{rel}","templated":true}]}}