{"id":1376,"date":"2026-03-30T13:36:46","date_gmt":"2026-03-30T06:36:46","guid":{"rendered":"http:\/\/dev.gbs-jsc.com\/?post_type=product&#038;p=1376"},"modified":"2026-03-30T13:37:26","modified_gmt":"2026-03-30T06:37:26","slug":"thiet-bi-do-suc-cang-cap-khong-tiep-xuc-model-gpt1200","status":"publish","type":"product","link":"https:\/\/gbs-jsc.com\/en\/product\/thiet-bi-do-suc-cang-cap-khong-tiep-xuc-model-gpt1200","title":{"rendered":"Thi\u1ebft b\u1ecb \u0111o s\u1ee9c c\u0103ng c\u00e1p KH\u00d4NG TI\u1ebeP X\u00daC Model GPT1200"},"content":{"rendered":"<p>GPT1200 l\u00e0 Thi\u1ebft b\u1ecb \u0111o s\u1ee9c c\u0103ng lo\u1ea1i nh\u1ecf, g\u1ecdn, d\u1ec5 s\u1eed d\u1ee5ng v\u00e0 kh\u00f4ng y\u00eau c\u1ea7u c\u00e0i \u0111\u1eb7t in-line hay hi\u1ec7u chu\u1ea9n.<\/p>\n<p>L\u00e0 thi\u1ebft b\u1ecb c\u00f3 \u0111\u1ed9 ch\u00ednh x\u00e1c cao nh\u1ea5t hi\u1ec7n nay \u0111\u00e3 \u0111\u01b0\u1ee3c ki\u1ec3m nghi\u1ec7m trong th\u1ef1c t\u1ebf.<\/p>\n<p>B\u1ed9 ph\u00e1t k\u00edch th\u00edch s\u1ebd t\u1ea1o ra v\u00e0 duy tr\u00ec \u0111\u1ed9 rung c\u1ee7a c\u00e1p v\u1edbi bi\u00ean<\/p>\n<p><strong>Ph\u01b0\u01a1ng ph\u00e1p \u0111o:<\/strong><\/p>\n<p>\u0111\u1ed9 \u0111\u1eb7t tr\u01b0\u1edbc..<\/p>\n<ul>\n<li>M\u1ed9t c\u1ea3m bi\u1ebfn s\u1ebd \u0111o t\u1ea7n s\u1ed1 rung c\u01a1 b\u1ea3n c\u1ee7a c\u00e1p.<\/li>\n<li>T\u1ea5t c\u1ea3 ch\u1ec9 y\u00eau c\u1ea7u c\u00f3 m\u1ed9t b\u00e0n ph\u00edm \u0111\u1ec3 nh\u1eadp chi\u1ec1u d\u00e0i span v\u00e0<\/li>\n<\/ul>\n<p>kh\u1ed1i l\u01b0\u1ee3ng c\u1ee7a c\u00e1p tr\u00ean m\u1ed9t \u0111\u01a1n v\u1ecb d\u00e0i (t\u00ednh theo foot).<\/p>\n<ul>\n<li>M\u1ed9t c\u1ea3m bi\u1ebfn \u0111\u1ed9 t\u1ef1 c\u1ea3m thay \u0111\u1ed5i \u0111\u01b0\u1ee3c \u0111\u1eb7t g\u1ea7n c\u00e1p \u0111\u1ec3 c\u1ea3m nh\u1eadn<\/li>\n<\/ul>\n<p>t\u1ea7n s\u1ed1 rung v\u00e0 ph\u1ea7n c\u00f2n l\u1ea1i l\u00e0 do GPT1200 x\u1eed l\u00fd.<\/p>\n<p>Model GPT1200 s\u1eed d\u1ee5ng \u0111\u1ec3 \u0111o, t\u00ednh to\u00e1n s\u1ee9c c\u0103ng c\u1ee7a c\u00e1p v\u00e0 hi\u1ec3n th\u1ecb<\/p>\n<p>s\u1ee9c c\u0103ng\/ t\u1ea7n s\u1ed1 rung l\u00ean LCD c\u00f3 \u0111\u1ed9 t\u01b0\u01a1ng ph\u1ea3n cao.<\/p>\n<p><strong>\u1ee8ng d\u1ee5ng:<\/strong> \u0110o s\u1ee9c c\u0103ng c\u1ee7a c\u00e1p neo t\u00e0u thuy\u1ec1n, c\u00e1p neo th\u00e1p, c\u00e1p thang m\u00e1y, c\u00e1p c\u1ea7u,c\u00e1p c\u1eeda \u0111\u1eadp, c\u00e1p quang, d\u00e2y \u0111ai, d\u00e2y curoa..<\/p>\n<p><a href=\"https:\/\/gbs-jsc.com\/en\/images\/File\/GPT1200%20model.pdf\/\">&gt;Download Catalog<\/a><\/p>","protected":false},"excerpt":{"rendered":"<p>GPT1200 l\u00e0 Thi\u1ebft b\u1ecb \u0111o s\u1ee9c c\u0103ng lo\u1ea1i nh\u1ecf, g\u1ecdn, d\u1ec5 s\u1eed d\u1ee5ng v\u00e0 kh\u00f4ng y\u00eau c\u1ea7u c\u00e0i \u0111\u1eb7t in-line [&hellip;]<\/p>\n","protected":false},"featured_media":0,"comment_status":"open","ping_status":"closed","template":"","meta":{"_acf_changed":false,"_uag_custom_page_level_css":"","site-sidebar-layout":"default","site-content-layout":"","ast-site-content-layout":"default","site-content-style":"default","site-sidebar-style":"default","ast-global-header-display":"","ast-banner-title-visibility":"","ast-main-header-display":"","ast-hfb-above-header-display":"","ast-hfb-below-header-display":"","ast-hfb-mobile-header-display":"","site-post-title":"","ast-breadcrumbs-content":"","ast-featured-img":"","footer-sml-layout":"","ast-disable-related-posts":"","theme-transparent-header-meta":"","adv-header-id-meta":"","stick-header-meta":"","header-above-stick-meta":"","header-main-stick-meta":"","header-below-stick-meta":"","astra-migrate-meta-layouts":"default","ast-page-background-enabled":"default","ast-page-background-meta":{"desktop":{"background-color":"var(--ast-global-color-4)","background-image":"","background-repeat":"repeat","background-position":"center center","background-size":"auto","background-attachment":"scroll","background-type":"","background-media":"","overlay-type":"","overlay-color":"","overlay-opacity":"","overlay-gradient":""},"tablet":{"background-color":"","background-image":"","background-repeat":"repeat","background-position":"center center","background-size":"auto","background-attachment":"scroll","background-type":"","background-media":"","overlay-type":"","overlay-color":"","overlay-opacity":"","overlay-gradient":""},"mobile":{"background-color":"","background-image":"","background-repeat":"repeat","background-position":"center center","background-size":"auto","background-attachment":"scroll","background-type":"","background-media":"","overlay-type":"","overlay-color":"","overlay-opacity":"","overlay-gradient":""}},"ast-content-background-meta":{"desktop":{"background-color":"var(--ast-global-color-5)","background-image":"","background-repeat":"repeat","background-position":"center center","background-size":"auto","background-attachment":"scroll","background-type":"","background-media":"","overlay-type":"","overlay-color":"","overlay-opacity":"","overlay-gradient":""},"tablet":{"background-color":"var(--ast-global-color-5)","background-image":"","background-repeat":"repeat","background-position":"center center","background-size":"auto","background-attachment":"scroll","background-type":"","background-media":"","overlay-type":"","overlay-color":"","overlay-opacity":"","overlay-gradient":""},"mobile":{"background-color":"var(--ast-global-color-5)","background-image":"","background-repeat":"repeat","background-position":"center center","background-size":"auto","background-attachment":"scroll","background-type":"","background-media":"","overlay-type":"","overlay-color":"","overlay-opacity":"","overlay-gradient":""}}},"product_brand":[],"product_cat":[33],"product_tag":[],"class_list":{"0":"post-1376","1":"product","2":"type-product","3":"status-publish","5":"product_cat-chua-phan-loai","6":"desktop-align-left","7":"tablet-align-left","8":"mobile-align-left","10":"first","11":"instock","12":"shipping-taxable","13":"product-type-simple"},"acf":[],"uagb_featured_image_src":{"full":false,"thumbnail":false,"medium":false,"medium_large":false,"large":false,"1536x1536":false,"2048x2048":false,"trp-custom-language-flag":false,"woocommerce_thumbnail":false,"woocommerce_single":false,"woocommerce_gallery_thumbnail":false},"uagb_author_info":{"display_name":"admin","author_link":"https:\/\/gbs-jsc.com\/en\/author"},"uagb_comment_info":0,"uagb_excerpt":"GPT1200 l\u00e0 Thi\u1ebft b\u1ecb \u0111o s\u1ee9c c\u0103ng lo\u1ea1i nh\u1ecf, g\u1ecdn, d\u1ec5 s\u1eed d\u1ee5ng v\u00e0 kh\u00f4ng y\u00eau c\u1ea7u c\u00e0i \u0111\u1eb7t in-line [&hellip;]","_links":{"self":[{"href":"https:\/\/gbs-jsc.com\/en\/wp-json\/wp\/v2\/product\/1376","targetHints":{"allow":["GET"]}}],"collection":[{"href":"https:\/\/gbs-jsc.com\/en\/wp-json\/wp\/v2\/product"}],"about":[{"href":"https:\/\/gbs-jsc.com\/en\/wp-json\/wp\/v2\/types\/product"}],"replies":[{"embeddable":true,"href":"https:\/\/gbs-jsc.com\/en\/wp-json\/wp\/v2\/comments?post=1376"}],"wp:attachment":[{"href":"https:\/\/gbs-jsc.com\/en\/wp-json\/wp\/v2\/media?parent=1376"}],"wp:term":[{"taxonomy":"product_brand","embeddable":true,"href":"https:\/\/gbs-jsc.com\/en\/wp-json\/wp\/v2\/product_brand?post=1376"},{"taxonomy":"product_cat","embeddable":true,"href":"https:\/\/gbs-jsc.com\/en\/wp-json\/wp\/v2\/product_cat?post=1376"},{"taxonomy":"product_tag","embeddable":true,"href":"https:\/\/gbs-jsc.com\/en\/wp-json\/wp\/v2\/product_tag?post=1376"}],"curies":[{"name":"wp","href":"https:\/\/api.w.org\/{rel}","templated":true}]}}