{"id":1374,"date":"2026-03-30T13:36:44","date_gmt":"2026-03-30T06:36:44","guid":{"rendered":"http:\/\/dev.gbs-jsc.com\/?post_type=product&#038;p=1374"},"modified":"2026-03-30T13:37:24","modified_gmt":"2026-03-30T06:37:24","slug":"vithiet-bi-do-luong-va-cac-cong-cuenmeasuring-equiqments-tool-kit","status":"publish","type":"product","link":"https:\/\/gbs-jsc.com\/en\/product\/vithiet-bi-do-luong-va-cac-cong-cuenmeasuring-equiqments-tool-kit","title":{"rendered":"Thi\u1ebft b\u1ecb \u0111o l\u01b0\u1eddng v\u00e0 c\u00e1c c\u00f4ng c\u1ee5"},"content":{"rendered":"<p><strong><span style=\"font-size: medium;\">Thi\u1ebft b\u1ecb \u0111o l\u01b0\u1eddng v\u00e0 c\u00f4ng c\u1ee5<\/span>\u00a0<\/strong><small><\/small><\/p>\n<ul>\n<li><small><span style=\"font-size: small;\">M\u00e1y ph\u00e1t t\u00edn hi\u1ec7u\u00a0<\/span><\/small><\/li>\n<li><small><span style=\"font-size: small;\">M\u00e1y hi\u1ec7n s\u00f3ng analog\/digital\u00a0\u00a0<\/span><\/small><\/li>\n<li><small><span style=\"font-size: small;\">M\u00e1y ph\u00e2n t\u00edch ph\u1ed5\u00a0<\/span><\/small><\/li>\n<li><small><span style=\"font-size: small;\">Thi\u1ebft b\u1ecb ki\u1ec3m tra l\u1ed7i c\u00e1p\u00a0<\/span><\/small><\/li>\n<li><small><span style=\"font-size: small;\">Thi\u1ebft b\u1ecb \u0111o \u00e1nh s\u00e1ng<\/span><\/small><\/li>\n<li><small><span style=\"font-size: small;\">Thi\u1ebft b\u1ecb \u0111o \u0111\u1ed9 \u1ed3n<\/span><\/small><\/li>\n<li><small><span style=\"font-size: small;\">\u0110\u1ed3ng h\u1ed3 v\u1ea1n n\u0103ng<\/span><\/small><\/li>\n<li><small><span style=\"font-size: small;\">M\u00e1y t\u00ednh c\u00f4ng nghi\u1ec7p<\/span><\/small><\/li>\n<li><small><span style=\"font-size: small;\">M\u00e1y in nhi\u1ec7t chuy\u00ean d\u1ee5ng\u00a0<\/span><\/small><\/li>\n<li><small><span style=\"font-size: small;\">M\u00e1y \u0111o Oxy ho\u00e0 tan<\/span><\/small><\/li>\n<li><small><span style=\"font-size: small;\">M\u00e1y \u0111o \u0111\u1ed9 pH\u00a0<\/span><\/small><\/li>\n<li><small><span style=\"font-size: small;\">M\u00e1y \u0111o \u0111\u1ed9 c\u1ee9ng c\u1ee7a H2O<\/span><\/small><\/li>\n<li><small><span style=\"font-size: small;\">M\u00e1y d\u00f2 khuy\u1ebft t\u1eadt kim lo\u1ea1i<\/span><\/small><\/li>\n<li><small><span style=\"font-size: small;\">M\u00e1y ki\u1ec3m tra \u0111\u1ed9 c\u1ee9ng c\u1ee7a kim lo\u1ea1i<\/span><\/small><\/li>\n<li><small><span style=\"font-size: small;\">M\u00e1y ki\u1ec3m tra nhi\u1ec7t \u0111\u1ed9 t\u1eeb xa b\u1eb1ng h\u1ed3ng ngo\u1ea1i<\/span><\/small><\/li>\n<li><small><span style=\"font-size: small;\">B\u1ed9 ghi nhi\u1ec7t<\/span><\/small><\/li>\n<li><small><span style=\"font-size: small;\">M\u00e1y ph\u00e2n t\u00edch s\u00f3ng h\u00e0i<\/span><\/small><\/li>\n<li><small><span style=\"font-size: small;\">Thi\u1ebft b\u1ecb ph\u00e2n t\u00edch ngu\u1ed3n \u0111i\u1ec7n.<\/span><\/small><\/li>\n<li><small><span style=\"font-size: small;\">Thi\u1ebft b\u1ecb d\u1ef1 b\u00e1o th\u1eddi ti\u1ebft\u00a0<\/span><\/small><\/li>\n<li><small><span style=\"font-size: small;\">Thi\u1ebft b\u1ecb \u0111o gi\u00f3<\/span><\/small><\/li>\n<li><small><span style=\"font-size: small;\">Thi\u1ebft b\u1ecb ph\u00e2n t\u00edch kh\u00ed CO2<\/span><\/small><\/li>\n<li><small><span style=\"font-size: small;\">B\u1ed9 chu\u1ea9n d\u00f2ng v\u00e0 \u0111i\u1ec7n \u00e1p<\/span><\/small><\/li>\n<li><small><span style=\"font-size: small;\">B\u1ed9 chu\u1ea9n \u00e1p su\u1ea5t\u00a0<\/span><\/small><\/li>\n<li><small><span style=\"font-size: small;\">B\u1ed9 chu\u1ea9n \u0111a n\u0103ng<\/span><\/small><\/li>\n<li><small><span style=\"font-size: small;\">B\u1ed9 chuy\u1ec3n \u0111\u1ed5i ADC, DAC, I\/O, Timer, GIPB<\/span><\/small><\/li>\n<li><small><span style=\"font-size: small;\">C\u00e1c lo\u1ea1i ngu\u1ed3n c\u00f3 th\u1ec3 l\u1eadp tr\u00ecnh\u00a0<\/span><\/small><\/li>\n<li><small><span style=\"font-size: small;\">B\u1ed9 \u0111i\u1ec1u khi\u1ec3n nhi\u1ec7t \u0111\u1ed9\u00a0<\/span><\/small><\/li>\n<li><small><span style=\"font-size: small;\">B\u1ed9 \u0111\u1ebfm<\/span><\/small><\/li>\n<li><small><span style=\"font-size: small;\">B\u1ed9 hi\u1ec3n th\u1ecb s\u1ed1, LCD,\u00a0 VFD, LED ect.<\/span><\/small><\/li>\n<li><small><span style=\"font-size: small;\">B\u1ed9 hi\u1ec3n th\u1ecb nhi\u1ec7t \u0111\u1ed9\u00a0<\/span><\/small><\/li>\n<li><small><span style=\"font-size: small;\">B\u1ed9 \u0111i\u1ec1u khi\u1ec3n l\u1eadp tr\u00ecnh PLC\u00a0<\/span><\/small><\/li>\n<li><small><span style=\"font-size: small;\">Cung c\u1ea5p h\u1ec7 c\u00f4ng c\u1ee5 ph\u00e1t tri\u1ec3n \u00b5P, DSP, FPGA&#8230;<\/span><\/small><\/li>\n<\/ul>\n<p>&nbsp;<\/p>","protected":false},"excerpt":{"rendered":"<p>Thi\u1ebft b\u1ecb \u0111o l\u01b0\u1eddng v\u00e0 c\u00f4ng c\u1ee5\u00a0 M\u00e1y ph\u00e1t t\u00edn hi\u1ec7u\u00a0 M\u00e1y hi\u1ec7n s\u00f3ng analog\/digital\u00a0\u00a0 M\u00e1y ph\u00e2n t\u00edch ph\u1ed5\u00a0 Thi\u1ebft [&hellip;]<\/p>\n","protected":false},"featured_media":1402,"comment_status":"open","ping_status":"closed","template":"","meta":{"_acf_changed":false,"_uag_custom_page_level_css":"","site-sidebar-layout":"default","site-content-layout":"","ast-site-content-layout":"default","site-content-style":"default","site-sidebar-style":"default","ast-global-header-display":"","ast-banner-title-visibility":"","ast-main-header-display":"","ast-hfb-above-header-display":"","ast-hfb-below-header-display":"","ast-hfb-mobile-header-display":"","site-post-title":"","ast-breadcrumbs-content":"","ast-featured-img":"","footer-sml-layout":"","ast-disable-related-posts":"","theme-transparent-header-meta":"","adv-header-id-meta":"","stick-header-meta":"","header-above-stick-meta":"","header-main-stick-meta":"","header-below-stick-meta":"","astra-migrate-meta-layouts":"default","ast-page-background-enabled":"default","ast-page-background-meta":{"desktop":{"background-color":"var(--ast-global-color-4)","background-image":"","background-repeat":"repeat","background-position":"center center","background-size":"auto","background-attachment":"scroll","background-type":"","background-media":"","overlay-type":"","overlay-color":"","overlay-opacity":"","overlay-gradient":""},"tablet":{"background-color":"","background-image":"","background-repeat":"repeat","background-position":"center center","background-size":"auto","background-attachment":"scroll","background-type":"","background-media":"","overlay-type":"","overlay-color":"","overlay-opacity":"","overlay-gradient":""},"mobile":{"background-color":"","background-image":"","background-repeat":"repeat","background-position":"center center","background-size":"auto","background-attachment":"scroll","background-type":"","background-media":"","overlay-type":"","overlay-color":"","overlay-opacity":"","overlay-gradient":""}},"ast-content-background-meta":{"desktop":{"background-color":"var(--ast-global-color-5)","background-image":"","background-repeat":"repeat","background-position":"center center","background-size":"auto","background-attachment":"scroll","background-type":"","background-media":"","overlay-type":"","overlay-color":"","overlay-opacity":"","overlay-gradient":""},"tablet":{"background-color":"var(--ast-global-color-5)","background-image":"","background-repeat":"repeat","background-position":"center center","background-size":"auto","background-attachment":"scroll","background-type":"","background-media":"","overlay-type":"","overlay-color":"","overlay-opacity":"","overlay-gradient":""},"mobile":{"background-color":"var(--ast-global-color-5)","background-image":"","background-repeat":"repeat","background-position":"center center","background-size":"auto","background-attachment":"scroll","background-type":"","background-media":"","overlay-type":"","overlay-color":"","overlay-opacity":"","overlay-gradient":""}}},"product_brand":[],"product_cat":[33],"product_tag":[],"class_list":{"0":"post-1374","1":"product","2":"type-product","3":"status-publish","4":"has-post-thumbnail","6":"product_cat-chua-phan-loai","7":"desktop-align-left","8":"tablet-align-left","9":"mobile-align-left","11":"first","12":"instock","13":"shipping-taxable","14":"product-type-simple"},"acf":[],"uagb_featured_image_src":{"full":["https:\/\/gbs-jsc.com\/wp-content\/uploads\/2026\/03\/dl.jpg",250,250,false],"thumbnail":["https:\/\/gbs-jsc.com\/wp-content\/uploads\/2026\/03\/dl-150x150.jpg",150,150,true],"medium":["https:\/\/gbs-jsc.com\/wp-content\/uploads\/2026\/03\/dl.jpg",250,250,false],"medium_large":["https:\/\/gbs-jsc.com\/wp-content\/uploads\/2026\/03\/dl.jpg",250,250,false],"large":["https:\/\/gbs-jsc.com\/wp-content\/uploads\/2026\/03\/dl.jpg",250,250,false],"1536x1536":["https:\/\/gbs-jsc.com\/wp-content\/uploads\/2026\/03\/dl.jpg",250,250,false],"2048x2048":["https:\/\/gbs-jsc.com\/wp-content\/uploads\/2026\/03\/dl.jpg",250,250,false],"trp-custom-language-flag":["https:\/\/gbs-jsc.com\/wp-content\/uploads\/2026\/03\/dl.jpg",12,12,false],"woocommerce_thumbnail":["https:\/\/gbs-jsc.com\/wp-content\/uploads\/2026\/03\/dl.jpg",250,250,false],"woocommerce_single":["https:\/\/gbs-jsc.com\/wp-content\/uploads\/2026\/03\/dl.jpg",250,250,false],"woocommerce_gallery_thumbnail":["https:\/\/gbs-jsc.com\/wp-content\/uploads\/2026\/03\/dl-100x100.jpg",100,100,true]},"uagb_author_info":{"display_name":"admin","author_link":"https:\/\/gbs-jsc.com\/en\/author"},"uagb_comment_info":0,"uagb_excerpt":"Thi\u1ebft b\u1ecb \u0111o l\u01b0\u1eddng v\u00e0 c\u00f4ng c\u1ee5\u00a0 M\u00e1y ph\u00e1t t\u00edn hi\u1ec7u\u00a0 M\u00e1y hi\u1ec7n s\u00f3ng analog\/digital\u00a0\u00a0 M\u00e1y ph\u00e2n t\u00edch ph\u1ed5\u00a0 Thi\u1ebft [&hellip;]","_links":{"self":[{"href":"https:\/\/gbs-jsc.com\/en\/wp-json\/wp\/v2\/product\/1374","targetHints":{"allow":["GET"]}}],"collection":[{"href":"https:\/\/gbs-jsc.com\/en\/wp-json\/wp\/v2\/product"}],"about":[{"href":"https:\/\/gbs-jsc.com\/en\/wp-json\/wp\/v2\/types\/product"}],"replies":[{"embeddable":true,"href":"https:\/\/gbs-jsc.com\/en\/wp-json\/wp\/v2\/comments?post=1374"}],"wp:featuredmedia":[{"embeddable":true,"href":"https:\/\/gbs-jsc.com\/en\/wp-json\/wp\/v2\/media\/1402"}],"wp:attachment":[{"href":"https:\/\/gbs-jsc.com\/en\/wp-json\/wp\/v2\/media?parent=1374"}],"wp:term":[{"taxonomy":"product_brand","embeddable":true,"href":"https:\/\/gbs-jsc.com\/en\/wp-json\/wp\/v2\/product_brand?post=1374"},{"taxonomy":"product_cat","embeddable":true,"href":"https:\/\/gbs-jsc.com\/en\/wp-json\/wp\/v2\/product_cat?post=1374"},{"taxonomy":"product_tag","embeddable":true,"href":"https:\/\/gbs-jsc.com\/en\/wp-json\/wp\/v2\/product_tag?post=1374"}],"curies":[{"name":"wp","href":"https:\/\/api.w.org\/{rel}","templated":true}]}}