{"id":1373,"date":"2026-03-30T13:36:43","date_gmt":"2026-03-30T06:36:43","guid":{"rendered":"http:\/\/dev.gbs-jsc.com\/?post_type=product&#038;p=1373"},"modified":"2026-03-30T13:37:22","modified_gmt":"2026-03-30T06:37:22","slug":"vicam-bien-sensors-transducers-or-transmittersensensors-transducers-or-transmitters","status":"publish","type":"product","link":"https:\/\/gbs-jsc.com\/en\/product\/vicam-bien-sensors-transducers-or-transmittersensensors-transducers-or-transmitters","title":{"rendered":"C\u1ea3m bi\u1ebfn (Sensors, transducers or transmitters)"},"content":{"rendered":"<p><b><span style=\"font-size: medium;\">C\u1ea3m bi\u1ebfn<br \/>\n<\/span><\/b><small><\/small><\/p>\n<ul>\n<li><small><span style=\"font-size: small;\">C\u1ea3m bi\u1ebfn \u00e1p su\u1ea5t\u00a0<\/span><\/small><\/li>\n<li><small><span style=\"font-size: small;\">C\u1ea3m bi\u1ebfn nhi\u1ec7t \u0111\u1ed9\u00a0<\/span><\/small><\/li>\n<li><small><span style=\"font-size: small;\">C\u1ea3m bi\u1ebfn \u0111\u1ed9 \u1ea9m\u00a0<\/span><\/small><\/li>\n<li><small><span style=\"font-size: small;\">C\u00e1c lo\u1ea1i c\u1ea3m bi\u1ebfn v\u1ecb tr\u00ed\u00a0<\/span><\/small><\/li>\n<li><small><span style=\"font-size: small;\">C\u00e1c lo\u1ea1i c\u1ea3m bi\u1ebfn th\u00f4ng minh\u00a0<\/span><\/small><\/li>\n<li><small><span style=\"font-size: small;\">C\u1ea3m bi\u1ebfn \u0111o rung \u0111\u1ed9ng\u00a0<\/span><\/small><\/li>\n<li><small><span style=\"font-size: small;\">C\u1ea3m bi\u1ebfn \u0111o d\u00f2ng \u0111i\u1ec7n\u00a0<\/span><\/small><\/li>\n<li><small><span style=\"font-size: small;\">C\u1ea3m bi\u1ebfn \u0111o l\u01b0u l\u01b0\u1ee3ng\u00a0<\/span><\/small><\/li>\n<li><small><span style=\"font-size: small;\">C\u1ea3m bi\u1ebfn quang \u0111i\u1ec7n\u00a0<\/span><\/small><\/li>\n<li><small><span style=\"font-size: small;\">C\u1ea3m bi\u1ebfn \u0111o moment t\u1ea3i<\/span><\/small><\/li>\n<li><small><span style=\"font-size: small;\">C\u1ea3m bi\u1ebfn \u0111o m\u1ee9c ch\u1ea5t l\u1ecfng<\/span><\/small><\/li>\n<li><small><span style=\"font-size: small;\">C\u1ea3m bi\u1ebfn \u0111o gia t\u1ed1c<\/span><\/small><\/li>\n<li><small><span style=\"font-size: small;\">C\u1ea3m bi\u1ebfn \u0111o v\u1eadn t\u1ed1c d\u00e0i<\/span><\/small><\/li>\n<li><small><span style=\"font-size: small;\">C\u1ea3m bi\u1ebfn \u0111o g\u00f3c quay<\/span><\/small><\/li>\n<\/ul>\n<p>&nbsp;<\/p>\n<p>&nbsp;<\/p>","protected":false},"excerpt":{"rendered":"<p>C\u1ea3m bi\u1ebfn C\u1ea3m bi\u1ebfn \u00e1p su\u1ea5t\u00a0 C\u1ea3m bi\u1ebfn nhi\u1ec7t \u0111\u1ed9\u00a0 C\u1ea3m bi\u1ebfn \u0111\u1ed9 \u1ea9m\u00a0 C\u00e1c lo\u1ea1i c\u1ea3m bi\u1ebfn v\u1ecb tr\u00ed\u00a0 [&hellip;]<\/p>\n","protected":false},"featured_media":1401,"comment_status":"open","ping_status":"closed","template":"","meta":{"_acf_changed":false,"_uag_custom_page_level_css":"","site-sidebar-layout":"default","site-content-layout":"","ast-site-content-layout":"default","site-content-style":"default","site-sidebar-style":"default","ast-global-header-display":"","ast-banner-title-visibility":"","ast-main-header-display":"","ast-hfb-above-header-display":"","ast-hfb-below-header-display":"","ast-hfb-mobile-header-display":"","site-post-title":"","ast-breadcrumbs-content":"","ast-featured-img":"","footer-sml-layout":"","ast-disable-related-posts":"","theme-transparent-header-meta":"","adv-header-id-meta":"","stick-header-meta":"","header-above-stick-meta":"","header-main-stick-meta":"","header-below-stick-meta":"","astra-migrate-meta-layouts":"default","ast-page-background-enabled":"default","ast-page-background-meta":{"desktop":{"background-color":"var(--ast-global-color-4)","background-image":"","background-repeat":"repeat","background-position":"center center","background-size":"auto","background-attachment":"scroll","background-type":"","background-media":"","overlay-type":"","overlay-color":"","overlay-opacity":"","overlay-gradient":""},"tablet":{"background-color":"","background-image":"","background-repeat":"repeat","background-position":"center center","background-size":"auto","background-attachment":"scroll","background-type":"","background-media":"","overlay-type":"","overlay-color":"","overlay-opacity":"","overlay-gradient":""},"mobile":{"background-color":"","background-image":"","background-repeat":"repeat","background-position":"center center","background-size":"auto","background-attachment":"scroll","background-type":"","background-media":"","overlay-type":"","overlay-color":"","overlay-opacity":"","overlay-gradient":""}},"ast-content-background-meta":{"desktop":{"background-color":"var(--ast-global-color-5)","background-image":"","background-repeat":"repeat","background-position":"center center","background-size":"auto","background-attachment":"scroll","background-type":"","background-media":"","overlay-type":"","overlay-color":"","overlay-opacity":"","overlay-gradient":""},"tablet":{"background-color":"var(--ast-global-color-5)","background-image":"","background-repeat":"repeat","background-position":"center center","background-size":"auto","background-attachment":"scroll","background-type":"","background-media":"","overlay-type":"","overlay-color":"","overlay-opacity":"","overlay-gradient":""},"mobile":{"background-color":"var(--ast-global-color-5)","background-image":"","background-repeat":"repeat","background-position":"center center","background-size":"auto","background-attachment":"scroll","background-type":"","background-media":"","overlay-type":"","overlay-color":"","overlay-opacity":"","overlay-gradient":""}}},"product_brand":[],"product_cat":[33],"product_tag":[],"class_list":{"0":"post-1373","1":"product","2":"type-product","3":"status-publish","4":"has-post-thumbnail","6":"product_cat-chua-phan-loai","7":"desktop-align-left","8":"tablet-align-left","9":"mobile-align-left","11":"first","12":"instock","13":"shipping-taxable","14":"product-type-simple"},"acf":[],"uagb_featured_image_src":{"full":["https:\/\/gbs-jsc.com\/wp-content\/uploads\/2026\/03\/cb1.jpg",250,250,false],"thumbnail":["https:\/\/gbs-jsc.com\/wp-content\/uploads\/2026\/03\/cb1-150x150.jpg",150,150,true],"medium":["https:\/\/gbs-jsc.com\/wp-content\/uploads\/2026\/03\/cb1.jpg",250,250,false],"medium_large":["https:\/\/gbs-jsc.com\/wp-content\/uploads\/2026\/03\/cb1.jpg",250,250,false],"large":["https:\/\/gbs-jsc.com\/wp-content\/uploads\/2026\/03\/cb1.jpg",250,250,false],"1536x1536":["https:\/\/gbs-jsc.com\/wp-content\/uploads\/2026\/03\/cb1.jpg",250,250,false],"2048x2048":["https:\/\/gbs-jsc.com\/wp-content\/uploads\/2026\/03\/cb1.jpg",250,250,false],"trp-custom-language-flag":["https:\/\/gbs-jsc.com\/wp-content\/uploads\/2026\/03\/cb1.jpg",12,12,false],"woocommerce_thumbnail":["https:\/\/gbs-jsc.com\/wp-content\/uploads\/2026\/03\/cb1.jpg",250,250,false],"woocommerce_single":["https:\/\/gbs-jsc.com\/wp-content\/uploads\/2026\/03\/cb1.jpg",250,250,false],"woocommerce_gallery_thumbnail":["https:\/\/gbs-jsc.com\/wp-content\/uploads\/2026\/03\/cb1-100x100.jpg",100,100,true]},"uagb_author_info":{"display_name":"admin","author_link":"https:\/\/gbs-jsc.com\/en\/author"},"uagb_comment_info":0,"uagb_excerpt":"C\u1ea3m bi\u1ebfn C\u1ea3m bi\u1ebfn \u00e1p su\u1ea5t\u00a0 C\u1ea3m bi\u1ebfn nhi\u1ec7t \u0111\u1ed9\u00a0 C\u1ea3m bi\u1ebfn \u0111\u1ed9 \u1ea9m\u00a0 C\u00e1c lo\u1ea1i c\u1ea3m bi\u1ebfn v\u1ecb tr\u00ed\u00a0 [&hellip;]","_links":{"self":[{"href":"https:\/\/gbs-jsc.com\/en\/wp-json\/wp\/v2\/product\/1373","targetHints":{"allow":["GET"]}}],"collection":[{"href":"https:\/\/gbs-jsc.com\/en\/wp-json\/wp\/v2\/product"}],"about":[{"href":"https:\/\/gbs-jsc.com\/en\/wp-json\/wp\/v2\/types\/product"}],"replies":[{"embeddable":true,"href":"https:\/\/gbs-jsc.com\/en\/wp-json\/wp\/v2\/comments?post=1373"}],"wp:featuredmedia":[{"embeddable":true,"href":"https:\/\/gbs-jsc.com\/en\/wp-json\/wp\/v2\/media\/1401"}],"wp:attachment":[{"href":"https:\/\/gbs-jsc.com\/en\/wp-json\/wp\/v2\/media?parent=1373"}],"wp:term":[{"taxonomy":"product_brand","embeddable":true,"href":"https:\/\/gbs-jsc.com\/en\/wp-json\/wp\/v2\/product_brand?post=1373"},{"taxonomy":"product_cat","embeddable":true,"href":"https:\/\/gbs-jsc.com\/en\/wp-json\/wp\/v2\/product_cat?post=1373"},{"taxonomy":"product_tag","embeddable":true,"href":"https:\/\/gbs-jsc.com\/en\/wp-json\/wp\/v2\/product_tag?post=1373"}],"curies":[{"name":"wp","href":"https:\/\/api.w.org\/{rel}","templated":true}]}}