{"id":1372,"date":"2026-03-30T13:36:42","date_gmt":"2026-03-30T06:36:42","guid":{"rendered":"http:\/\/dev.gbs-jsc.com\/?post_type=product&#038;p=1372"},"modified":"2026-03-30T13:37:21","modified_gmt":"2026-03-30T06:37:21","slug":"vibo-canh-bao-ngoai-btsenbts-monitoring-system","status":"publish","type":"product","link":"https:\/\/gbs-jsc.com\/en\/product\/vibo-canh-bao-ngoai-btsenbts-monitoring-system","title":{"rendered":"B\u1ed9 c\u1ea3nh b\u00e1o ngo\u00e0i BTS"},"content":{"rendered":"<p><b>1. Ph\u1ea1m vi \u1ee9ng d\u1ee5ng <\/b><\/p>\n<p>B\u1ed9 c\u1ea3nh b\u00e1o BMS-01 \u0111\u01b0\u1ee3c thi\u1ebft k\u1ebf chuy\u00ean d\u00f9ng cho vi\u1ec7ctheo d\u00f5i v\u00e0 b\u00e1o \u0111\u1ed9ng v\u1ec1 t\u00ecnh tr\u1ea1ng l\u00e0m vi\u1ec7c c\u1ee7a tr\u1ea1m BTS. V\u1edbit\u00ednh n\u0103ng truy\u1ec1n th\u00f4ng tin c\u1ea3nh b\u00e1o qua \u0111\u01b0\u1eddng tin nh\u1eafn SMS,h\u1ec7 th\u1ed1ng \u0111\u1ea3m b\u1ea3o c\u1eadp nh\u1eadt t\u00ecnh tr\u1ea1ng ho\u1ea1t \u0111\u1ed9ng c\u1ee7a tr\u1ea1m t\u1ee9cth\u1eddi v\u00e0 t\u1eeb xa, \u0111\u1ed3ng th\u1eddi cho ph\u00e9p qu\u1ea3n l\u00fd t\u1eadp trung c\u1ea3 h\u1ec7 th\u1ed1ngnhi\u1ec1u tr\u1ea1m BTS.<\/p>\n<p><b>2. M\u00f4 t\u1ea3 s\u1ea3n ph\u1ea9m<\/b><\/p>\n<p>H\u1ec7 th\u1ed1ng c\u1ea3nh b\u00e1o bao g\u1ed3m b\u1ed9 \u0111i\u1ec1u khi\u1ec3n trung t\u00e2m, GSMmodem v\u00e0 c\u00e1c \u0111\u1ea7u \u0111o. C\u00e1c t\u00ednh n\u0103ng ch\u00ednh c\u1ee7a h\u1ec7 th\u1ed1ng nh\u01b0 sau:<\/p>\n<p>+Theo d\u00f5i v\u00e0 t\u1ef1 \u0111\u1ed9ng c\u1ea3nh b\u00e1o c\u00e1c tr\u1ea1ng th\u00e1i:<\/p>\n<p>-C\u1ea3nh b\u00e1o ch\u00e1y<\/p>\n<p>-C\u1ea3nh b\u00e1o \u0111\u1ed9t nh\u1eadp<\/p>\n<p>-C\u1ea3nh b\u00e1o nhi\u1ec7t \u0111\u1ed9 cao<\/p>\n<p>-C\u1ea3nh b\u00e1o \u0111\u1ed9 \u1ea9m cao<\/p>\n<p>-C\u1ea3nh b\u00e1o c\u1eeda m\u1edf<\/p>\n<p>-C\u1ea3nh b\u00e1o ng\u1eadp n\u01b0\u1edbc<\/p>\n<p>-C\u1ea3nh b\u00e1o m\u1ea5t \u0111i\u1ec7n l\u01b0\u1edbi<\/p>\n<p>-C\u1ea3nh b\u00e1o \u0111i\u1ec1u h\u00f2a kh\u00f4ng ch\u1ea1y<\/p>\n<p>-C\u1ea3nh b\u00e1o \u1eafc quy tr\u1ea1m BTS th\u1ea5p<\/p>\n<p>+\u0110o v\u00e0 hi\u1ec3n th\u1ecb nhi\u1ec7t \u0111\u1ed9 v\u00e0 \u0111\u1ed9 \u1ea9m trong tr\u1ea1m BTS<\/p>\n<p>+Ph\u00e1t t\u00edn hi\u1ec7u c\u1ea3nh b\u00e1o t\u1ea1i ch\u1ed7 b\u1eb1ng c\u00f2i v\u00e0 chu\u00f4ng b\u00e1o ch\u00e1y<\/p>\n<p>+\u0110\u01b0a t\u00edn hi\u1ec7u c\u1ea3nh b\u00e1o sang c\u1ed5ng ti\u1ebfp nh\u1eadn c\u1ea3nh b\u00e1o ngo\u00e0ic\u1ee7a m\u00e1y tr\u1ea1m BTS.<\/p>\n<p>+Truy\u1ec1n th\u00f4ng tin c\u1ea3nh b\u00e1o d\u01b0\u1edbi d\u1ea1ng nh\u1eafn tin SMS t\u1edbi \u0111i\u1ec7ntho\u1ea1i di \u0111\u1ed9ng \u0111\u1eb7t tr\u01b0\u1edbc v\u00e0 trung t\u00e2m qu\u1ea3n l\u00fd.<\/p>\n<p>+C\u00e1c t\u00ecnh tr\u1ea1ng c\u1ee7a ph\u00f2ng m\u00e1y BTS \u0111\u01b0\u1ee3c ghi nh\u1eadt k\u00fd (l\u01b0uv\u00e0o b\u1ed9 nh\u1edb trong m\u00e1y) v\u00e0 h\u00e0ng ng\u00e0y \u0111\u01b0\u1ee3c truy\u1ec1n v\u1ec1 trung t\u00e2m qu\u1ea3n l\u00fd.<\/p>\n<p>+Giao di\u1ec7n v\u1edbi ng\u01b0\u1eddi s\u1eed d\u1ee5ng:<\/p>\n<p>-Hi\u1ec3n th\u1ecb b\u1eb1ng LCD (2 d\u00f2ng 16 k\u00fd t\u1ef1).<\/p>\n<p>-Ph\u00edm thao t\u00e1c (4 ph\u00edm): \u201cMODE\u201d , \u201cUP\u201d , \u201cDOWN\u201d , \u201cENTER<\/p>\n<p>-Ngu\u1ed3n nu\u00f4i : (220 \u00b1 20) V \/ 50 Hz.<\/p>\n<p>+C\u00f4ng su\u1ea5t \u0111i\u1ec7n ti\u00eau th\u1ee5 &lt; 15 W<\/p>\n<p>+Khi m\u1ea5t \u0111i\u1ec7n l\u01b0\u1edbi, b\u1ed9 c\u1ea3nh b\u00e1o l\u00e0m vi\u1ec7c b\u1eb1ng \u1eafc quy b\u00eantrong li\u00ean t\u1ee5c trong 10 gi\u1edd<\/p>\n<p>+\u0110i\u1ec1u ki\u1ec7n m\u00f4i tr\u01b0\u1eddng l\u00e0m vi\u1ec7c:<\/p>\n<p>&#8211; Nhi\u1ec7t \u0111\u1ed9 \u2264 70\u00baC<\/p>\n<p>&#8211; \u0110\u1ed9 \u1ea9m \u2264 95% RH<\/p>\n<p>+K\u00edch th\u01b0\u1edbc h\u1ed9p \u0111i\u1ec1u khi\u1ec3n trung t\u00e2m (WxHxD): 250 x 350 x 110 mm<\/p>\n<p>+Tr\u1ecdng l\u01b0\u1ee3ng: \u2248 5,5 Kg<\/p>\n<p><b>3. M\u00e3 \u0111\u1eb7t h\u00e0ng <\/b><\/p>\n<p>BMS-01-x<\/p>\n<p>x: T\u00f9y ch\u1ecdn<\/p>\n<p>N: kh\u00f4ng c\u00f3 GSM Modem<\/p>\n<p>M: c\u00f3 GSM Mode<\/p>","protected":false},"excerpt":{"rendered":"<p>1. Ph\u1ea1m vi \u1ee9ng d\u1ee5ng B\u1ed9 c\u1ea3nh b\u00e1o BMS-01 \u0111\u01b0\u1ee3c thi\u1ebft k\u1ebf chuy\u00ean d\u00f9ng cho vi\u1ec7ctheo d\u00f5i v\u00e0 b\u00e1o \u0111\u1ed9ng [&hellip;]<\/p>\n","protected":false},"featured_media":1400,"comment_status":"open","ping_status":"closed","template":"","meta":{"_acf_changed":false,"_uag_custom_page_level_css":"","site-sidebar-layout":"default","site-content-layout":"","ast-site-content-layout":"default","site-content-style":"default","site-sidebar-style":"default","ast-global-header-display":"","ast-banner-title-visibility":"","ast-main-header-display":"","ast-hfb-above-header-display":"","ast-hfb-below-header-display":"","ast-hfb-mobile-header-display":"","site-post-title":"","ast-breadcrumbs-content":"","ast-featured-img":"","footer-sml-layout":"","ast-disable-related-posts":"","theme-transparent-header-meta":"","adv-header-id-meta":"","stick-header-meta":"","header-above-stick-meta":"","header-main-stick-meta":"","header-below-stick-meta":"","astra-migrate-meta-layouts":"default","ast-page-background-enabled":"default","ast-page-background-meta":{"desktop":{"background-color":"var(--ast-global-color-4)","background-image":"","background-repeat":"repeat","background-position":"center center","background-size":"auto","background-attachment":"scroll","background-type":"","background-media":"","overlay-type":"","overlay-color":"","overlay-opacity":"","overlay-gradient":""},"tablet":{"background-color":"","background-image":"","background-repeat":"repeat","background-position":"center center","background-size":"auto","background-attachment":"scroll","background-type":"","background-media":"","overlay-type":"","overlay-color":"","overlay-opacity":"","overlay-gradient":""},"mobile":{"background-color":"","background-image":"","background-repeat":"repeat","background-position":"center center","background-size":"auto","background-attachment":"scroll","background-type":"","background-media":"","overlay-type":"","overlay-color":"","overlay-opacity":"","overlay-gradient":""}},"ast-content-background-meta":{"desktop":{"background-color":"var(--ast-global-color-5)","background-image":"","background-repeat":"repeat","background-position":"center center","background-size":"auto","background-attachment":"scroll","background-type":"","background-media":"","overlay-type":"","overlay-color":"","overlay-opacity":"","overlay-gradient":""},"tablet":{"background-color":"var(--ast-global-color-5)","background-image":"","background-repeat":"repeat","background-position":"center center","background-size":"auto","background-attachment":"scroll","background-type":"","background-media":"","overlay-type":"","overlay-color":"","overlay-opacity":"","overlay-gradient":""},"mobile":{"background-color":"var(--ast-global-color-5)","background-image":"","background-repeat":"repeat","background-position":"center center","background-size":"auto","background-attachment":"scroll","background-type":"","background-media":"","overlay-type":"","overlay-color":"","overlay-opacity":"","overlay-gradient":""}}},"product_brand":[],"product_cat":[32],"product_tag":[],"class_list":{"0":"post-1372","1":"product","2":"type-product","3":"status-publish","4":"has-post-thumbnail","6":"product_cat-thiet-bi-vien-thong","7":"desktop-align-left","8":"tablet-align-left","9":"mobile-align-left","11":"first","12":"instock","13":"shipping-taxable","14":"product-type-simple"},"acf":[],"uagb_featured_image_src":{"full":["https:\/\/gbs-jsc.com\/wp-content\/uploads\/2026\/03\/cb.jpg",250,250,false],"thumbnail":["https:\/\/gbs-jsc.com\/wp-content\/uploads\/2026\/03\/cb-150x150.jpg",150,150,true],"medium":["https:\/\/gbs-jsc.com\/wp-content\/uploads\/2026\/03\/cb.jpg",250,250,false],"medium_large":["https:\/\/gbs-jsc.com\/wp-content\/uploads\/2026\/03\/cb.jpg",250,250,false],"large":["https:\/\/gbs-jsc.com\/wp-content\/uploads\/2026\/03\/cb.jpg",250,250,false],"1536x1536":["https:\/\/gbs-jsc.com\/wp-content\/uploads\/2026\/03\/cb.jpg",250,250,false],"2048x2048":["https:\/\/gbs-jsc.com\/wp-content\/uploads\/2026\/03\/cb.jpg",250,250,false],"trp-custom-language-flag":["https:\/\/gbs-jsc.com\/wp-content\/uploads\/2026\/03\/cb.jpg",12,12,false],"woocommerce_thumbnail":["https:\/\/gbs-jsc.com\/wp-content\/uploads\/2026\/03\/cb.jpg",250,250,false],"woocommerce_single":["https:\/\/gbs-jsc.com\/wp-content\/uploads\/2026\/03\/cb.jpg",250,250,false],"woocommerce_gallery_thumbnail":["https:\/\/gbs-jsc.com\/wp-content\/uploads\/2026\/03\/cb-100x100.jpg",100,100,true]},"uagb_author_info":{"display_name":"admin","author_link":"https:\/\/gbs-jsc.com\/en\/author"},"uagb_comment_info":0,"uagb_excerpt":"1. Ph\u1ea1m vi \u1ee9ng d\u1ee5ng B\u1ed9 c\u1ea3nh b\u00e1o BMS-01 \u0111\u01b0\u1ee3c thi\u1ebft k\u1ebf chuy\u00ean d\u00f9ng cho vi\u1ec7ctheo d\u00f5i v\u00e0 b\u00e1o \u0111\u1ed9ng [&hellip;]","_links":{"self":[{"href":"https:\/\/gbs-jsc.com\/en\/wp-json\/wp\/v2\/product\/1372","targetHints":{"allow":["GET"]}}],"collection":[{"href":"https:\/\/gbs-jsc.com\/en\/wp-json\/wp\/v2\/product"}],"about":[{"href":"https:\/\/gbs-jsc.com\/en\/wp-json\/wp\/v2\/types\/product"}],"replies":[{"embeddable":true,"href":"https:\/\/gbs-jsc.com\/en\/wp-json\/wp\/v2\/comments?post=1372"}],"wp:featuredmedia":[{"embeddable":true,"href":"https:\/\/gbs-jsc.com\/en\/wp-json\/wp\/v2\/media\/1400"}],"wp:attachment":[{"href":"https:\/\/gbs-jsc.com\/en\/wp-json\/wp\/v2\/media?parent=1372"}],"wp:term":[{"taxonomy":"product_brand","embeddable":true,"href":"https:\/\/gbs-jsc.com\/en\/wp-json\/wp\/v2\/product_brand?post=1372"},{"taxonomy":"product_cat","embeddable":true,"href":"https:\/\/gbs-jsc.com\/en\/wp-json\/wp\/v2\/product_cat?post=1372"},{"taxonomy":"product_tag","embeddable":true,"href":"https:\/\/gbs-jsc.com\/en\/wp-json\/wp\/v2\/product_tag?post=1372"}],"curies":[{"name":"wp","href":"https:\/\/api.w.org\/{rel}","templated":true}]}}