{"id":1371,"date":"2026-03-30T13:36:41","date_gmt":"2026-03-30T06:36:41","guid":{"rendered":"http:\/\/dev.gbs-jsc.com\/?post_type=product&#038;p=1371"},"modified":"2026-03-30T13:37:18","modified_gmt":"2026-03-30T06:37:18","slug":"bo-dieu-khien-den-bao-khong","status":"publish","type":"product","link":"https:\/\/gbs-jsc.com\/en\/product\/bo-dieu-khien-den-bao-khong","title":{"rendered":"B\u1ed9 \u0111i\u1ec1u khi\u1ec3n \u0111\u00e8n b\u00e1o kh\u00f4ng"},"content":{"rendered":"<ol>\n<li><b> PH\u1ea0M VI \u1ee8NG D\u1ee4NG<\/b><br \/>\nB\u1ed9 \u0111i\u1ec1u khi\u1ec3n SLC-5A d\u00f9ng\u00a0 \u0111\u1ec3 \u00a0\u0111i\u1ec1u khi\u1ec3nc\u00e1c \u00a0\u0111\u00e8n b\u00e1o kh\u00f4ng tr\u00ean c\u1ed9t anten, th\u00e1p cao, nh\u00e0cao t\u1ea7ng \u2026 H\u1ed9p \u0111i\u1ec1u khi\u1ec3n b\u1eb1ng kim lo\u1ea1i c\u00f3 k\u1ebftc\u1ea5u c\u1ee9ng ch\u1eafc v\u00e0 ch\u1ed1ng n\u01b0\u1edbc \u0111\u1ea3m b\u1ea3o an to\u00e0n khi l\u1eafp \u0111\u1eb7t ngo\u00e0i tr\u1eddi.<br \/>\n<b><br \/>\n2. M\u00d4 T\u1ea2 S\u1ea2N PH\u1ea8M<\/b><\/li>\n<\/ol>\n<ul>\n<li>T\u1ef1 \u0111\u1ed9ng nh\u1eadn bi\u1ebft \u00e1nh s\u00e1ng \u0111\u1ec3 \u0111i\u1ec1u khi\u1ec3n b\u1eadt \u0111\u00e8n khi tr\u1eddi t\u1ed1i.<\/li>\n<li>\u0110i\u1ec1u khi\u1ec3n \u0111\u00e8n nh\u1ea5p nh\u00e1y 10\u00f712 l\u1ea7n trong 1ph\u00fat.<\/li>\n<li>Th\u1eddi gian \u0111\u00e8n s\u00e1ng chi\u1ebfm kho\u1ea3ng 40% chu k\u1ef3 (ti\u1ebft ki\u1ec7m \u0111i\u1ec7n ti\u00eau th\u1ee5).<\/li>\n<li>Ngu\u1ed3n \u0111i\u1ec7n s\u1eed d\u1ee5ng: (220 \u00b1 30) Vac.<\/li>\n<li>C\u00f4ng su\u1ea5t \u0111i\u1ec7n ti\u00eau th\u1ee5 (kh\u00f4ng t\u00ednh \u0111\u00e8n hi\u1ec7u):&lt; 4 W.<\/li>\n<li>D\u00f2ng t\u1ea3i t\u1ed1i \u0111a: 5A (c\u00f4ng su\u1ea5t t\u1ea3i t\u1ed1i \u0111a 1000VA).<\/li>\n<li>V\u1ecf h\u1ed9p b\u1eb1ng kim lo\u1ea1i s\u01a1n t\u0129nh \u0111i\u1ec7n m\u00e0u tr\u1eafng, k\u1ebft c\u1ea5u ch\u1ed1ng n\u01b0\u1edbc (l\u1eafp ngo\u00e0i tr\u1eddi).<\/li>\n<li>Nhi\u1ec7t \u0111\u1ed9 l\u00e0m vi\u1ec7c: 0\u00f780 \u00baC.<\/li>\n<li>K\u00edch th\u01b0\u1edbc (W x H x D): 110 x 205 x 75 mm.<\/li>\n<li>Tr\u1ecdng l\u01b0\u1ee3ng : 1 Kg.<\/li>\n<\/ul>\n<ol start=\"3\">\n<li><b> M\u00c3 \u0110\u1eb6T H\u00c0NG<\/b><br \/>\nSLC-5A<\/li>\n<\/ol>","protected":false},"excerpt":{"rendered":"<p>PH\u1ea0M VI \u1ee8NG D\u1ee4NG B\u1ed9 \u0111i\u1ec1u khi\u1ec3n SLC-5A d\u00f9ng\u00a0 \u0111\u1ec3 \u00a0\u0111i\u1ec1u khi\u1ec3nc\u00e1c \u00a0\u0111\u00e8n b\u00e1o kh\u00f4ng tr\u00ean c\u1ed9t anten, th\u00e1p cao, [&hellip;]<\/p>\n","protected":false},"featured_media":1399,"comment_status":"open","ping_status":"closed","template":"","meta":{"_acf_changed":false,"_uag_custom_page_level_css":"","site-sidebar-layout":"default","site-content-layout":"","ast-site-content-layout":"default","site-content-style":"default","site-sidebar-style":"default","ast-global-header-display":"","ast-banner-title-visibility":"","ast-main-header-display":"","ast-hfb-above-header-display":"","ast-hfb-below-header-display":"","ast-hfb-mobile-header-display":"","site-post-title":"","ast-breadcrumbs-content":"","ast-featured-img":"","footer-sml-layout":"","ast-disable-related-posts":"","theme-transparent-header-meta":"","adv-header-id-meta":"","stick-header-meta":"","header-above-stick-meta":"","header-main-stick-meta":"","header-below-stick-meta":"","astra-migrate-meta-layouts":"default","ast-page-background-enabled":"default","ast-page-background-meta":{"desktop":{"background-color":"var(--ast-global-color-4)","background-image":"","background-repeat":"repeat","background-position":"center center","background-size":"auto","background-attachment":"scroll","background-type":"","background-media":"","overlay-type":"","overlay-color":"","overlay-opacity":"","overlay-gradient":""},"tablet":{"background-color":"","background-image":"","background-repeat":"repeat","background-position":"center center","background-size":"auto","background-attachment":"scroll","background-type":"","background-media":"","overlay-type":"","overlay-color":"","overlay-opacity":"","overlay-gradient":""},"mobile":{"background-color":"","background-image":"","background-repeat":"repeat","background-position":"center center","background-size":"auto","background-attachment":"scroll","background-type":"","background-media":"","overlay-type":"","overlay-color":"","overlay-opacity":"","overlay-gradient":""}},"ast-content-background-meta":{"desktop":{"background-color":"var(--ast-global-color-5)","background-image":"","background-repeat":"repeat","background-position":"center center","background-size":"auto","background-attachment":"scroll","background-type":"","background-media":"","overlay-type":"","overlay-color":"","overlay-opacity":"","overlay-gradient":""},"tablet":{"background-color":"var(--ast-global-color-5)","background-image":"","background-repeat":"repeat","background-position":"center center","background-size":"auto","background-attachment":"scroll","background-type":"","background-media":"","overlay-type":"","overlay-color":"","overlay-opacity":"","overlay-gradient":""},"mobile":{"background-color":"var(--ast-global-color-5)","background-image":"","background-repeat":"repeat","background-position":"center center","background-size":"auto","background-attachment":"scroll","background-type":"","background-media":"","overlay-type":"","overlay-color":"","overlay-opacity":"","overlay-gradient":""}}},"product_brand":[],"product_cat":[32],"product_tag":[],"class_list":{"0":"post-1371","1":"product","2":"type-product","3":"status-publish","4":"has-post-thumbnail","6":"product_cat-thiet-bi-vien-thong","7":"desktop-align-left","8":"tablet-align-left","9":"mobile-align-left","11":"first","12":"instock","13":"shipping-taxable","14":"product-type-simple"},"acf":[],"uagb_featured_image_src":{"full":["https:\/\/gbs-jsc.com\/wp-content\/uploads\/2026\/03\/dk.jpg",250,250,false],"thumbnail":["https:\/\/gbs-jsc.com\/wp-content\/uploads\/2026\/03\/dk-150x150.jpg",150,150,true],"medium":["https:\/\/gbs-jsc.com\/wp-content\/uploads\/2026\/03\/dk.jpg",250,250,false],"medium_large":["https:\/\/gbs-jsc.com\/wp-content\/uploads\/2026\/03\/dk.jpg",250,250,false],"large":["https:\/\/gbs-jsc.com\/wp-content\/uploads\/2026\/03\/dk.jpg",250,250,false],"1536x1536":["https:\/\/gbs-jsc.com\/wp-content\/uploads\/2026\/03\/dk.jpg",250,250,false],"2048x2048":["https:\/\/gbs-jsc.com\/wp-content\/uploads\/2026\/03\/dk.jpg",250,250,false],"trp-custom-language-flag":["https:\/\/gbs-jsc.com\/wp-content\/uploads\/2026\/03\/dk.jpg",12,12,false],"woocommerce_thumbnail":["https:\/\/gbs-jsc.com\/wp-content\/uploads\/2026\/03\/dk.jpg",250,250,false],"woocommerce_single":["https:\/\/gbs-jsc.com\/wp-content\/uploads\/2026\/03\/dk.jpg",250,250,false],"woocommerce_gallery_thumbnail":["https:\/\/gbs-jsc.com\/wp-content\/uploads\/2026\/03\/dk-100x100.jpg",100,100,true]},"uagb_author_info":{"display_name":"admin","author_link":"https:\/\/gbs-jsc.com\/en\/author"},"uagb_comment_info":0,"uagb_excerpt":"PH\u1ea0M VI \u1ee8NG D\u1ee4NG B\u1ed9 \u0111i\u1ec1u khi\u1ec3n SLC-5A d\u00f9ng\u00a0 \u0111\u1ec3 \u00a0\u0111i\u1ec1u khi\u1ec3nc\u00e1c \u00a0\u0111\u00e8n b\u00e1o kh\u00f4ng tr\u00ean c\u1ed9t anten, th\u00e1p cao, [&hellip;]","_links":{"self":[{"href":"https:\/\/gbs-jsc.com\/en\/wp-json\/wp\/v2\/product\/1371","targetHints":{"allow":["GET"]}}],"collection":[{"href":"https:\/\/gbs-jsc.com\/en\/wp-json\/wp\/v2\/product"}],"about":[{"href":"https:\/\/gbs-jsc.com\/en\/wp-json\/wp\/v2\/types\/product"}],"replies":[{"embeddable":true,"href":"https:\/\/gbs-jsc.com\/en\/wp-json\/wp\/v2\/comments?post=1371"}],"wp:featuredmedia":[{"embeddable":true,"href":"https:\/\/gbs-jsc.com\/en\/wp-json\/wp\/v2\/media\/1399"}],"wp:attachment":[{"href":"https:\/\/gbs-jsc.com\/en\/wp-json\/wp\/v2\/media?parent=1371"}],"wp:term":[{"taxonomy":"product_brand","embeddable":true,"href":"https:\/\/gbs-jsc.com\/en\/wp-json\/wp\/v2\/product_brand?post=1371"},{"taxonomy":"product_cat","embeddable":true,"href":"https:\/\/gbs-jsc.com\/en\/wp-json\/wp\/v2\/product_cat?post=1371"},{"taxonomy":"product_tag","embeddable":true,"href":"https:\/\/gbs-jsc.com\/en\/wp-json\/wp\/v2\/product_tag?post=1371"}],"curies":[{"name":"wp","href":"https:\/\/api.w.org\/{rel}","templated":true}]}}