{"id":1369,"date":"2026-03-30T13:36:39","date_gmt":"2026-03-30T06:36:39","guid":{"rendered":"http:\/\/dev.gbs-jsc.com\/?post_type=product&#038;p=1369"},"modified":"2026-03-30T13:37:15","modified_gmt":"2026-03-30T06:37:15","slug":"viphan-mem-do-luong-dieu-khienenmeasurement-control-software","status":"publish","type":"product","link":"https:\/\/gbs-jsc.com\/en\/product\/viphan-mem-do-luong-dieu-khienenmeasurement-control-software","title":{"rendered":"Ph\u1ea7n m\u1ec1m \u0111o l\u01b0\u1eddng \u0111i\u1ec1u khi\u1ec3n"},"content":{"rendered":"<p>Ph\u00e2\u0300n m\u00ea\u0300m cho ca\u0301c h\u00ea\u0323 th\u00f4\u0301ng \u0111o l\u01b0\u01a1\u0300ng \u0111i\u00ea\u0300u khi\u00ea\u0309n:<br \/>\n+ H\u00ea\u0323 th\u00f4\u0301ng ki\u00ea\u0309m \u0111i\u0323nh \u0111\u00f4\u0323ng c\u01a1. Hi\u00ea\u0323n \u0111ang \u0111\u01b0\u01a1\u0323c s\u01b0\u0309 du\u0323ng ta\u0323i ca\u0301c nha\u0300 ma\u0301y qu\u00e2n \u0111\u00f4\u0323i nh\u01b0: Z153, Z756, Z155&#8230;<br \/>\n+ H\u00ea\u0323 th\u00f4\u0301ng \u0110i\u0323a V\u00e2\u0323t ly\u0301 (Carota) phu\u0323c vu\u0323 cho th\u0103m do\u0300 d\u00e2\u0300u khi\u0301 va\u0300 khoa\u0301ng sa\u0309n. Hi\u00ea\u0323n \u0111ang \u0111\u01b0\u01a1\u0323c s\u01b0\u0309 du\u0323ng ta\u0323i Xi\u0301\u0301 nghi\u00ea\u0323p li\u00ean doanh d\u00e2\u0300u khi\u0301 VietsoPtro, C\u00f4ng ty \u0110i\u0323a ch\u00e2\u0301t Mo\u0309-TKV<br \/>\n+ H\u00ea\u0323 th\u00f4\u0301ng Ki\u00ea\u0309m tra ca\u0301c khi\u0301 ta\u0300i \u0111i\u00ea\u0323n t\u01b0\u0309 (TestBench). Hi\u00ea\u0323n \u0111ang \u0111\u01b0\u01a1\u0323c s\u01b0\u0309 du\u0323ng ta\u0323i Nha\u0300 ma\u0301y s\u01b0\u0309a ch\u01b0\u0303a t\u00ean l\u01b0\u0309a A29, Nha\u0300 ma\u0301y s\u01b0\u0309a ch\u01b0\u0303a rada Z119.<\/p>","protected":false},"excerpt":{"rendered":"<p>Ph\u00e2\u0300n m\u00ea\u0300m cho ca\u0301c h\u00ea\u0323 th\u00f4\u0301ng \u0111o l\u01b0\u01a1\u0300ng \u0111i\u00ea\u0300u khi\u00ea\u0309n: + H\u00ea\u0323 th\u00f4\u0301ng ki\u00ea\u0309m \u0111i\u0323nh \u0111\u00f4\u0323ng c\u01a1. Hi\u00ea\u0323n \u0111ang \u0111\u01b0\u01a1\u0323c [&hellip;]<\/p>\n","protected":false},"featured_media":0,"comment_status":"open","ping_status":"closed","template":"","meta":{"_acf_changed":false,"_uag_custom_page_level_css":"","site-sidebar-layout":"default","site-content-layout":"","ast-site-content-layout":"default","site-content-style":"default","site-sidebar-style":"default","ast-global-header-display":"","ast-banner-title-visibility":"","ast-main-header-display":"","ast-hfb-above-header-display":"","ast-hfb-below-header-display":"","ast-hfb-mobile-header-display":"","site-post-title":"","ast-breadcrumbs-content":"","ast-featured-img":"","footer-sml-layout":"","ast-disable-related-posts":"","theme-transparent-header-meta":"","adv-header-id-meta":"","stick-header-meta":"","header-above-stick-meta":"","header-main-stick-meta":"","header-below-stick-meta":"","astra-migrate-meta-layouts":"default","ast-page-background-enabled":"default","ast-page-background-meta":{"desktop":{"background-color":"var(--ast-global-color-4)","background-image":"","background-repeat":"repeat","background-position":"center center","background-size":"auto","background-attachment":"scroll","background-type":"","background-media":"","overlay-type":"","overlay-color":"","overlay-opacity":"","overlay-gradient":""},"tablet":{"background-color":"","background-image":"","background-repeat":"repeat","background-position":"center center","background-size":"auto","background-attachment":"scroll","background-type":"","background-media":"","overlay-type":"","overlay-color":"","overlay-opacity":"","overlay-gradient":""},"mobile":{"background-color":"","background-image":"","background-repeat":"repeat","background-position":"center center","background-size":"auto","background-attachment":"scroll","background-type":"","background-media":"","overlay-type":"","overlay-color":"","overlay-opacity":"","overlay-gradient":""}},"ast-content-background-meta":{"desktop":{"background-color":"var(--ast-global-color-5)","background-image":"","background-repeat":"repeat","background-position":"center center","background-size":"auto","background-attachment":"scroll","background-type":"","background-media":"","overlay-type":"","overlay-color":"","overlay-opacity":"","overlay-gradient":""},"tablet":{"background-color":"var(--ast-global-color-5)","background-image":"","background-repeat":"repeat","background-position":"center center","background-size":"auto","background-attachment":"scroll","background-type":"","background-media":"","overlay-type":"","overlay-color":"","overlay-opacity":"","overlay-gradient":""},"mobile":{"background-color":"var(--ast-global-color-5)","background-image":"","background-repeat":"repeat","background-position":"center center","background-size":"auto","background-attachment":"scroll","background-type":"","background-media":"","overlay-type":"","overlay-color":"","overlay-opacity":"","overlay-gradient":""}}},"product_brand":[],"product_cat":[31],"product_tag":[],"class_list":{"0":"post-1369","1":"product","2":"type-product","3":"status-publish","5":"product_cat-lap-trinh-nhung","6":"desktop-align-left","7":"tablet-align-left","8":"mobile-align-left","10":"first","11":"instock","12":"shipping-taxable","13":"product-type-simple"},"acf":[],"uagb_featured_image_src":{"full":false,"thumbnail":false,"medium":false,"medium_large":false,"large":false,"1536x1536":false,"2048x2048":false,"trp-custom-language-flag":false,"woocommerce_thumbnail":false,"woocommerce_single":false,"woocommerce_gallery_thumbnail":false},"uagb_author_info":{"display_name":"admin","author_link":"https:\/\/gbs-jsc.com\/en\/author"},"uagb_comment_info":0,"uagb_excerpt":"Ph\u00e2\u0300n m\u00ea\u0300m cho ca\u0301c h\u00ea\u0323 th\u00f4\u0301ng \u0111o l\u01b0\u01a1\u0300ng \u0111i\u00ea\u0300u khi\u00ea\u0309n: + H\u00ea\u0323 th\u00f4\u0301ng ki\u00ea\u0309m \u0111i\u0323nh \u0111\u00f4\u0323ng c\u01a1. Hi\u00ea\u0323n \u0111ang \u0111\u01b0\u01a1\u0323c [&hellip;]","_links":{"self":[{"href":"https:\/\/gbs-jsc.com\/en\/wp-json\/wp\/v2\/product\/1369","targetHints":{"allow":["GET"]}}],"collection":[{"href":"https:\/\/gbs-jsc.com\/en\/wp-json\/wp\/v2\/product"}],"about":[{"href":"https:\/\/gbs-jsc.com\/en\/wp-json\/wp\/v2\/types\/product"}],"replies":[{"embeddable":true,"href":"https:\/\/gbs-jsc.com\/en\/wp-json\/wp\/v2\/comments?post=1369"}],"wp:attachment":[{"href":"https:\/\/gbs-jsc.com\/en\/wp-json\/wp\/v2\/media?parent=1369"}],"wp:term":[{"taxonomy":"product_brand","embeddable":true,"href":"https:\/\/gbs-jsc.com\/en\/wp-json\/wp\/v2\/product_brand?post=1369"},{"taxonomy":"product_cat","embeddable":true,"href":"https:\/\/gbs-jsc.com\/en\/wp-json\/wp\/v2\/product_cat?post=1369"},{"taxonomy":"product_tag","embeddable":true,"href":"https:\/\/gbs-jsc.com\/en\/wp-json\/wp\/v2\/product_tag?post=1369"}],"curies":[{"name":"wp","href":"https:\/\/api.w.org\/{rel}","templated":true}]}}