{"id":1368,"date":"2026-03-30T13:36:37","date_gmt":"2026-03-30T06:36:37","guid":{"rendered":"http:\/\/dev.gbs-jsc.com\/?post_type=product&#038;p=1368"},"modified":"2026-03-30T13:37:14","modified_gmt":"2026-03-30T06:37:14","slug":"viphan-mem-nhungenembedded-software","status":"publish","type":"product","link":"https:\/\/gbs-jsc.com\/en\/product\/viphan-mem-nhungenembedded-software","title":{"rendered":"Ph\u1ea7n m\u1ec1m nh\u00fang"},"content":{"rendered":"<p><span style=\"font-size: 14px;\">V\u1edbi nhi\u1ec1u n\u0103m kinh nghi\u1ec7m trong l\u0129nh v\u1ef1c ph\u1ea7n m\u1ec1m nh\u00fang, c\u00e1c k\u1ef9 s\u01b0 c\u1ee7a GBS \u0111\u00e3 ph\u00e1t tri\u1ec3n c\u00e1c ph\u1ea7n m\u1ec1m nh\u00fang cho ca\u0301c thi\u00ea\u0301t bi\u0323 nh\u01b0:<\/span><br \/>\n<span style=\"font-size: 14px;\"> + Thi\u00ea\u0301t bi\u0323 \u0111o s\u01b0\u0301c c\u0103ng ca\u0301p.<\/span><br \/>\n<span style=\"font-size: 14px;\"> + Thi\u00ea\u0301t bi\u0323 gi\u00e1m s\u00e1t ca\u0301c tra\u0323m BTS.<\/span><br \/>\n<span style=\"font-size: 14px;\"> + Thi\u00ea\u0301t bi\u0323 \u0111o \u01b0\u0301ng su\u00e2\u0301t \u0111\u00e2\u0301t \u0111a\u0301 theo \u0111\u00f4\u0323 s\u00e2u.<\/span><br \/>\n<span style=\"font-size: 14px;\"> + Thi\u00ea\u0301t bi\u0323 \u0111o va\u0300 ghi kh\u00f4\u0301i l\u01b0\u01a1\u0323ng b\u00ea t\u00f4ng theo \u0111\u00f4\u0323 s\u00e2u.<\/span><br \/>\n<span style=\"font-size: 14px;\"> + Thi\u00ea\u0301t bi\u0323 \u0111o l\u01b0u l\u01b0\u01a1\u0323ng va\u0300 t\u00f4\u0301c \u0111\u00f4\u0323 b\u01a1m x\u0103ng.<\/span><br \/>\n<span style=\"font-size: 14px;\"> + T\u1ee7 nhi\u1ec7t (D\u00f9ng cho vi\u1ec7c ki\u1ec3m \u0111\u1ecbnh thu\u1ed1c ph\u00f3ng, thu\u1ed1c n\u1ed5 c\u1ee7a C\u1ee5c qu\u00e2n kh\u00ed-T\u1ed5ng c\u1ee5c k\u1ef9 thu\u1eadt-BQP).<\/span><br \/>\n<span style=\"font-size: 14px;\"> H\u1ea7u h\u1ebft c\u00e1c ph\u1ea7n m\u1ec1m nh\u00fang cho c\u00e1c thi\u1ebft b\u1ecb \u0111\u1ec1u \u00e1p d\u1ee5ng c\u00e1c thu\u1eadt to\u00e1n ti\u00ean ti\u1ebfn v\u00e0 ph\u1ee9c t\u1ea1p n\u00ean c\u00e1c thi\u1ebft b\u1ecb \u0111\u1ec1u c\u00f3 \u0111\u1ed9 \u1ed5n \u0111\u1ecbnh v\u00e0 tin c\u1eady, \u0111\u01b0\u1ee3c kh\u00e1ch h\u00e0ng \u0111\u00e1nh gi\u00e1 cao.<\/span><\/p>","protected":false},"excerpt":{"rendered":"<p>V\u1edbi nhi\u1ec1u n\u0103m kinh nghi\u1ec7m trong l\u0129nh v\u1ef1c ph\u1ea7n m\u1ec1m nh\u00fang, c\u00e1c k\u1ef9 s\u01b0 c\u1ee7a GBS \u0111\u00e3 ph\u00e1t tri\u1ec3n c\u00e1c [&hellip;]<\/p>\n","protected":false},"featured_media":0,"comment_status":"open","ping_status":"closed","template":"","meta":{"_acf_changed":false,"_uag_custom_page_level_css":"","site-sidebar-layout":"default","site-content-layout":"","ast-site-content-layout":"default","site-content-style":"default","site-sidebar-style":"default","ast-global-header-display":"","ast-banner-title-visibility":"","ast-main-header-display":"","ast-hfb-above-header-display":"","ast-hfb-below-header-display":"","ast-hfb-mobile-header-display":"","site-post-title":"","ast-breadcrumbs-content":"","ast-featured-img":"","footer-sml-layout":"","ast-disable-related-posts":"","theme-transparent-header-meta":"","adv-header-id-meta":"","stick-header-meta":"","header-above-stick-meta":"","header-main-stick-meta":"","header-below-stick-meta":"","astra-migrate-meta-layouts":"default","ast-page-background-enabled":"default","ast-page-background-meta":{"desktop":{"background-color":"var(--ast-global-color-4)","background-image":"","background-repeat":"repeat","background-position":"center center","background-size":"auto","background-attachment":"scroll","background-type":"","background-media":"","overlay-type":"","overlay-color":"","overlay-opacity":"","overlay-gradient":""},"tablet":{"background-color":"","background-image":"","background-repeat":"repeat","background-position":"center center","background-size":"auto","background-attachment":"scroll","background-type":"","background-media":"","overlay-type":"","overlay-color":"","overlay-opacity":"","overlay-gradient":""},"mobile":{"background-color":"","background-image":"","background-repeat":"repeat","background-position":"center center","background-size":"auto","background-attachment":"scroll","background-type":"","background-media":"","overlay-type":"","overlay-color":"","overlay-opacity":"","overlay-gradient":""}},"ast-content-background-meta":{"desktop":{"background-color":"var(--ast-global-color-5)","background-image":"","background-repeat":"repeat","background-position":"center center","background-size":"auto","background-attachment":"scroll","background-type":"","background-media":"","overlay-type":"","overlay-color":"","overlay-opacity":"","overlay-gradient":""},"tablet":{"background-color":"var(--ast-global-color-5)","background-image":"","background-repeat":"repeat","background-position":"center center","background-size":"auto","background-attachment":"scroll","background-type":"","background-media":"","overlay-type":"","overlay-color":"","overlay-opacity":"","overlay-gradient":""},"mobile":{"background-color":"var(--ast-global-color-5)","background-image":"","background-repeat":"repeat","background-position":"center center","background-size":"auto","background-attachment":"scroll","background-type":"","background-media":"","overlay-type":"","overlay-color":"","overlay-opacity":"","overlay-gradient":""}}},"product_brand":[],"product_cat":[31],"product_tag":[],"class_list":{"0":"post-1368","1":"product","2":"type-product","3":"status-publish","5":"product_cat-lap-trinh-nhung","6":"desktop-align-left","7":"tablet-align-left","8":"mobile-align-left","10":"first","11":"instock","12":"shipping-taxable","13":"product-type-simple"},"acf":[],"uagb_featured_image_src":{"full":false,"thumbnail":false,"medium":false,"medium_large":false,"large":false,"1536x1536":false,"2048x2048":false,"trp-custom-language-flag":false,"woocommerce_thumbnail":false,"woocommerce_single":false,"woocommerce_gallery_thumbnail":false},"uagb_author_info":{"display_name":"admin","author_link":"https:\/\/gbs-jsc.com\/en\/author"},"uagb_comment_info":0,"uagb_excerpt":"V\u1edbi nhi\u1ec1u n\u0103m kinh nghi\u1ec7m trong l\u0129nh v\u1ef1c ph\u1ea7n m\u1ec1m nh\u00fang, c\u00e1c k\u1ef9 s\u01b0 c\u1ee7a GBS \u0111\u00e3 ph\u00e1t tri\u1ec3n c\u00e1c [&hellip;]","_links":{"self":[{"href":"https:\/\/gbs-jsc.com\/en\/wp-json\/wp\/v2\/product\/1368","targetHints":{"allow":["GET"]}}],"collection":[{"href":"https:\/\/gbs-jsc.com\/en\/wp-json\/wp\/v2\/product"}],"about":[{"href":"https:\/\/gbs-jsc.com\/en\/wp-json\/wp\/v2\/types\/product"}],"replies":[{"embeddable":true,"href":"https:\/\/gbs-jsc.com\/en\/wp-json\/wp\/v2\/comments?post=1368"}],"wp:attachment":[{"href":"https:\/\/gbs-jsc.com\/en\/wp-json\/wp\/v2\/media?parent=1368"}],"wp:term":[{"taxonomy":"product_brand","embeddable":true,"href":"https:\/\/gbs-jsc.com\/en\/wp-json\/wp\/v2\/product_brand?post=1368"},{"taxonomy":"product_cat","embeddable":true,"href":"https:\/\/gbs-jsc.com\/en\/wp-json\/wp\/v2\/product_cat?post=1368"},{"taxonomy":"product_tag","embeddable":true,"href":"https:\/\/gbs-jsc.com\/en\/wp-json\/wp\/v2\/product_tag?post=1368"}],"curies":[{"name":"wp","href":"https:\/\/api.w.org\/{rel}","templated":true}]}}