{"id":1272,"date":"2026-03-24T14:53:00","date_gmt":"2026-03-24T07:53:00","guid":{"rendered":"http:\/\/dev.gbs-jsc.com\/?page_id=1272"},"modified":"2026-04-05T13:21:43","modified_gmt":"2026-04-05T06:21:43","slug":"tuyen-dung","status":"publish","type":"page","link":"https:\/\/gbs-jsc.com\/en\/tuyen-dung","title":{"rendered":"Recruitment"},"content":{"rendered":"\n<div class=\"wp-block-uagb-container uagb-block-c832201d alignfull uagb-is-root-container\"><div class=\"uagb-container-inner-blocks-wrap\">\n<div class=\"wp-block-uagb-container uagb-block-cb2cd1da\">\n<div class=\"wp-block-uagb-advanced-heading uagb-block-022836bc\"><p class=\"uagb-desc-text\">Tuy\u1ec3n d\u1ee5ng<\/p><h1 class=\"uagb-heading-text\">Gia nh\u1eadp c\u00f9ng <br>ch\u00fang t\u00f4i<\/h1><\/div>\n<\/div>\n<\/div><\/div>\n\n\n\n<div class=\"wp-block-uagb-container uagb-block-7ce211d5 alignfull uagb-is-root-container\"><div class=\"uagb-container-inner-blocks-wrap\">    <div class=\"p-0 md:p-[20px]\">\n        <!-- Search Form -->\n        <div class=\"mb-[40px]\">\n            <form method=\"get\" action=\"\">\n                <div class=\"flex flex-col md:flex-row gap-[15px] flex-wrap\">\n                    <input type=\"text\" name=\"s_job\" value=\"\" placeholder=\"T\u00ecm t\u00ean c\u00f4ng vi\u1ec7c...\" class=\"flex-1 !h-[50px] py-[10px] px-[20px] bg-white border border-[#e1e4e8] !rounded-[20px] text-[1rem] shadow-none transition-colors duration-300 focus:!border-[var(--ast-global-color-0)] focus:outline-none\">\n                    <select name=\"s_salary\" class=\"flex-1 h-[50px] py-[10px] px-[20px] bg-white border border-[#e1e4e8] rounded-[20px] text-[1rem] shadow-none transition-colors duration-300 focus:border-[var(--ast-global-color-0)] focus:outline-none appearance-none\" style=\"background-image: url('data:image\/svg+xml;charset=UTF-8,%3Csvg%20xmlns%3D%22http%3A%2F%2Fwww.w3.org%2F2000%2Fsvg%22%20width%3D%2212%22%20height%3D%2212%22%20viewBox%3D%220%200%2012%2012%22%3E%3Cpath%20fill%3D%22%23555555%22%20d%3D%22M10.293%203.293L6%207.586%201.707%203.293A1%201%200%2000.293%204.707l5%205a1%201%200%20001.414%200l5-5a1%201%200%2010-1.414-1.414z%22%2F%3E%3C%2Fsvg%3E'); background-repeat: no-repeat; background-position: right 20px center;\">\n                        <option value=\"\">T\u1ea5t c\u1ea3 m\u1ee9c l\u01b0\u01a1ng<\/option>\n                        <option value=\"D\u01b0\u1edbi 10 Tri\u1ec7u\" >D\u01b0\u1edbi 10 Tri\u1ec7u<\/option>\n                        <option value=\"10 - 15 Tri\u1ec7u\" >10 - 15 Tri\u1ec7u<\/option>\n                        <option value=\"15 - 20 Tri\u1ec7u\" >15 - 20 Tri\u1ec7u<\/option>\n                        <option value=\"20 - 30 Tri\u1ec7u\" >20 - 30 Tri\u1ec7u<\/option>\n                        <option value=\"Tr\u00ean 30 Tri\u1ec7u\" >Tr\u00ean 30 Tri\u1ec7u<\/option>\n                        <option value=\"Th\u1ecfa thu\u1eadn\" >Th\u1ecfa thu\u1eadn<\/option>\n                    <\/select>\n                    <button type=\"submit\" class=\"w-full md:w-auto h-[50px] flex items-center justify-center bg-[var(--ast-global-color-0)] text-white border-none px-[30px] rounded-[20px] font-bold cursor-pointer transition-all duration-300 hover:bg-[#005bb5] hover:-translate-y-[2px]\">T\u00ecm ki\u1ebfm<\/button>\n                <\/div>\n            <\/form>\n        <\/div>\n\n        <div class=\"grid grid-cols-[repeat(auto-fill,minmax(320px,1fr))] gap-[30px]\">\n                                                <div class=\"recruitment-card bg-white border border-[#e1e4e8] rounded-[20px] p-[30px] relative transition-all duration-[0.3s] ease-[cubic-bezier(0.25,0.8,0.25,1)] hover:shadow-[0_15px_45px_rgba(0,0,0,0.08)] hover:-translate-y-[8px] hover:border-[var(--ast-global-color-0)]\">\n                        <div>\n                            <h3 class=\"m-0 mb-[20px] flex items-start justify-between gap-[10px]\">\n                                <a href=\"https:\/\/gbs-jsc.com\/en\/tuyen-dung\/tuyen-ky-su-dien-tu-tu-dong-hoa-10tr\" class=\"no-underline text-[var(--ast-global-color-0)] text-[1.3rem] md:text-[1.5rem] font-bold leading-[1.3] hover:text-[var(--ast-global-color-1)]\">TUY\u1ec2N K\u1ef8 S\u01af \u0110I\u1ec6N T\u1eec &#8211; T\u1ef0 \u0110\u1ed8NG H\u00d3A (10tr ++)<\/a>\n                                                            <\/h3>\n                        <\/div>\n                        <div>\n                            <div class=\"grid grid-cols-2 gap-x-[20px] gap-y-[10px] mb-[25px]\">\n                                                                                            <\/div>\n                            \n                            \n                            <div class=\"border-t border-[#f1f2f6] pt-[20px]\">\n                                <a href=\"https:\/\/gbs-jsc.com\/en\/tuyen-dung\/tuyen-ky-su-dien-tu-tu-dong-hoa-10tr\" class=\"no-underline text-[var(--ast-global-color-0)] font-bold text-[1.05rem] inline-flex items-center transition-all duration-300 gap-0 hover:gap-[10px] hover:text-[var(--ast-global-color-1)]\">Xem chi ti\u1ebft &rarr;<\/a>\n                            <\/div>\n                        <\/div>\n                    <\/div>\n                                    <div class=\"recruitment-card bg-white border border-[#e1e4e8] rounded-[20px] p-[30px] relative transition-all duration-[0.3s] ease-[cubic-bezier(0.25,0.8,0.25,1)] hover:shadow-[0_15px_45px_rgba(0,0,0,0.08)] hover:-translate-y-[8px] hover:border-[var(--ast-global-color-0)]\">\n                        <div>\n                            <h3 class=\"m-0 mb-[20px] flex items-start justify-between gap-[10px]\">\n                                <a href=\"https:\/\/gbs-jsc.com\/en\/tuyen-dung\/it-support-10tr\" class=\"no-underline text-[var(--ast-global-color-0)] text-[1.3rem] md:text-[1.5rem] font-bold leading-[1.3] hover:text-[var(--ast-global-color-1)]\">Tuy\u1ec3n IT SUPPORT 10tr++<\/a>\n                                                            <\/h3>\n                        <\/div>\n                        <div>\n                            <div class=\"grid grid-cols-2 gap-x-[20px] gap-y-[10px] mb-[25px]\">\n                                                                                            <\/div>\n                            \n                            \n                            <div class=\"border-t border-[#f1f2f6] pt-[20px]\">\n                                <a href=\"https:\/\/gbs-jsc.com\/en\/tuyen-dung\/it-support-10tr\" class=\"no-underline text-[var(--ast-global-color-0)] font-bold text-[1.05rem] inline-flex items-center transition-all duration-300 gap-0 hover:gap-[10px] hover:text-[var(--ast-global-color-1)]\">Xem chi ti\u1ebft &rarr;<\/a>\n                            <\/div>\n                        <\/div>\n                    <\/div>\n                                    <div class=\"recruitment-card bg-white border border-[#e1e4e8] rounded-[20px] p-[30px] relative transition-all duration-[0.3s] ease-[cubic-bezier(0.25,0.8,0.25,1)] hover:shadow-[0_15px_45px_rgba(0,0,0,0.08)] hover:-translate-y-[8px] hover:border-[var(--ast-global-color-0)]\">\n                        <div>\n                            <h3 class=\"m-0 mb-[20px] flex items-start justify-between gap-[10px]\">\n                                <a href=\"https:\/\/gbs-jsc.com\/en\/tuyen-dung\/embedded-software-engineer-20tr\" class=\"no-underline text-[var(--ast-global-color-0)] text-[1.3rem] md:text-[1.5rem] font-bold leading-[1.3] hover:text-[var(--ast-global-color-1)]\">Embedded Software Engineer  (20tr ++)<\/a>\n                                                            <\/h3>\n                        <\/div>\n                        <div>\n                            <div class=\"grid grid-cols-2 gap-x-[20px] gap-y-[10px] mb-[25px]\">\n                                                                                            <\/div>\n                            \n                            \n                            <div class=\"border-t border-[#f1f2f6] pt-[20px]\">\n                                <a href=\"https:\/\/gbs-jsc.com\/en\/tuyen-dung\/embedded-software-engineer-20tr\" class=\"no-underline text-[var(--ast-global-color-0)] font-bold text-[1.05rem] inline-flex items-center transition-all duration-300 gap-0 hover:gap-[10px] hover:text-[var(--ast-global-color-1)]\">Xem chi ti\u1ebft &rarr;<\/a>\n                            <\/div>\n                        <\/div>\n                    <\/div>\n                                    <div class=\"recruitment-card bg-white border border-[#e1e4e8] rounded-[20px] p-[30px] relative transition-all duration-[0.3s] ease-[cubic-bezier(0.25,0.8,0.25,1)] hover:shadow-[0_15px_45px_rgba(0,0,0,0.08)] hover:-translate-y-[8px] hover:border-[var(--ast-global-color-0)]\">\n                        <div>\n                            <h3 class=\"m-0 mb-[20px] flex items-start justify-between gap-[10px]\">\n                                <a href=\"https:\/\/gbs-jsc.com\/en\/tuyen-dung\/tuyen-vi-tri-nhan-vien-ban-hang\" class=\"no-underline text-[var(--ast-global-color-0)] text-[1.3rem] md:text-[1.5rem] font-bold leading-[1.3] hover:text-[var(--ast-global-color-1)]\">Tuy\u1ec3n v\u1ecb tr\u00ed nh\u00e2n vi\u00ean b\u00e1n h\u00e0ng<\/a>\n                                                            <\/h3>\n                        <\/div>\n                        <div>\n                            <div class=\"grid grid-cols-2 gap-x-[20px] gap-y-[10px] mb-[25px]\">\n                                                                                            <\/div>\n                            \n                            \n                            <div class=\"border-t border-[#f1f2f6] pt-[20px]\">\n                                <a href=\"https:\/\/gbs-jsc.com\/en\/tuyen-dung\/tuyen-vi-tri-nhan-vien-ban-hang\" class=\"no-underline text-[var(--ast-global-color-0)] font-bold text-[1.05rem] inline-flex items-center transition-all duration-300 gap-0 hover:gap-[10px] hover:text-[var(--ast-global-color-1)]\">Xem chi ti\u1ebft &rarr;<\/a>\n                            <\/div>\n                        <\/div>\n                    <\/div>\n                                    <div class=\"recruitment-card bg-white border border-[#e1e4e8] rounded-[20px] p-[30px] relative transition-all duration-[0.3s] ease-[cubic-bezier(0.25,0.8,0.25,1)] hover:shadow-[0_15px_45px_rgba(0,0,0,0.08)] hover:-translate-y-[8px] hover:border-[var(--ast-global-color-0)]\">\n                        <div>\n                            <h3 class=\"m-0 mb-[20px] flex items-start justify-between gap-[10px]\">\n                                <a href=\"https:\/\/gbs-jsc.com\/en\/tuyen-dung\/tuyen-vi-tri-test-leader\" class=\"no-underline text-[var(--ast-global-color-0)] text-[1.3rem] md:text-[1.5rem] font-bold leading-[1.3] hover:text-[var(--ast-global-color-1)]\">Tuy\u1ec3n v\u1ecb tr\u00ed Test Leader<\/a>\n                                                            <\/h3>\n                        <\/div>\n                        <div>\n                            <div class=\"grid grid-cols-2 gap-x-[20px] gap-y-[10px] mb-[25px]\">\n                                                                                            <\/div>\n                            \n                            \n                            <div class=\"border-t border-[#f1f2f6] pt-[20px]\">\n                                <a href=\"https:\/\/gbs-jsc.com\/en\/tuyen-dung\/tuyen-vi-tri-test-leader\" class=\"no-underline text-[var(--ast-global-color-0)] font-bold text-[1.05rem] inline-flex items-center transition-all duration-300 gap-0 hover:gap-[10px] hover:text-[var(--ast-global-color-1)]\">Xem chi ti\u1ebft &rarr;<\/a>\n                            <\/div>\n                        <\/div>\n                    <\/div>\n                                    <div class=\"recruitment-card bg-white border border-[#e1e4e8] rounded-[20px] p-[30px] relative transition-all duration-[0.3s] ease-[cubic-bezier(0.25,0.8,0.25,1)] hover:shadow-[0_15px_45px_rgba(0,0,0,0.08)] hover:-translate-y-[8px] hover:border-[var(--ast-global-color-0)]\">\n                        <div>\n                            <h3 class=\"m-0 mb-[20px] flex items-start justify-between gap-[10px]\">\n                                <a href=\"https:\/\/gbs-jsc.com\/en\/tuyen-dung\/tuyen-vi-tri-embedded-software-developers-cc-22012015\" class=\"no-underline text-[var(--ast-global-color-0)] text-[1.3rem] md:text-[1.5rem] font-bold leading-[1.3] hover:text-[var(--ast-global-color-1)]\">Tuy\u1ec3n v\u1ecb tr\u00ed Embedded Software Developers C\/C++ (22\/01\/2015)<\/a>\n                                                            <\/h3>\n                        <\/div>\n                        <div>\n                            <div class=\"grid grid-cols-2 gap-x-[20px] gap-y-[10px] mb-[25px]\">\n                                                                                            <\/div>\n                            \n                            \n                            <div class=\"border-t border-[#f1f2f6] pt-[20px]\">\n                                <a href=\"https:\/\/gbs-jsc.com\/en\/tuyen-dung\/tuyen-vi-tri-embedded-software-developers-cc-22012015\" class=\"no-underline text-[var(--ast-global-color-0)] font-bold text-[1.05rem] inline-flex items-center transition-all duration-300 gap-0 hover:gap-[10px] hover:text-[var(--ast-global-color-1)]\">Xem chi ti\u1ebft &rarr;<\/a>\n                            <\/div>\n                        <\/div>\n                    <\/div>\n                                    <div class=\"recruitment-card bg-white border border-[#e1e4e8] rounded-[20px] p-[30px] relative transition-all duration-[0.3s] ease-[cubic-bezier(0.25,0.8,0.25,1)] hover:shadow-[0_15px_45px_rgba(0,0,0,0.08)] hover:-translate-y-[8px] hover:border-[var(--ast-global-color-0)]\">\n                        <div>\n                            <h3 class=\"m-0 mb-[20px] flex items-start justify-between gap-[10px]\">\n                                <a href=\"https:\/\/gbs-jsc.com\/en\/tuyen-dung\/tuyen-vi-tri-ky-su-dien-tu-22012015\" class=\"no-underline text-[var(--ast-global-color-0)] text-[1.3rem] md:text-[1.5rem] font-bold leading-[1.3] hover:text-[var(--ast-global-color-1)]\">Tuy\u1ec3n v\u1ecb tr\u00ed K\u1ef9 s\u01b0 \u0110i\u1ec7n T\u1eed (22\/01\/2015)<\/a>\n                                                            <\/h3>\n                        <\/div>\n                        <div>\n                            <div class=\"grid grid-cols-2 gap-x-[20px] gap-y-[10px] mb-[25px]\">\n                                                                                            <\/div>\n                            \n                            \n                            <div class=\"border-t border-[#f1f2f6] pt-[20px]\">\n                                <a href=\"https:\/\/gbs-jsc.com\/en\/tuyen-dung\/tuyen-vi-tri-ky-su-dien-tu-22012015\" class=\"no-underline text-[var(--ast-global-color-0)] font-bold text-[1.05rem] inline-flex items-center transition-all duration-300 gap-0 hover:gap-[10px] hover:text-[var(--ast-global-color-1)]\">Xem chi ti\u1ebft &rarr;<\/a>\n                            <\/div>\n                        <\/div>\n                    <\/div>\n                                    <\/div>\n        \n        \n    <\/div>\n    \n<\/div><\/div>\n","protected":false},"excerpt":{"rendered":"<p>Tuy\u1ec3n d\u1ee5ng Gia nh\u1eadp c\u00f9ng ch\u00fang t\u00f4i<\/p>","protected":false},"author":1,"featured_media":0,"parent":0,"menu_order":0,"comment_status":"closed","ping_status":"closed","template":"","meta":{"_acf_changed":false,"_uag_custom_page_level_css":"","site-sidebar-layout":"default","site-content-layout":"","ast-site-content-layout":"default","site-content-style":"default","site-sidebar-style":"default","ast-global-header-display":"","ast-banner-title-visibility":"","ast-main-header-display":"","ast-hfb-above-header-display":"","ast-hfb-below-header-display":"","ast-hfb-mobile-header-display":"","site-post-title":"disabled","ast-breadcrumbs-content":"","ast-featured-img":"","footer-sml-layout":"","ast-disable-related-posts":"","theme-transparent-header-meta":"","adv-header-id-meta":"","stick-header-meta":"","header-above-stick-meta":"","header-main-stick-meta":"","header-below-stick-meta":"","astra-migrate-meta-layouts":"default","ast-page-background-enabled":"default","ast-page-background-meta":{"desktop":{"background-color":"var(--ast-global-color-4)","background-image":"","background-repeat":"repeat","background-position":"center center","background-size":"auto","background-attachment":"scroll","background-type":"","background-media":"","overlay-type":"","overlay-color":"","overlay-opacity":"","overlay-gradient":""},"tablet":{"background-color":"","background-image":"","background-repeat":"repeat","background-position":"center center","background-size":"auto","background-attachment":"scroll","background-type":"","background-media":"","overlay-type":"","overlay-color":"","overlay-opacity":"","overlay-gradient":""},"mobile":{"background-color":"","background-image":"","background-repeat":"repeat","background-position":"center center","background-size":"auto","background-attachment":"scroll","background-type":"","background-media":"","overlay-type":"","overlay-color":"","overlay-opacity":"","overlay-gradient":""}},"ast-content-background-meta":{"desktop":{"background-color":"var(--ast-global-color-5)","background-image":"","background-repeat":"repeat","background-position":"center center","background-size":"auto","background-attachment":"scroll","background-type":"","background-media":"","overlay-type":"","overlay-color":"","overlay-opacity":"","overlay-gradient":""},"tablet":{"background-color":"var(--ast-global-color-5)","background-image":"","background-repeat":"repeat","background-position":"center center","background-size":"auto","background-attachment":"scroll","background-type":"","background-media":"","overlay-type":"","overlay-color":"","overlay-opacity":"","overlay-gradient":""},"mobile":{"background-color":"var(--ast-global-color-5)","background-image":"","background-repeat":"repeat","background-position":"center center","background-size":"auto","background-attachment":"scroll","background-type":"","background-media":"","overlay-type":"","overlay-color":"","overlay-opacity":"","overlay-gradient":""}},"footnotes":""},"class_list":["post-1272","page","type-page","status-publish","hentry"],"acf":[],"uagb_featured_image_src":{"full":false,"thumbnail":false,"medium":false,"medium_large":false,"large":false,"1536x1536":false,"2048x2048":false,"trp-custom-language-flag":false,"woocommerce_thumbnail":false,"woocommerce_single":false,"woocommerce_gallery_thumbnail":false},"uagb_author_info":{"display_name":"admin","author_link":"https:\/\/gbs-jsc.com\/en\/author\/admin"},"uagb_comment_info":0,"uagb_excerpt":"Tuy\u1ec3n d\u1ee5ng Gia nh\u1eadp c\u00f9ng ch\u00fang t\u00f4i","_links":{"self":[{"href":"https:\/\/gbs-jsc.com\/en\/wp-json\/wp\/v2\/pages\/1272","targetHints":{"allow":["GET"]}}],"collection":[{"href":"https:\/\/gbs-jsc.com\/en\/wp-json\/wp\/v2\/pages"}],"about":[{"href":"https:\/\/gbs-jsc.com\/en\/wp-json\/wp\/v2\/types\/page"}],"author":[{"embeddable":true,"href":"https:\/\/gbs-jsc.com\/en\/wp-json\/wp\/v2\/users\/1"}],"replies":[{"embeddable":true,"href":"https:\/\/gbs-jsc.com\/en\/wp-json\/wp\/v2\/comments?post=1272"}],"version-history":[{"count":8,"href":"https:\/\/gbs-jsc.com\/en\/wp-json\/wp\/v2\/pages\/1272\/revisions"}],"predecessor-version":[{"id":1640,"href":"https:\/\/gbs-jsc.com\/en\/wp-json\/wp\/v2\/pages\/1272\/revisions\/1640"}],"wp:attachment":[{"href":"https:\/\/gbs-jsc.com\/en\/wp-json\/wp\/v2\/media?parent=1272"}],"curies":[{"name":"wp","href":"https:\/\/api.w.org\/{rel}","templated":true}]}}